{"id":27831,"date":"2025-04-28T19:54:24","date_gmt":"2025-04-28T17:54:24","guid":{"rendered":"https:\/\/www.juescha.de\/shop\/unkategorisiert\/business-laptop-trolley-star\/"},"modified":"2026-01-21T08:48:49","modified_gmt":"2026-01-21T07:48:49","slug":"business-laptop-trolley-star","status":"publish","type":"product","link":"https:\/\/www.juescha.de\/de_de\/shop\/lightpak\/business-laptop-trolley-star\/","title":{"rendered":"Business Laptop Trolley STAR"},"content":{"rendered":"<h1>Business Laptop Trolley STAR<\/h1>\n<p>Vier 360\u00b0 Leichtlauf-Rollen, Trolleyband, arretierbares Teleskoptrolleysystem, F\u00e4cherfach mit drei Unterteilungen im A4-Format, Hauptfach mit gepolstertem Laptopfach, Organizerfach inkl. einem Einsteckfach, inkl. MP3-Player-Fach mit Kopfh\u00f6rerausgang, drei Schreibger\u00e4teschlaufen und drei Visitenkartenf\u00e4chern, Rei\u00dfverschlussvorfach, Au\u00dfentasche f\u00fcr Regenschirm oder Getr\u00e4nke, verdecktes Adressfeld auf der R\u00fcckseite, Trolleyband.<br \/>\nDer Business Laptop Trolley Star von Lightpak in der Farbe Schwarz ist ein \u00e4u\u00dferst praktischer und stilvoller Begleiter f\u00fcr Gesch\u00e4ftsreisende und Berufspendler. Das moderne Design des Trolleys zeichnet sich durch eine klare Linienf\u00fchrung und eine robuste Verarbeitung aus. Die Au\u00dfenseite des Trolleys besteht aus strapazierf\u00e4higem 1680D Nylon. Auf der Vorderseite befindet sich eine gro\u00dfe Rei\u00dfverschlusstasche, in der wichtige Unterlagen und Dokumente sicher verstaut werden k\u00f6nnen. Im Inneren des Trolleys befindet sich ein ger\u00e4umiges Hauptfach, das gen\u00fcgend Platz f\u00fcr einen Laptop bis zu 15 Zoll sowie f\u00fcr weitere Arbeitsutensilien wie Ordner, Stifte und Notizbl\u00f6cke bietet. Der Business Laptop Trolley Star ist mit einem robusten Trolleysystem ausgestattet, der sich bequem in der H\u00f6he verstellen l\u00e4sst. Die beiden leichtg\u00e4ngigen Rollen sorgen f\u00fcr ein angenehmes und komfortables Rollen des Trolleys. Alternativ kann der Trolley auch bequem an demTragegriff transportiert werden. Zusammenfassend ist der Business Laptop Trolley Star von Lightpak eine hervorragende Wahl f\u00fcr alle, die viel unterwegs sind und Wert auf eine hochwertige, robuste und zugleich stilvolle Business-Tasche legen.<\/p>\n","protected":false},"excerpt":{"rendered":"<ul>\n<li>Gepolstertes Laptopfach<\/li>\n<li>Organizer mit MP3-Fach<\/li>\n<li>360\u00b0 Rollen &#038; Teleskopgriff<\/li>\n<li>Seitentasche f\u00fcr Flasche<\/li>\n<\/ul>\n","protected":false},"featured_media":11108,"template":"","meta":{"inline_featured_image":false},"product_brand":[],"product_cat":[1655],"product_tag":[],"class_list":{"0":"post-27831","1":"product","2":"type-product","3":"status-publish","4":"has-post-thumbnail","6":"product_cat-lightpak","8":"first","9":"instock","10":"shipping-taxable","11":"purchasable","12":"product-type-simple"},"_links":{"self":[{"href":"https:\/\/www.juescha.de\/de_de\/wp-json\/wp\/v2\/product\/27831","targetHints":{"allow":["GET"]}}],"collection":[{"href":"https:\/\/www.juescha.de\/de_de\/wp-json\/wp\/v2\/product"}],"about":[{"href":"https:\/\/www.juescha.de\/de_de\/wp-json\/wp\/v2\/types\/product"}],"version-history":[{"count":1,"href":"https:\/\/www.juescha.de\/de_de\/wp-json\/wp\/v2\/product\/27831\/revisions"}],"predecessor-version":[{"id":30301,"href":"https:\/\/www.juescha.de\/de_de\/wp-json\/wp\/v2\/product\/27831\/revisions\/30301"}],"wp:featuredmedia":[{"embeddable":true,"href":"https:\/\/www.juescha.de\/de_de\/wp-json\/wp\/v2\/media\/11108"}],"wp:attachment":[{"href":"https:\/\/www.juescha.de\/de_de\/wp-json\/wp\/v2\/media?parent=27831"}],"wp:term":[{"taxonomy":"product_brand","embeddable":true,"href":"https:\/\/www.juescha.de\/de_de\/wp-json\/wp\/v2\/product_brand?post=27831"},{"taxonomy":"product_cat","embeddable":true,"href":"https:\/\/www.juescha.de\/de_de\/wp-json\/wp\/v2\/product_cat?post=27831"},{"taxonomy":"product_tag","embeddable":true,"href":"https:\/\/www.juescha.de\/de_de\/wp-json\/wp\/v2\/product_tag?post=27831"}],"curies":[{"name":"wp","href":"https:\/\/api.w.org\/{rel}","templated":true}]}}