{"id":27830,"date":"2025-04-28T19:54:23","date_gmt":"2025-04-28T17:54:23","guid":{"rendered":"https:\/\/www.juescha.de\/shop\/unkategorisiert\/executive-line-laptop-rucksack-echo-1\/"},"modified":"2026-01-21T08:48:50","modified_gmt":"2026-01-21T07:48:50","slug":"executive-line-laptop-rucksack-echo-1","status":"publish","type":"product","link":"https:\/\/www.juescha.de\/de_de\/shop\/lightpak\/executive-line-laptop-rucksack-echo-1\/","title":{"rendered":"&#8220;Executive Line&#8221; Laptop Rucksack ECHO 1"},"content":{"rendered":"<h1>&#8220;Executive Line&#8221; Laptop Rucksack ECHO 1<\/h1>\n<p>Seitliches Laptopfach mit Rei\u00dfverschluss, gepolsterter R\u00fccken, gepolsterte, gr\u00f6\u00dfenverstellbare Schultergurte, Trolleyband, Einsteckf\u00e4cher vorn und an der Seite. Innen: Gro\u00dfes Hauptfach mit F\u00e4chereinteilung, Orgaf\u00e4chern und Rei\u00dfverschlussnetzfach, zwei Visitenkartenf\u00e4cher, Handyfach, drei Stiftschlaufen, weiteres, unterteiltes Hauptfach f\u00fcr A4-Unterlagen.<br \/>\nDer Executive Line Laptop Rucksack Echo 1 in Schwarz von Lightpak ist eine stilvolle und praktische Wahl f\u00fcr Gesch\u00e4ftsleute und Reisende. Der Rucksack bietet ausreichend Platz f\u00fcr einen Laptop bis zu 15 Zoll sowie f\u00fcr andere wichtige Dokumente und Utensilien. Der Rucksack ist aus strapazierf\u00e4higem 1680D Nylon gefertigt und verf\u00fcgt \u00fcber eine gepolsterte R\u00fcckwand und gr\u00f6\u00dfenverstellbare Schultergurte f\u00fcr maximalen Komfort. Der Executive Line Laptop Rucksack Echo 1 ist mit einer Vielzahl von Taschen und F\u00e4chern ausgestattet, um Ihre Utensilien organisiert und leicht zug\u00e4nglich zu halten. Eine gro\u00dfz\u00fcgige Fronttasche bietet Platz f\u00fcr kleinere Gegenst\u00e4nde wie Schl\u00fcssel, Handy und Stifte. Eine zus\u00e4tzliche Seitentasche mit Rei\u00dfverschluss erm\u00f6glicht es Ihnen, Ihre Wasserflasche oder andere Dinge aufzubewahren, die Sie schnell griffbereit haben m\u00f6chten. Insgesamt ist der Executive Line Laptop Rucksack Echo 1 von Lightpak eine elegante und funktionale L\u00f6sung f\u00fcr Gesch\u00e4ftsleute und Reisende, die ihren Laptop und ihre Unterlagen sicher und organisiert aufbewahren m\u00f6chten.<\/p>\n","protected":false},"excerpt":{"rendered":"<ul>\n<li>Seitliches Laptopfach (gepolstert)<\/li>\n<li>Ger\u00e4umiges Hauptfach mit Orga-F\u00e4chern<\/li>\n<li>Bequeme R\u00fcckenpolsterung &#038; Schultergurte<\/li>\n<li>Mit Trolleyband &#038; Zusatzf\u00e4chern<\/li>\n<\/ul>\n","protected":false},"featured_media":11104,"template":"","meta":{"inline_featured_image":false},"product_brand":[],"product_cat":[1655],"product_tag":[],"class_list":{"0":"post-27830","1":"product","2":"type-product","3":"status-publish","4":"has-post-thumbnail","6":"product_cat-lightpak","8":"first","9":"instock","10":"shipping-taxable","11":"purchasable","12":"product-type-simple"},"_links":{"self":[{"href":"https:\/\/www.juescha.de\/de_de\/wp-json\/wp\/v2\/product\/27830","targetHints":{"allow":["GET"]}}],"collection":[{"href":"https:\/\/www.juescha.de\/de_de\/wp-json\/wp\/v2\/product"}],"about":[{"href":"https:\/\/www.juescha.de\/de_de\/wp-json\/wp\/v2\/types\/product"}],"version-history":[{"count":0,"href":"https:\/\/www.juescha.de\/de_de\/wp-json\/wp\/v2\/product\/27830\/revisions"}],"wp:featuredmedia":[{"embeddable":true,"href":"https:\/\/www.juescha.de\/de_de\/wp-json\/wp\/v2\/media\/11104"}],"wp:attachment":[{"href":"https:\/\/www.juescha.de\/de_de\/wp-json\/wp\/v2\/media?parent=27830"}],"wp:term":[{"taxonomy":"product_brand","embeddable":true,"href":"https:\/\/www.juescha.de\/de_de\/wp-json\/wp\/v2\/product_brand?post=27830"},{"taxonomy":"product_cat","embeddable":true,"href":"https:\/\/www.juescha.de\/de_de\/wp-json\/wp\/v2\/product_cat?post=27830"},{"taxonomy":"product_tag","embeddable":true,"href":"https:\/\/www.juescha.de\/de_de\/wp-json\/wp\/v2\/product_tag?post=27830"}],"curies":[{"name":"wp","href":"https:\/\/api.w.org\/{rel}","templated":true}]}}