{"id":27829,"date":"2025-04-28T19:54:23","date_gmt":"2025-04-28T17:54:23","guid":{"rendered":"https:\/\/www.juescha.de\/shop\/unkategorisiert\/executive-line-business-trolley-bravo-1\/"},"modified":"2026-01-21T08:48:50","modified_gmt":"2026-01-21T07:48:50","slug":"executive-line-business-trolley-bravo-1","status":"publish","type":"product","link":"https:\/\/www.juescha.de\/de_de\/shop\/lightpak\/executive-line-business-trolley-bravo-1\/","title":{"rendered":"\u201eExecutive Line\u201c Business Trolley BRAVO 1"},"content":{"rendered":"<h1>\u201eExecutive Line\u201c Business Trolley BRAVO 1<\/h1>\n<p>Vollst\u00e4ndig versenkbares, arretierbares Trolleysystem, ergonomischer Tragegriff, Pr\u00e4zisionslaufrollen. Innen: Hauptfach mit herausnehmbarem gepolstertem Laptopfach und Platz f\u00fcr Ordner und Dokumente, F\u00e4cherfach mit drei F\u00e4chern f\u00fcr A4 Dokumente, Rei\u00dfverschlussfach mit Organizerteil mit vier Stiftschlaufen, f\u00fcnf Visitenkartenf\u00e4chern, Netzfach, zwei Einschubf\u00e4chern, Karabiner, Rei\u00dfverschlussfach, zweites Hauptfach mit zwei Packgurten, Rei\u00dfverschlussvorfach, Trolleyband.<br \/>\nDer Executive Line Business Trolley Bravo 1 in schwarz von Lightpak ist ein hochwertiger Business-Trolley, der speziell f\u00fcr Gesch\u00e4ftsreisende entwickelt wurde. Der Trolley ist aus robustem 1680D Nylon gefertigt und verf\u00fcgt \u00fcber ein ger\u00e4umiges Hauptfach, in dem sich ein gepolstertes Laptopfach sowie weitere F\u00e4cher f\u00fcr Dokumente, Stifte und Visitenkarten befinden. Der Trolley hat eine Gr\u00f6\u00dfe von 37 x 40 x 24 cm, was ihn zu einem idealen Begleiter f\u00fcr Kurztrips oder Gesch\u00e4ftsreisen macht. Die Innenf\u00e4cher sind gut durchdacht und bieten ausreichend Platz f\u00fcr alle wichtigen Gegenst\u00e4nde, die auf Reisen ben\u00f6tigt werden. Das Hauptfach des Trolleys kann sicher und bequem mit einem Rei\u00dfverschluss ge\u00f6ffnet und verschlossen werden. Der Trolley verf\u00fcgt au\u00dferdem \u00fcber eine praktische Vortasche mit Rei\u00dfverschluss, die f\u00fcr zus\u00e4tzlichen Stauraum sorgt. Die R\u00e4der des Trolleys sind robust und leise, was den Transport angenehm macht. Der ausziehbare Griff des Trolleys ist ebenfalls sehr stabil und kann einfach in der H\u00f6he verstellt werden. Zus\u00e4tzlich gibt es noch einen Tragegriff, der ein bequemes Tragen erm\u00f6glicht. Insgesamt ist der Executive Line Business Trolley Bravo 1 von Lightpak ein hochwertiger und durchdachter Business-Trolley, der alle wichtigen Funktionen bietet, die auf Gesch\u00e4ftsreisen ben\u00f6tigt werden. Er ist robust, ger\u00e4umig und leicht zu transportieren, was ihn zu einem idealen Begleiter f\u00fcr Gesch\u00e4ftsreisende macht.<\/p>\n","protected":false},"excerpt":{"rendered":"<ul>\n<li>Gepolstertes Laptopfach (herausnehmbar)<\/li>\n<li>Zwei Hauptf\u00e4cher f\u00fcr Laptop &#038; Kleidung<\/li>\n<li>Organizer mit Stift- und Kartenf\u00e4chern<\/li>\n<li>Leichtlaufrollen &#038; arretierbares Trolleysystem<\/li>\n<\/ul>\n","protected":false},"featured_media":11101,"template":"","meta":{"inline_featured_image":false},"product_brand":[],"product_cat":[1655],"product_tag":[],"class_list":{"0":"post-27829","1":"product","2":"type-product","3":"status-publish","4":"has-post-thumbnail","6":"product_cat-lightpak","8":"first","9":"instock","10":"shipping-taxable","11":"purchasable","12":"product-type-simple"},"_links":{"self":[{"href":"https:\/\/www.juescha.de\/de_de\/wp-json\/wp\/v2\/product\/27829","targetHints":{"allow":["GET"]}}],"collection":[{"href":"https:\/\/www.juescha.de\/de_de\/wp-json\/wp\/v2\/product"}],"about":[{"href":"https:\/\/www.juescha.de\/de_de\/wp-json\/wp\/v2\/types\/product"}],"version-history":[{"count":0,"href":"https:\/\/www.juescha.de\/de_de\/wp-json\/wp\/v2\/product\/27829\/revisions"}],"wp:featuredmedia":[{"embeddable":true,"href":"https:\/\/www.juescha.de\/de_de\/wp-json\/wp\/v2\/media\/11101"}],"wp:attachment":[{"href":"https:\/\/www.juescha.de\/de_de\/wp-json\/wp\/v2\/media?parent=27829"}],"wp:term":[{"taxonomy":"product_brand","embeddable":true,"href":"https:\/\/www.juescha.de\/de_de\/wp-json\/wp\/v2\/product_brand?post=27829"},{"taxonomy":"product_cat","embeddable":true,"href":"https:\/\/www.juescha.de\/de_de\/wp-json\/wp\/v2\/product_cat?post=27829"},{"taxonomy":"product_tag","embeddable":true,"href":"https:\/\/www.juescha.de\/de_de\/wp-json\/wp\/v2\/product_tag?post=27829"}],"curies":[{"name":"wp","href":"https:\/\/api.w.org\/{rel}","templated":true}]}}