{"id":27828,"date":"2025-04-28T19:54:23","date_gmt":"2025-04-28T17:54:23","guid":{"rendered":"https:\/\/www.juescha.de\/shop\/unkategorisiert\/business-laptop-trolley-sky\/"},"modified":"2026-01-21T08:48:49","modified_gmt":"2026-01-21T07:48:49","slug":"business-laptop-trolley-sky","status":"publish","type":"product","link":"https:\/\/www.juescha.de\/de_de\/shop\/lightpak\/business-laptop-trolley-sky\/","title":{"rendered":"Business Laptop Trolley SKY"},"content":{"rendered":"<h1>Business Laptop Trolley SKY<\/h1>\n<p>Arretierbares Teleskoptrolleysystem, F\u00e4cherfach mit zwei Unterteilungen im A4-Format, Hauptfach mit gepolstertem Laptopfach, Rei\u00dfverschlussfach mit Organizerteil (drei Stifteschlaufen, drei Visitenkartenf\u00e4cher, Netzfach, ein Einschubfach, ein Rei\u00dfverschlussfach), Rei\u00dfverschlussvorfach, Au\u00dfentasche f\u00fcr Regenschirm oder Getr\u00e4nke, Trolleyband.<br \/>\nDer Business Laptop Trolley Sky in schwarz von Lightpak ist ein hochwertiger Trolley, der speziell f\u00fcr den Einsatz im gesch\u00e4ftlichen Bereich entwickelt wurde. Mit seiner edlen Optik und seiner praktischen Funktionalit\u00e4t ist dieser Trolley ein idealer Begleiter f\u00fcr Gesch\u00e4ftsreisen und Meetings. Das Design des Trolleys ist schlicht und elegant gehalten. Die Au\u00dfenseite des Trolleys besteht aus strapazierf\u00e4higem 1680D Nylon, das pflegeleicht ist. Der Innenraum des Trolleys ist mit einem gepolsterten Fach f\u00fcr Laptops bis zu 17 Zoll ausgestattet. Hierdurch ist der Laptop optimal gesch\u00fctzt und kann sicher transportiert werden. Des Weiteren verf\u00fcgt der Trolley \u00fcber zahlreiche F\u00e4cher und Taschen, die viel Platz f\u00fcr weitere Gesch\u00e4ftsunterlagen und Accessoires bieten. Der Business Laptop Trolley Sky ist mit einem vollst\u00e4ndig versenkbaren Trolleysystem und leichtlaufenden Rollen ausgestattet, was ein m\u00fcheloses und komfortables Reisen erm\u00f6glicht. Der Trolley verf\u00fcgt zudem \u00fcber eine Trolley-Aufsteckfunktion, die es erm\u00f6glicht, den Trolley auf einem Koffer zu befestigen und so das Reisen noch komfortabler zu gestalten. Der Trolley wird als idealer Begleiter f\u00fcr Gesch\u00e4ftsreisen und Meetings empfohlen.<\/p>\n","protected":false},"excerpt":{"rendered":"<ul>\n<li>Gepolstertes Laptopfach f\u00fcr Ger\u00e4te bis 17&#8243;<\/li>\n<li>Organizerfach mit Stifte-, Karten- &#038; Netzf\u00e4chern<\/li>\n<li>Arretierbares Trolleysystem &#038; leichtlaufende Rollen<\/li>\n<li>Seitentasche f\u00fcr Regenschirm\/Flasche &#038; Trolleyband<\/li>\n<\/ul>\n","protected":false},"featured_media":11098,"template":"","meta":{"inline_featured_image":false},"product_brand":[],"product_cat":[1655],"product_tag":[],"class_list":{"0":"post-27828","1":"product","2":"type-product","3":"status-publish","4":"has-post-thumbnail","6":"product_cat-lightpak","8":"first","9":"instock","10":"shipping-taxable","11":"purchasable","12":"product-type-simple"},"_links":{"self":[{"href":"https:\/\/www.juescha.de\/de_de\/wp-json\/wp\/v2\/product\/27828","targetHints":{"allow":["GET"]}}],"collection":[{"href":"https:\/\/www.juescha.de\/de_de\/wp-json\/wp\/v2\/product"}],"about":[{"href":"https:\/\/www.juescha.de\/de_de\/wp-json\/wp\/v2\/types\/product"}],"version-history":[{"count":0,"href":"https:\/\/www.juescha.de\/de_de\/wp-json\/wp\/v2\/product\/27828\/revisions"}],"wp:featuredmedia":[{"embeddable":true,"href":"https:\/\/www.juescha.de\/de_de\/wp-json\/wp\/v2\/media\/11098"}],"wp:attachment":[{"href":"https:\/\/www.juescha.de\/de_de\/wp-json\/wp\/v2\/media?parent=27828"}],"wp:term":[{"taxonomy":"product_brand","embeddable":true,"href":"https:\/\/www.juescha.de\/de_de\/wp-json\/wp\/v2\/product_brand?post=27828"},{"taxonomy":"product_cat","embeddable":true,"href":"https:\/\/www.juescha.de\/de_de\/wp-json\/wp\/v2\/product_cat?post=27828"},{"taxonomy":"product_tag","embeddable":true,"href":"https:\/\/www.juescha.de\/de_de\/wp-json\/wp\/v2\/product_tag?post=27828"}],"curies":[{"name":"wp","href":"https:\/\/api.w.org\/{rel}","templated":true}]}}