{"id":27827,"date":"2025-04-28T19:54:23","date_gmt":"2025-04-28T17:54:23","guid":{"rendered":"https:\/\/www.juescha.de\/shop\/unkategorisiert\/rucksack-safebag-2\/"},"modified":"2026-01-21T08:48:42","modified_gmt":"2026-01-21T07:48:42","slug":"rucksack-safebag-2","status":"publish","type":"product","link":"https:\/\/www.juescha.de\/de_de\/shop\/lightpak\/rucksack-safebag-2\/","title":{"rendered":"Rucksack SAFEBAG"},"content":{"rendered":"<h1>Rucksack SAFEBAG<\/h1>\n<p>Sicherheitsfach auf der R\u00fcckseite f\u00fcr Geldb\u00f6rse, Schl\u00fcssel und sonstige Wertgegenst\u00e4nde, integrierter USB Ladeport, Trolleyband, gepolsterter R\u00fccken, seitliches Netzfach, Rei\u00dfverschlussfach auf dem Schultergurt, Rei\u00dfverschlusstasche vorne, Ger\u00e4umiges Hauptfach mit verdecktem Rei\u00dfverschluss im R\u00fccken, gepolsterte F\u00e4cher f\u00fcr Laptop und Tablet, drei gepolsterte Einsteckf\u00e4cher und Rei\u00dfverschlussfach innen.<br \/>\nDer Rucksack Safepak in anthrazit von Lightpak ist ein moderner und hochwertiger Rucksack, der sich ideal f\u00fcr den t\u00e4glichen Gebrauch eignet. Der Rucksack bietet ein gro\u00dfes Hauptfach mit einer gepolsterten Laptop-Tasche f\u00fcr Laptops bis zu 15 Zoll. Das Hauptfach ist mit einem Rei\u00dfverschluss gesichert, der ein schnelles und sicheres \u00d6ffnen und Schlie\u00dfen erm\u00f6glicht. Neben dem Hauptfach verf\u00fcgt der Safepak-Rucksack \u00fcber mehrere weitere Taschen und F\u00e4cher, die gen\u00fcgend Platz f\u00fcr B\u00fccher, Dokumente, Handy, Schl\u00fcssel, Portemonnaie und andere wichtige Dinge bieten. Ein spezielles Netzfach an der Seite des Rucksacks eignet sich besonders gut f\u00fcr eine Trinkflasche oder einen Regenschirm. Der Rucksack ist aus hochwertigem, strapazierf\u00e4higem Material gefertigt und verf\u00fcgt \u00fcber einen gepolsterten R\u00fcckenbereich f\u00fcr maximalen Tragekomfort. Dank seines ergonomischen Designs passt sich der Rucksack perfekt dem R\u00fccken an und bietet eine optimale Bel\u00fcftung.  Mit dem Rucksack Safepak von Lightpak haben Sie einen zuverl\u00e4ssigen und stilvollen Begleiter f\u00fcr jeden Tag.<\/p>\n","protected":false},"excerpt":{"rendered":"<ul>\n<li>Gepolstertes Laptopfach &#038; gro\u00dfes Hauptfach<\/li>\n<li>Sicherheitsfach &#038; verdeckter Rei\u00dfverschluss<\/li>\n<li>USB-Port &#038; Trolleyband<\/li>\n<li>Seitennetz &#038; Rei\u00dfverschlussfach am Gurt<\/li>\n<\/ul>\n","protected":false},"featured_media":11092,"template":"","meta":{"inline_featured_image":false},"product_brand":[],"product_cat":[1655],"product_tag":[],"class_list":{"0":"post-27827","1":"product","2":"type-product","3":"status-publish","4":"has-post-thumbnail","6":"product_cat-lightpak","8":"first","9":"instock","10":"shipping-taxable","11":"purchasable","12":"product-type-simple"},"_links":{"self":[{"href":"https:\/\/www.juescha.de\/de_de\/wp-json\/wp\/v2\/product\/27827","targetHints":{"allow":["GET"]}}],"collection":[{"href":"https:\/\/www.juescha.de\/de_de\/wp-json\/wp\/v2\/product"}],"about":[{"href":"https:\/\/www.juescha.de\/de_de\/wp-json\/wp\/v2\/types\/product"}],"version-history":[{"count":0,"href":"https:\/\/www.juescha.de\/de_de\/wp-json\/wp\/v2\/product\/27827\/revisions"}],"wp:featuredmedia":[{"embeddable":true,"href":"https:\/\/www.juescha.de\/de_de\/wp-json\/wp\/v2\/media\/11092"}],"wp:attachment":[{"href":"https:\/\/www.juescha.de\/de_de\/wp-json\/wp\/v2\/media?parent=27827"}],"wp:term":[{"taxonomy":"product_brand","embeddable":true,"href":"https:\/\/www.juescha.de\/de_de\/wp-json\/wp\/v2\/product_brand?post=27827"},{"taxonomy":"product_cat","embeddable":true,"href":"https:\/\/www.juescha.de\/de_de\/wp-json\/wp\/v2\/product_cat?post=27827"},{"taxonomy":"product_tag","embeddable":true,"href":"https:\/\/www.juescha.de\/de_de\/wp-json\/wp\/v2\/product_tag?post=27827"}],"curies":[{"name":"wp","href":"https:\/\/api.w.org\/{rel}","templated":true}]}}