{"id":27826,"date":"2025-04-28T19:54:23","date_gmt":"2025-04-28T17:54:23","guid":{"rendered":"https:\/\/www.juescha.de\/shop\/unkategorisiert\/rucksack-safebag\/"},"modified":"2026-01-21T08:48:42","modified_gmt":"2026-01-21T07:48:42","slug":"rucksack-safebag","status":"publish","type":"product","link":"https:\/\/www.juescha.de\/de_de\/shop\/lightpak\/rucksack-safebag\/","title":{"rendered":"Rucksack SAFEBAG"},"content":{"rendered":"<h1>Rucksack SAFEBAG <\/h1>\n<p>Sicherheitsfach auf der R\u00fcckseite f\u00fcr Geldb\u00f6rse, Schl\u00fcssel und sonstige Wertgegenst\u00e4nde, integrierter USB Ladeport, Trolleyband, gepolsterter R\u00fccken, seitliches Netzfach, Rei\u00dfverschlussfach auf dem Schultergurt, Rei\u00dfverschlusstasche vorne, Ger\u00e4umiges Hauptfach mit verdecktem Rei\u00dfverschluss im R\u00fccken, gepolsterte F\u00e4cher f\u00fcr Laptop und Tablet, drei gepolsterte Einsteckf\u00e4cher und Rei\u00dfverschlussfach innen.<br \/>\nDer Rucksack Safepak in grau von Lightpak ist ein ger\u00e4umiger und praktischer Rucksack, der f\u00fcr den t\u00e4glichen Gebrauch, aber auch f\u00fcr Reisen und Ausfl\u00fcge bestens geeignet ist. Das moderne Design und die hochwertigen Materialien machen den Rucksack zu einem echten Hingucker. Das Hauptfach des Rucksacks bietet ausreichend Platz f\u00fcr B\u00fccher, Dokumente, Kleidung und andere Gegenst\u00e4nde des t\u00e4glichen Bedarfs. Zudem verf\u00fcgt der Rucksack \u00fcber ein gepolstertes Laptopfach, das Laptops bis zu einer Gr\u00f6\u00dfe von 15 Zoll sicher aufbewahrt. Zus\u00e4tzlich kann man in dem Rucksack Stifte, Handy, Geldb\u00f6rse und andere kleine Gegenst\u00e4nde geordnet verstauen. Der gepolsterte R\u00fccken sorgt f\u00fcr einen angenehmen Tragekomfort. Er ist ein praktischer Begleiter f\u00fcr Schule, Uni, Arbeit und Freizeit.<\/p>\n","protected":false},"excerpt":{"rendered":"<ul>\n<li>Verstecktes Sicherheitsfach f\u00fcr Wertsachen<\/li>\n<li>Gepolsterte F\u00e4cher f\u00fcr Laptop und Tablet<\/li>\n<li>Integrierter USB-Ladeanschluss und Trolleyband<\/li>\n<li>Komfortabler R\u00fccken mit zus\u00e4tzlichem Netz- und Schultergurtfach<\/li>\n<\/ul>\n","protected":false},"featured_media":11090,"template":"","meta":{"inline_featured_image":false},"product_brand":[],"product_cat":[1655],"product_tag":[],"class_list":{"0":"post-27826","1":"product","2":"type-product","3":"status-publish","4":"has-post-thumbnail","6":"product_cat-lightpak","8":"first","9":"instock","10":"shipping-taxable","11":"purchasable","12":"product-type-simple"},"_links":{"self":[{"href":"https:\/\/www.juescha.de\/de_de\/wp-json\/wp\/v2\/product\/27826","targetHints":{"allow":["GET"]}}],"collection":[{"href":"https:\/\/www.juescha.de\/de_de\/wp-json\/wp\/v2\/product"}],"about":[{"href":"https:\/\/www.juescha.de\/de_de\/wp-json\/wp\/v2\/types\/product"}],"version-history":[{"count":0,"href":"https:\/\/www.juescha.de\/de_de\/wp-json\/wp\/v2\/product\/27826\/revisions"}],"wp:featuredmedia":[{"embeddable":true,"href":"https:\/\/www.juescha.de\/de_de\/wp-json\/wp\/v2\/media\/11090"}],"wp:attachment":[{"href":"https:\/\/www.juescha.de\/de_de\/wp-json\/wp\/v2\/media?parent=27826"}],"wp:term":[{"taxonomy":"product_brand","embeddable":true,"href":"https:\/\/www.juescha.de\/de_de\/wp-json\/wp\/v2\/product_brand?post=27826"},{"taxonomy":"product_cat","embeddable":true,"href":"https:\/\/www.juescha.de\/de_de\/wp-json\/wp\/v2\/product_cat?post=27826"},{"taxonomy":"product_tag","embeddable":true,"href":"https:\/\/www.juescha.de\/de_de\/wp-json\/wp\/v2\/product_tag?post=27826"}],"curies":[{"name":"wp","href":"https:\/\/api.w.org\/{rel}","templated":true}]}}