{"id":27825,"date":"2025-04-28T19:54:22","date_gmt":"2025-04-28T17:54:22","guid":{"rendered":"https:\/\/www.juescha.de\/shop\/unkategorisiert\/laptoptasche-motion\/"},"modified":"2026-01-21T08:48:42","modified_gmt":"2026-01-21T07:48:42","slug":"laptoptasche-motion","status":"publish","type":"product","link":"https:\/\/www.juescha.de\/de_de\/shop\/lightpak\/laptoptasche-motion\/","title":{"rendered":"Laptoptasche MOTION"},"content":{"rendered":"<h1>Laptoptasche MOTION<\/h1>\n<p>Tragegriff und abnehmbarer, verstellbarer Schultertrageriemen, Schloss, Rei\u00dfverschlusshauptfach mit gepolstertem Laptopfach, Organizerteil mit Rei\u00dfverschlussfach, Handyfach, zwei Stiftschlaufen, vier Visiten-\/Kreditkartenf\u00e4chern, Rei\u00dfverschlussvortasche, Trolleyband.<br \/>\nDie Aktentasche Motion von Lightpak ist eine hochwertige und funktionale Tasche, die perfekt f\u00fcr den t\u00e4glichen Gebrauch im B\u00fcro oder auf Reisen geeignet ist. Die Tasche bietet ausreichend Platz f\u00fcr Laptops und Dokumente sowie weitere wichtige Arbeitsutensilien. Die Tasche ist aus robustem 600D Polyester gefertigt, das strapazierf\u00e4hig und langlebig ist. Die beiden Hauptf\u00e4cher der Tasche sind gepolstert und bieten Platz f\u00fcr Laptops mit einer Gr\u00f6\u00dfe von bis zu 17 Zoll. Zus\u00e4tzlich gibt es mehrere F\u00e4cher und Taschen, um andere wichtige Arbeitsutensilien wie Smartphones, Tablets, Dokumente und Stifte zu organisieren und aufzubewahren. Die Aktentasche Motion von Lightpak verf\u00fcgt \u00fcber einen verstellbaren Schultertrageriemen, der sich bequem an die K\u00f6rpergr\u00f6\u00dfe anpassen l\u00e4sst. Ein Tragegriff an der Oberseite der Tasche erm\u00f6glicht ein einfaches Tragen und Transportieren. Die Tasche hat auch eine praktische Aufsteckfunktion, die es erm\u00f6glicht, sie auf einem Trolley oder Koffer zu befestigen. Die Aktentasche Motion von Lightpak ist in einem modernen und stilvollen Design erh\u00e4ltlich, das sowohl f\u00fcr M\u00e4nner als auch f\u00fcr Frauen geeignet ist.<\/p>\n","protected":false},"excerpt":{"rendered":"<ul>\n<li>Robuste Laptoptasche aus 600D Polyester<\/li>\n<li>Gepolstertes Laptopfach f\u00fcr Ger\u00e4te bis 17 Zoll<\/li>\n<li>Organizer mit Karten-, Stift- und Handyf\u00e4chern<\/li>\n<li>Abnehmbarer Schultergurt und Trolleyband<\/li>\n<\/ul>\n","protected":false},"featured_media":11088,"template":"","meta":{"inline_featured_image":false},"product_brand":[],"product_cat":[1655],"product_tag":[],"class_list":{"0":"post-27825","1":"product","2":"type-product","3":"status-publish","4":"has-post-thumbnail","6":"product_cat-lightpak","8":"first","9":"instock","10":"shipping-taxable","11":"purchasable","12":"product-type-simple"},"_links":{"self":[{"href":"https:\/\/www.juescha.de\/de_de\/wp-json\/wp\/v2\/product\/27825","targetHints":{"allow":["GET"]}}],"collection":[{"href":"https:\/\/www.juescha.de\/de_de\/wp-json\/wp\/v2\/product"}],"about":[{"href":"https:\/\/www.juescha.de\/de_de\/wp-json\/wp\/v2\/types\/product"}],"version-history":[{"count":0,"href":"https:\/\/www.juescha.de\/de_de\/wp-json\/wp\/v2\/product\/27825\/revisions"}],"wp:featuredmedia":[{"embeddable":true,"href":"https:\/\/www.juescha.de\/de_de\/wp-json\/wp\/v2\/media\/11088"}],"wp:attachment":[{"href":"https:\/\/www.juescha.de\/de_de\/wp-json\/wp\/v2\/media?parent=27825"}],"wp:term":[{"taxonomy":"product_brand","embeddable":true,"href":"https:\/\/www.juescha.de\/de_de\/wp-json\/wp\/v2\/product_brand?post=27825"},{"taxonomy":"product_cat","embeddable":true,"href":"https:\/\/www.juescha.de\/de_de\/wp-json\/wp\/v2\/product_cat?post=27825"},{"taxonomy":"product_tag","embeddable":true,"href":"https:\/\/www.juescha.de\/de_de\/wp-json\/wp\/v2\/product_tag?post=27825"}],"curies":[{"name":"wp","href":"https:\/\/api.w.org\/{rel}","templated":true}]}}