{"id":27824,"date":"2025-04-28T19:54:22","date_gmt":"2025-04-28T17:54:22","guid":{"rendered":"https:\/\/www.juescha.de\/shop\/unkategorisiert\/business-laptop-overnight-trolley-ronney\/"},"modified":"2026-01-21T08:48:43","modified_gmt":"2026-01-21T07:48:43","slug":"business-laptop-overnight-trolley-ronney","status":"publish","type":"product","link":"https:\/\/www.juescha.de\/de_de\/shop\/lightpak\/business-laptop-overnight-trolley-ronney\/","title":{"rendered":"Business Laptop Overnight Trolley RONNEY"},"content":{"rendered":"<h1>Business Laptop Overnight Trolley RONNEY <\/h1>\n<p>Vollst\u00e4ndig versenkbares Trolleysystem,ergonomischer Tragegriff, vier 360\u00b0 Leichtlauf-Rollen, gepolstertes Laptopfach, Overnightfach, Rei\u00dfverschlussfach mit Organizer mit zwei Stiftschlaufen, zwei Visitenkartenf\u00e4chern, kleiner Tasche und Rei\u00dfverschlussvorfach, zwei weitere Rei\u00dfverschlussvortaschen,  verdecktes Adressfeld auf der R\u00fcckseite.<br \/>\nDer Business Overnight Laptop Trolley Ronney in Anthrazit von Lightpak ist eine praktische und elegante L\u00f6sung f\u00fcr Gesch\u00e4ftsreisende und Pendler, die einen Laptop und andere wichtige Dokumente sicher und komfortabel transportieren m\u00f6chten. Das robuste und strapazierf\u00e4hige Au\u00dfenmaterial besteht aus 600D Nylon und verf\u00fcgt \u00fcber ein vollst\u00e4ndig versenkbares Trolleysystem, um eine komfortable Handhabung zu gew\u00e4hrleisten. Das Hauptfach des Trolleys bietet ausreichend Platz f\u00fcr einen Laptop bis zu 17 Zoll sowie f\u00fcr Dokumente, Aktenordner und andere wichtige Gegenst\u00e4nde. Es verf\u00fcgt \u00fcber ein gepolstertes Fach f\u00fcr den Laptop und mehrere kleinere F\u00e4cher f\u00fcr Handy, Stifte, Visitenkarten und andere wichtige Dinge. Eine zus\u00e4tzliche Vordertasche mit Rei\u00dfverschluss bietet schnellen Zugriff auf wichtige Dokumente oder andere Gegenst\u00e4nde, die schnell griffbereit sein m\u00fcssen. Der Trolley ist auch mit einem praktischen Overnight-Fach ausgestattet, das gen\u00fcgend Platz f\u00fcr Kleidung und Toilettenartikel bietet und somit ideal f\u00fcr Gesch\u00e4ftsreisen ist.Insgesamt ist der Business Overnight Laptop Trolley Ronney in Anthrazit von Lightpak eine perfekte L\u00f6sung f\u00fcr Gesch\u00e4ftsreisende, die ihre Arbeit unterwegs erledigen m\u00f6chten. Das stilvolle Design und die praktischen Funktionen machen diesen Trolley zu einer ausgezeichneten Wahl f\u00fcr jeden, der viel unterwegs ist und einen sicheren und bequemen Transport seiner Ausr\u00fcstung ben\u00f6tigt.<\/p>\n","protected":false},"excerpt":{"rendered":"<ul>\n<li>Robuster Business-Trolley mit 360\u00b0-Rollen<\/li>\n<li>Gepolstertes Laptop- und Overnight-Fach<\/li>\n<li>Organizer mit Stift- und Kartenf\u00e4chern<\/li>\n<li>Versenkbares Trolleysystem, verdecktes Adressfeld<\/li>\n<\/ul>\n","protected":false},"featured_media":11085,"template":"","meta":{"inline_featured_image":false},"product_brand":[],"product_cat":[1655],"product_tag":[],"class_list":{"0":"post-27824","1":"product","2":"type-product","3":"status-publish","4":"has-post-thumbnail","6":"product_cat-lightpak","8":"first","9":"instock","10":"shipping-taxable","11":"purchasable","12":"product-type-simple"},"_links":{"self":[{"href":"https:\/\/www.juescha.de\/de_de\/wp-json\/wp\/v2\/product\/27824","targetHints":{"allow":["GET"]}}],"collection":[{"href":"https:\/\/www.juescha.de\/de_de\/wp-json\/wp\/v2\/product"}],"about":[{"href":"https:\/\/www.juescha.de\/de_de\/wp-json\/wp\/v2\/types\/product"}],"version-history":[{"count":0,"href":"https:\/\/www.juescha.de\/de_de\/wp-json\/wp\/v2\/product\/27824\/revisions"}],"wp:featuredmedia":[{"embeddable":true,"href":"https:\/\/www.juescha.de\/de_de\/wp-json\/wp\/v2\/media\/11085"}],"wp:attachment":[{"href":"https:\/\/www.juescha.de\/de_de\/wp-json\/wp\/v2\/media?parent=27824"}],"wp:term":[{"taxonomy":"product_brand","embeddable":true,"href":"https:\/\/www.juescha.de\/de_de\/wp-json\/wp\/v2\/product_brand?post=27824"},{"taxonomy":"product_cat","embeddable":true,"href":"https:\/\/www.juescha.de\/de_de\/wp-json\/wp\/v2\/product_cat?post=27824"},{"taxonomy":"product_tag","embeddable":true,"href":"https:\/\/www.juescha.de\/de_de\/wp-json\/wp\/v2\/product_tag?post=27824"}],"curies":[{"name":"wp","href":"https:\/\/api.w.org\/{rel}","templated":true}]}}