{"id":27822,"date":"2025-04-28T19:54:22","date_gmt":"2025-04-28T17:54:22","guid":{"rendered":"https:\/\/www.juescha.de\/shop\/unkategorisiert\/damengeldboerse-zweifarbig-5\/"},"modified":"2026-01-21T08:49:07","modified_gmt":"2026-01-21T07:49:07","slug":"damengeldboerse-zweifarbig-5","status":"publish","type":"product","link":"https:\/\/www.juescha.de\/de_de\/shop\/mika\/damengeldboerse-zweifarbig-5\/","title":{"rendered":"Damengeldb\u00f6rse-zweifarbig"},"content":{"rendered":"<h1>Damengeldb\u00f6rse-zweifarbig<\/h1>\n<p>Querformat ,zw\u00f6lf Kartenf\u00e4cher, Netzfach ,  zwei Einschubf\u00e4cher, ein Rei\u00dfverschlussfach,zwei weitere gro\u00dfe F\u00e4cher , ein Scheinfach , M\u00fcnzf\u00e4cher mit Rei\u00dfverschluss, Rei\u00dfverschlussfach auf der R\u00fcckseite<br \/>\nDie Damengeldb\u00f6rse von Mika ist ein stilvolles und praktisches Accessoire f\u00fcr jeden Anlass. Mit ihrer mehrfarbigen Gestaltung in den Farbt\u00f6nen gr\u00fcn\/orange ist sie ein echter Hingucker und passt perfekt zu vielen verschiedenen Outfits. Die Geldb\u00f6rse ist aus hochwertigem Leder gefertigt und verf\u00fcgt \u00fcber ein ger\u00e4umiges Hauptfach, das Platz f\u00fcr Geldscheine, M\u00fcnzen und Karten bietet. Das Hauptfach ist durch einen Druckknopfverschluss gesichert, der zuverl\u00e4ssigen Schutz vor Diebstahl bietet. Die Innenausstattung der Geldb\u00f6rse ist \u00fcbersichtlich gestaltet und bietet Platz f\u00fcr bis zu zw\u00f6lf Karten sowie ein separates Netzfach f\u00fcr Ausweise und Papiere. Die M\u00fcnzf\u00e4cher sind mit einem Rei\u00dfverschluss gesichert, so dass M\u00fcnzen nicht herausfallen k\u00f6nnen. Die Geldb\u00f6rse ist kompakt und handlich, so dass sie in jeder Handtasche Platz findet. Das elegante Design und die hochwertige Verarbeitung machen sie zu einem perfekten Geschenk f\u00fcr sich selbst oder f\u00fcr Ihre Liebsten.<\/p>\n","protected":false},"excerpt":{"rendered":"<ul>\n<li>Zweifarbiges Design in Gr\u00fcn\/Orange<\/li>\n<li>Platz f\u00fcr Karten, Scheine und M\u00fcnzen<\/li>\n<li>Mit Rei\u00dfverschluss- und Netzfach<\/li>\n<li>Aus hochwertigem Leder gefertigt<\/li>\n<\/ul>\n","protected":false},"featured_media":11077,"template":"","meta":{"inline_featured_image":false},"product_brand":[],"product_cat":[1654],"product_tag":[],"class_list":{"0":"post-27822","1":"product","2":"type-product","3":"status-publish","4":"has-post-thumbnail","6":"product_cat-mika","8":"first","9":"instock","10":"shipping-taxable","11":"purchasable","12":"product-type-simple"},"_links":{"self":[{"href":"https:\/\/www.juescha.de\/de_de\/wp-json\/wp\/v2\/product\/27822","targetHints":{"allow":["GET"]}}],"collection":[{"href":"https:\/\/www.juescha.de\/de_de\/wp-json\/wp\/v2\/product"}],"about":[{"href":"https:\/\/www.juescha.de\/de_de\/wp-json\/wp\/v2\/types\/product"}],"version-history":[{"count":0,"href":"https:\/\/www.juescha.de\/de_de\/wp-json\/wp\/v2\/product\/27822\/revisions"}],"wp:featuredmedia":[{"embeddable":true,"href":"https:\/\/www.juescha.de\/de_de\/wp-json\/wp\/v2\/media\/11077"}],"wp:attachment":[{"href":"https:\/\/www.juescha.de\/de_de\/wp-json\/wp\/v2\/media?parent=27822"}],"wp:term":[{"taxonomy":"product_brand","embeddable":true,"href":"https:\/\/www.juescha.de\/de_de\/wp-json\/wp\/v2\/product_brand?post=27822"},{"taxonomy":"product_cat","embeddable":true,"href":"https:\/\/www.juescha.de\/de_de\/wp-json\/wp\/v2\/product_cat?post=27822"},{"taxonomy":"product_tag","embeddable":true,"href":"https:\/\/www.juescha.de\/de_de\/wp-json\/wp\/v2\/product_tag?post=27822"}],"curies":[{"name":"wp","href":"https:\/\/api.w.org\/{rel}","templated":true}]}}