{"id":27820,"date":"2025-04-28T19:54:21","date_gmt":"2025-04-28T17:54:21","guid":{"rendered":"https:\/\/www.juescha.de\/shop\/unkategorisiert\/damengeldboerse-zweifarbig-3\/"},"modified":"2026-01-21T08:49:07","modified_gmt":"2026-01-21T07:49:07","slug":"damengeldboerse-zweifarbig-3","status":"publish","type":"product","link":"https:\/\/www.juescha.de\/de_de\/shop\/mika\/damengeldboerse-zweifarbig-3\/","title":{"rendered":"Damengeldb\u00f6rse-zweifarbig"},"content":{"rendered":"<h1>Damengeldb\u00f6rse-zweifarbig<\/h1>\n<p>Hochformat ,neun Kartenf\u00e4cher, Netzfach ,  vier Einschubf\u00e4cher, Netzfach,zwei Scheinf\u00e4cher , M\u00fcnzf\u00e4cher mit Rei\u00dfverschluss , Verschlusslasche mit Druckknopf<br \/>\nDie Damengeldb\u00f6rse von Mika ist eine stilvolle und praktische Geldb\u00f6rse, die aus hochwertigem Material gefertigt ist. Sie verf\u00fcgt \u00fcber ein zweifarbiges Design, das modern und ansprechend aussieht. Die B\u00f6rse ist in der Farbkombination braun\/gelb erh\u00e4ltlich und bietet gen\u00fcgend Platz f\u00fcr Ihre wichtigen Finanzdokumente und Karten. Die Au\u00dfenseite der Geldb\u00f6rse besteht aus Leder, das sehr langlebig und pflegeleicht ist. Das Innere ist mit einem weichen Stoff gef\u00fcttert und bietet gen\u00fcgend Platz f\u00fcr Karten, Scheine und M\u00fcnzen. Insgesamt gibt es 9 Kartenf\u00e4cher, 2 Geldscheinf\u00e4cher und ein M\u00fcnzfach mit Rei\u00dfverschluss. Die Geldb\u00f6rse wird mit Verschlusslasche mit Druckknopf sicher geschlossen und bietet so optimalen Schutz f\u00fcr Ihre Wertsachen. Sie eignet sich perfekt als Geschenk f\u00fcr Familie und Freunde oder als stilvolles Accessoire f\u00fcr den t\u00e4glichen Gebrauch.<\/p>\n","protected":false},"excerpt":{"rendered":"<ul>\n<li>Zweifarbiges Design in Braun\/Gelb<\/li>\n<li>Hochwertiges Leder, kompakt und elegant<\/li>\n<li>Viel Platz f\u00fcr Karten, Scheine &#038; M\u00fcnzen<\/li>\n<li>Sicherer Druckknopf- &#038; Rei\u00dfverschluss<\/li>\n<\/ul>\n","protected":false},"featured_media":11071,"template":"","meta":{"inline_featured_image":false},"product_brand":[],"product_cat":[1654],"product_tag":[],"class_list":{"0":"post-27820","1":"product","2":"type-product","3":"status-publish","4":"has-post-thumbnail","6":"product_cat-mika","8":"first","9":"instock","10":"shipping-taxable","11":"purchasable","12":"product-type-simple"},"_links":{"self":[{"href":"https:\/\/www.juescha.de\/de_de\/wp-json\/wp\/v2\/product\/27820","targetHints":{"allow":["GET"]}}],"collection":[{"href":"https:\/\/www.juescha.de\/de_de\/wp-json\/wp\/v2\/product"}],"about":[{"href":"https:\/\/www.juescha.de\/de_de\/wp-json\/wp\/v2\/types\/product"}],"version-history":[{"count":0,"href":"https:\/\/www.juescha.de\/de_de\/wp-json\/wp\/v2\/product\/27820\/revisions"}],"wp:featuredmedia":[{"embeddable":true,"href":"https:\/\/www.juescha.de\/de_de\/wp-json\/wp\/v2\/media\/11071"}],"wp:attachment":[{"href":"https:\/\/www.juescha.de\/de_de\/wp-json\/wp\/v2\/media?parent=27820"}],"wp:term":[{"taxonomy":"product_brand","embeddable":true,"href":"https:\/\/www.juescha.de\/de_de\/wp-json\/wp\/v2\/product_brand?post=27820"},{"taxonomy":"product_cat","embeddable":true,"href":"https:\/\/www.juescha.de\/de_de\/wp-json\/wp\/v2\/product_cat?post=27820"},{"taxonomy":"product_tag","embeddable":true,"href":"https:\/\/www.juescha.de\/de_de\/wp-json\/wp\/v2\/product_tag?post=27820"}],"curies":[{"name":"wp","href":"https:\/\/api.w.org\/{rel}","templated":true}]}}