{"id":27818,"date":"2025-04-28T19:54:20","date_gmt":"2025-04-28T17:54:20","guid":{"rendered":"https:\/\/www.juescha.de\/shop\/unkategorisiert\/damengeldboerse-zweifarbig\/"},"modified":"2026-01-21T08:49:07","modified_gmt":"2026-01-21T07:49:07","slug":"damengeldboerse-zweifarbig","status":"publish","type":"product","link":"https:\/\/www.juescha.de\/de_de\/shop\/mika\/damengeldboerse-zweifarbig\/","title":{"rendered":"Damengeldb\u00f6rse-zweifarbig"},"content":{"rendered":"<h1>Damengeldb\u00f6rse-zweifarbig<\/h1>\n<p>Hochformat , drei Kartenf\u00e4cher,   zwei Einschubf\u00e4cher, Rei\u00dfverschlussfach, Scheinfach , M\u00fcnzf\u00e4cher , Verschlusslasche mit Druckknopf<br \/>\nDie Damengeldb\u00f6rse zweifarbig von Mika ist ein stilvolles und praktisches Accessoire f\u00fcr den t\u00e4glichen Gebrauch. Die Geldb\u00f6rse besteht aus hochwertigem Leder und ist in einer ansprechenden Zweiton-Optik in t\u00fcrkis und grau gehalten. Die Geldb\u00f6rse verf\u00fcgt \u00fcber mehrere F\u00e4cher f\u00fcr Kreditkarten, Visitenkarten und Ausweise, sowie ein M\u00fcnzfach mit Druckknopfverschluss und ein separates Fach f\u00fcr Scheine. Die praktische Verschlusslasche mit  Druckknopfverschluss h\u00e4lt die Geldb\u00f6rse sicher geschlossen und sch\u00fctzt vor Verlust und Diebstahl. Die kompakte Gr\u00f6\u00dfe und das schlanke Design machen die Geldb\u00f6rse zu einem idealen Begleiter f\u00fcr unterwegs. Ob in der Handtasche oder in der Jackentasche, die Damengeldb\u00f6rse von Mika bietet ausreichend Platz f\u00fcr alle wichtigen Dinge des t\u00e4glichen Bedarfs.<\/p>\n","protected":false},"excerpt":{"rendered":"<ul>\n<li>Zweifarbiges Design in T\u00fcrkis und Grau<\/li>\n<li>Drei Kartenf\u00e4cher, zwei Einschubf\u00e4cher, Scheinfach<\/li>\n<li>M\u00fcnz- und Rei\u00dfverschlussfach<\/li>\n<li>Kompakt, mit Druckknopf sicher verschlie\u00dfbar<\/li>\n<\/ul>\n","protected":false},"featured_media":11065,"template":"","meta":{"inline_featured_image":false},"product_brand":[],"product_cat":[1654],"product_tag":[],"class_list":{"0":"post-27818","1":"product","2":"type-product","3":"status-publish","4":"has-post-thumbnail","6":"product_cat-mika","8":"first","9":"instock","10":"shipping-taxable","11":"purchasable","12":"product-type-simple"},"_links":{"self":[{"href":"https:\/\/www.juescha.de\/de_de\/wp-json\/wp\/v2\/product\/27818","targetHints":{"allow":["GET"]}}],"collection":[{"href":"https:\/\/www.juescha.de\/de_de\/wp-json\/wp\/v2\/product"}],"about":[{"href":"https:\/\/www.juescha.de\/de_de\/wp-json\/wp\/v2\/types\/product"}],"version-history":[{"count":0,"href":"https:\/\/www.juescha.de\/de_de\/wp-json\/wp\/v2\/product\/27818\/revisions"}],"wp:featuredmedia":[{"embeddable":true,"href":"https:\/\/www.juescha.de\/de_de\/wp-json\/wp\/v2\/media\/11065"}],"wp:attachment":[{"href":"https:\/\/www.juescha.de\/de_de\/wp-json\/wp\/v2\/media?parent=27818"}],"wp:term":[{"taxonomy":"product_brand","embeddable":true,"href":"https:\/\/www.juescha.de\/de_de\/wp-json\/wp\/v2\/product_brand?post=27818"},{"taxonomy":"product_cat","embeddable":true,"href":"https:\/\/www.juescha.de\/de_de\/wp-json\/wp\/v2\/product_cat?post=27818"},{"taxonomy":"product_tag","embeddable":true,"href":"https:\/\/www.juescha.de\/de_de\/wp-json\/wp\/v2\/product_tag?post=27818"}],"curies":[{"name":"wp","href":"https:\/\/api.w.org\/{rel}","templated":true}]}}