{"id":27811,"date":"2025-04-28T19:54:18","date_gmt":"2025-04-28T17:54:18","guid":{"rendered":"https:\/\/www.juescha.de\/shop\/unkategorisiert\/damengeldboerse-14\/"},"modified":"2026-01-21T08:49:09","modified_gmt":"2026-01-21T07:49:09","slug":"damengeldboerse-14","status":"publish","type":"product","link":"https:\/\/www.juescha.de\/de_de\/shop\/mika\/damengeldboerse-14\/","title":{"rendered":"Damengeldb\u00f6rse"},"content":{"rendered":"<h1>Damengeldb\u00f6rse <\/h1>\n<p>Hochformat, ein Rei\u00dfverschlussfach, neun Kreditkartenf\u00e4cher, f\u00fcnf Einsteckf\u00e4cher, zwei Netzf\u00e4cher, ein Scheinfach, zwei M\u00fcnzf\u00e4cher<br \/>\nDie Damengeldb\u00f6rse in grau-braun von Mika ist ein stilvolles Accessoire f\u00fcr Frauen, die Wert auf Eleganz und Funktionalit\u00e4t legen. Die Geldb\u00f6rse ist aus hochwertigem Leder gefertigt und hat ein klassisches Design, das zeitlos ist. Die B\u00f6rse bietet ausreichend Platz f\u00fcr alle wichtigen Utensilien wie Geldscheine, M\u00fcnzen und Karten. Die Innenausstattung ist \u00fcbersichtlich gestaltet und verf\u00fcgt \u00fcber mehrere F\u00e4cher f\u00fcr Kreditkarten oder Visitenkarten. Zwei Netzf\u00e4cher eignen sich besonders gut f\u00fcr den Personalausweis oder das Foto der Liebsten. Die Damengeldb\u00f6rse ist in grau-braun gehalten und hat eine glatte, aber dennoch griffige Oberfl\u00e4che. Das Logo von Mika ist dezent auf der Vorderseite eingraviert. Die B\u00f6rse wird mit Druckknopf verschlossen und  ist stabil und zuverl\u00e4ssig. Insgesamt ist die Damengeldb\u00f6rse in grau-braun von Mika ein stilvolles und praktisches Accessoire f\u00fcr Frauen, die auf der Suche nach einer hochwertigen Geldb\u00f6rse sind. Mit ihrem zeitlosen Design und der funktionalen Innenausstattung eignet sie sich sowohl f\u00fcr den Alltag als auch f\u00fcr besondere Anl\u00e4sse.<\/p>\n","protected":false},"excerpt":{"rendered":"<ul>\n<li>Klassisches Design aus hochwertigem Leder<\/li>\n<li>Neun Kartenf\u00e4cher, f\u00fcnf Einsteckf\u00e4cher<\/li>\n<li>Zwei Netzf\u00e4cher, zwei M\u00fcnzf\u00e4cher &#038; Rei\u00dfverschlussfach<\/li>\n<li>Stilvoller Grau-Braun-Ton \u2013 zeitlos und elegant<\/li>\n<\/ul>\n","protected":false},"featured_media":11048,"template":"","meta":{"inline_featured_image":false},"product_brand":[],"product_cat":[1654],"product_tag":[],"class_list":{"0":"post-27811","1":"product","2":"type-product","3":"status-publish","4":"has-post-thumbnail","6":"product_cat-mika","8":"first","9":"instock","10":"shipping-taxable","11":"purchasable","12":"product-type-simple"},"_links":{"self":[{"href":"https:\/\/www.juescha.de\/de_de\/wp-json\/wp\/v2\/product\/27811","targetHints":{"allow":["GET"]}}],"collection":[{"href":"https:\/\/www.juescha.de\/de_de\/wp-json\/wp\/v2\/product"}],"about":[{"href":"https:\/\/www.juescha.de\/de_de\/wp-json\/wp\/v2\/types\/product"}],"version-history":[{"count":0,"href":"https:\/\/www.juescha.de\/de_de\/wp-json\/wp\/v2\/product\/27811\/revisions"}],"wp:featuredmedia":[{"embeddable":true,"href":"https:\/\/www.juescha.de\/de_de\/wp-json\/wp\/v2\/media\/11048"}],"wp:attachment":[{"href":"https:\/\/www.juescha.de\/de_de\/wp-json\/wp\/v2\/media?parent=27811"}],"wp:term":[{"taxonomy":"product_brand","embeddable":true,"href":"https:\/\/www.juescha.de\/de_de\/wp-json\/wp\/v2\/product_brand?post=27811"},{"taxonomy":"product_cat","embeddable":true,"href":"https:\/\/www.juescha.de\/de_de\/wp-json\/wp\/v2\/product_cat?post=27811"},{"taxonomy":"product_tag","embeddable":true,"href":"https:\/\/www.juescha.de\/de_de\/wp-json\/wp\/v2\/product_tag?post=27811"}],"curies":[{"name":"wp","href":"https:\/\/api.w.org\/{rel}","templated":true}]}}