{"id":27807,"date":"2025-04-28T19:54:18","date_gmt":"2025-04-28T17:54:18","guid":{"rendered":"https:\/\/www.juescha.de\/shop\/unkategorisiert\/damengeldboerse-10\/"},"modified":"2026-01-21T08:49:09","modified_gmt":"2026-01-21T07:49:09","slug":"damengeldboerse-10","status":"publish","type":"product","link":"https:\/\/www.juescha.de\/de_de\/shop\/mika\/damengeldboerse-10\/","title":{"rendered":"Damengeldb\u00f6rse"},"content":{"rendered":"<h1>Damengeldb\u00f6rse <\/h1>\n<p>Querformat, zwei Rei\u00dfverschlussf\u00e4cher, neun Kreditkartenf\u00e4cher, zwei Einsteckf\u00e4cher, zwei Scheinf\u00e4cher, M\u00fcnzfach mit Rei\u00dfverschluss<br \/>\nDie Damengeldb\u00f6rse in grau-braun von Mika ist eine stilvolle und praktische Geldb\u00f6rse f\u00fcr Frauen, die auf der Suche nach einer hochwertigen und funktionalen Geldb\u00f6rse sind. Die Geldb\u00f6rse ist aus hochwertigem Leder gefertigt, das strapazierf\u00e4hig und langlebig ist. Das Design der Geldb\u00f6rse ist elegant und zeitlos, mit einem sch\u00f6nen grau-braunen Farbton, der gut zu verschiedenen Outfits passt. Die Geldb\u00f6rse ist mit einer Vielzahl von F\u00e4chern und Taschen ausgestattet, die es einfach machen, Ihre Kreditkarten, Banknoten, M\u00fcnzen und andere wichtige Dokumente zu organisieren und zu verstauen. Das Hauptfach der Geldb\u00f6rse ist mit einem Rei\u00dfverschluss versehen und bietet ausreichend Platz f\u00fcr Ihre Banknoten und Dokumente. Es gibt auch mehrere Kartenf\u00e4cher, in denen Sie Ihre Kreditkarten sicher aufbewahren k\u00f6nnen. Ein separates M\u00fcnzfach mit Rei\u00dfverschluss ist ebenfalls vorhanden, um Ihre M\u00fcnzen sicher zu verstauen. Die Geldb\u00f6rse verf\u00fcgt \u00fcber eine kompakte Gr\u00f6\u00dfe, die es einfach macht, sie in Ihrer Handtasche zu verstauen, und sie ist auch ideal f\u00fcr unterwegs. Mit der hochwertigen Verarbeitung und dem stilvollen Design ist diese Geldb\u00f6rse von Mika eine perfekte Wahl f\u00fcr Frauen, die auf der Suche nach einer hochwertigen und funktionalen Geldb\u00f6rse sind.<\/p>\n","protected":false},"excerpt":{"rendered":"<ul>\n<li>Hochwertiges Leder in Grau-Braun<\/li>\n<li>9 Kartenf\u00e4cher, 2 Scheinf\u00e4cher &#038; 2 Rei\u00dfverschlussf\u00e4cher<\/li>\n<li>Integriertes M\u00fcnzfach mit Rei\u00dfverschluss<\/li>\n<li>Kompakt, elegant &#038; ideal f\u00fcr unterwegs<\/li>\n<\/ul>\n","protected":false},"featured_media":11038,"template":"","meta":{"inline_featured_image":false},"product_brand":[],"product_cat":[1654],"product_tag":[],"class_list":{"0":"post-27807","1":"product","2":"type-product","3":"status-publish","4":"has-post-thumbnail","6":"product_cat-mika","8":"first","9":"instock","10":"shipping-taxable","11":"purchasable","12":"product-type-simple"},"_links":{"self":[{"href":"https:\/\/www.juescha.de\/de_de\/wp-json\/wp\/v2\/product\/27807","targetHints":{"allow":["GET"]}}],"collection":[{"href":"https:\/\/www.juescha.de\/de_de\/wp-json\/wp\/v2\/product"}],"about":[{"href":"https:\/\/www.juescha.de\/de_de\/wp-json\/wp\/v2\/types\/product"}],"version-history":[{"count":0,"href":"https:\/\/www.juescha.de\/de_de\/wp-json\/wp\/v2\/product\/27807\/revisions"}],"wp:featuredmedia":[{"embeddable":true,"href":"https:\/\/www.juescha.de\/de_de\/wp-json\/wp\/v2\/media\/11038"}],"wp:attachment":[{"href":"https:\/\/www.juescha.de\/de_de\/wp-json\/wp\/v2\/media?parent=27807"}],"wp:term":[{"taxonomy":"product_brand","embeddable":true,"href":"https:\/\/www.juescha.de\/de_de\/wp-json\/wp\/v2\/product_brand?post=27807"},{"taxonomy":"product_cat","embeddable":true,"href":"https:\/\/www.juescha.de\/de_de\/wp-json\/wp\/v2\/product_cat?post=27807"},{"taxonomy":"product_tag","embeddable":true,"href":"https:\/\/www.juescha.de\/de_de\/wp-json\/wp\/v2\/product_tag?post=27807"}],"curies":[{"name":"wp","href":"https:\/\/api.w.org\/{rel}","templated":true}]}}