{"id":27804,"date":"2025-04-28T19:54:17","date_gmt":"2025-04-28T17:54:17","guid":{"rendered":"https:\/\/www.juescha.de\/shop\/unkategorisiert\/damengeldboerse-7\/"},"modified":"2026-01-21T08:49:09","modified_gmt":"2026-01-21T07:49:09","slug":"damengeldboerse-7","status":"publish","type":"product","link":"https:\/\/www.juescha.de\/de_de\/shop\/mika\/damengeldboerse-7\/","title":{"rendered":"Damengeldb\u00f6rse"},"content":{"rendered":"<h1>Damengeldb\u00f6rse <\/h1>\n<p>Querformat ,sechs Kartenf\u00e4cher , Netzfach ,  zwei Einschubf\u00e4cher, ein Rei\u00dfverschlussfach,vier weitere gro\u00dfe F\u00e4cher als Scheinf\u00e4cher mit Netzfach, doppeltes M\u00fcnzfach mit Taschenb\u00fcgel , mit Druckknopf verschlie\u00dfbares zus\u00e4tzliches gro\u00dfes Fach, Einschubfach auf der R\u00fcckseite<br \/>\nDie Damengeldb\u00f6rse in gr\u00fcn von Mika ist ein stilvolles und praktisches Accessoire, das f\u00fcr den t\u00e4glichen Gebrauch bestens geeignet ist. Sie besteht aus hochwertigem Leder und verf\u00fcgt \u00fcber ein ger\u00e4umiges Hauptfach, in dem alle wichtigen Karten, Scheine und M\u00fcnzen aufbewahrt werden k\u00f6nnen. Die Geldb\u00f6rse ist in einem frischen und trendigen Gr\u00fcn gehalten, das sofort ins Auge f\u00e4llt und den modischen Anspruch unterstreicht. Die feine Lederverarbeitung sorgt f\u00fcr eine angenehme Haptik und ein langlebiges Produkt. Die B\u00f6rse ist mit verschiedenen F\u00e4chern ausgestattet, um das Verstauen von Kreditkarten, Ausweisen und Dokumenten zu erleichtern. Ein zus\u00e4tzliches M\u00fcnzfach mit Taschenb\u00fcgel sch\u00fctzt die M\u00fcnzen vor dem Herausfallen und ist einfach zu \u00f6ffnen und zu schlie\u00dfen. Das stilvolle Design der Mika Damengeldb\u00f6rse in gr\u00fcn wird durch das Logo auf der Vorderseite unterstrichen. Die Geldb\u00f6rse ist in der Gr\u00f6\u00dfe 17 x 10 x 4,5 cm erh\u00e4ltlich und bietet ausreichend Platz f\u00fcr alle wichtigen Utensilien. Sie ist ein ideales Geschenk f\u00fcr Frauen, die Wert auf Mode und Funktionalit\u00e4t legen und ihre Finanzen stilvoll organisieren m\u00f6chten.<\/p>\n","protected":false},"excerpt":{"rendered":"<ul>\n<li>Hochwertiges Leder in frischem Gr\u00fcn<\/li>\n<li>Viele F\u00e4cher f\u00fcr Karten, Scheine &#038; M\u00fcnzen<\/li>\n<li>Doppeltes M\u00fcnzfach mit Taschenb\u00fcgel<\/li>\n<li>Kompakt, praktisch und stilvoll<\/li>\n<\/ul>\n","protected":false},"featured_media":11030,"template":"","meta":{"inline_featured_image":false},"product_brand":[],"product_cat":[1654],"product_tag":[],"class_list":{"0":"post-27804","1":"product","2":"type-product","3":"status-publish","4":"has-post-thumbnail","6":"product_cat-mika","8":"first","9":"instock","10":"shipping-taxable","11":"purchasable","12":"product-type-simple"},"_links":{"self":[{"href":"https:\/\/www.juescha.de\/de_de\/wp-json\/wp\/v2\/product\/27804","targetHints":{"allow":["GET"]}}],"collection":[{"href":"https:\/\/www.juescha.de\/de_de\/wp-json\/wp\/v2\/product"}],"about":[{"href":"https:\/\/www.juescha.de\/de_de\/wp-json\/wp\/v2\/types\/product"}],"version-history":[{"count":0,"href":"https:\/\/www.juescha.de\/de_de\/wp-json\/wp\/v2\/product\/27804\/revisions"}],"wp:featuredmedia":[{"embeddable":true,"href":"https:\/\/www.juescha.de\/de_de\/wp-json\/wp\/v2\/media\/11030"}],"wp:attachment":[{"href":"https:\/\/www.juescha.de\/de_de\/wp-json\/wp\/v2\/media?parent=27804"}],"wp:term":[{"taxonomy":"product_brand","embeddable":true,"href":"https:\/\/www.juescha.de\/de_de\/wp-json\/wp\/v2\/product_brand?post=27804"},{"taxonomy":"product_cat","embeddable":true,"href":"https:\/\/www.juescha.de\/de_de\/wp-json\/wp\/v2\/product_cat?post=27804"},{"taxonomy":"product_tag","embeddable":true,"href":"https:\/\/www.juescha.de\/de_de\/wp-json\/wp\/v2\/product_tag?post=27804"}],"curies":[{"name":"wp","href":"https:\/\/api.w.org\/{rel}","templated":true}]}}