{"id":27803,"date":"2025-04-28T19:54:17","date_gmt":"2025-04-28T17:54:17","guid":{"rendered":"https:\/\/www.juescha.de\/shop\/unkategorisiert\/damengeldboerse-6\/"},"modified":"2026-01-21T08:49:10","modified_gmt":"2026-01-21T07:49:10","slug":"damengeldboerse-6","status":"publish","type":"product","link":"https:\/\/www.juescha.de\/de_de\/shop\/mika\/damengeldboerse-6\/","title":{"rendered":"Damengeldb\u00f6rse"},"content":{"rendered":"<h1>Damengeldb\u00f6rse <\/h1>\n<p>Querformat ,sechs Kartenf\u00e4cher , Netzfach ,  zwei Einschubf\u00e4cher, ein Rei\u00dfverschlussfach,vier weitere gro\u00dfe F\u00e4cher als Scheinf\u00e4cher mit Netzfach, doppeltes M\u00fcnzfach mit Taschenb\u00fcgel , mit Druckknopf verschlie\u00dfbares zus\u00e4tzliches gro\u00dfes Fach, Einschubfach auf der R\u00fcckseite<br \/>\nDie Damengeldb\u00f6rse in Blau von Mika ist ein stilvolles Accessoire, das sowohl funktional als auch modisch ist. Hergestellt aus hochwertigem Leder bietet die Geldb\u00f6rse eine langlebige und robuste Konstruktion. Die Innenausstattung ist sorgf\u00e4ltig gestaltet, um den t\u00e4glichen Bed\u00fcrfnissen einer modernen Frau gerecht zu werden. Die B\u00f6rse verf\u00fcgt \u00fcber mehrere F\u00e4cher, in denen Sie Ihre Karten, Geldscheine, und M\u00fcnzen aufbewahren k\u00f6nnen. So haben Sie alles, was Sie ben\u00f6tigen, immer griffbereit. Die Geldb\u00f6rse ist in einem sch\u00f6nen Blauton gehalten, der zu einer Vielzahl von Outfits passt und sowohl f\u00fcr den t\u00e4glichen Gebrauch als auch f\u00fcr besondere Anl\u00e4sse geeignet ist. Das Design ist schlicht und elegant, ohne aufdringlich zu sein, so dass es sich nahtlos in Ihren Stil integrieren l\u00e4sst.<\/p>\n","protected":false},"excerpt":{"rendered":"<ul>\n<li>Hochwertiges Leder in stilvollem Blau<\/li>\n<li>Viel Platz f\u00fcr Karten, Scheine &#038; M\u00fcnzen<\/li>\n<li>Doppeltes M\u00fcnzfach mit Taschenb\u00fcgel<\/li>\n<li>Sicherer Druckknopf- &#038; Rei\u00dfverschluss<\/li>\n<\/ul>\n","protected":false},"featured_media":11028,"template":"","meta":{"inline_featured_image":false},"product_brand":[],"product_cat":[1654],"product_tag":[],"class_list":{"0":"post-27803","1":"product","2":"type-product","3":"status-publish","4":"has-post-thumbnail","6":"product_cat-mika","8":"first","9":"instock","10":"shipping-taxable","11":"purchasable","12":"product-type-simple"},"_links":{"self":[{"href":"https:\/\/www.juescha.de\/de_de\/wp-json\/wp\/v2\/product\/27803","targetHints":{"allow":["GET"]}}],"collection":[{"href":"https:\/\/www.juescha.de\/de_de\/wp-json\/wp\/v2\/product"}],"about":[{"href":"https:\/\/www.juescha.de\/de_de\/wp-json\/wp\/v2\/types\/product"}],"version-history":[{"count":0,"href":"https:\/\/www.juescha.de\/de_de\/wp-json\/wp\/v2\/product\/27803\/revisions"}],"wp:featuredmedia":[{"embeddable":true,"href":"https:\/\/www.juescha.de\/de_de\/wp-json\/wp\/v2\/media\/11028"}],"wp:attachment":[{"href":"https:\/\/www.juescha.de\/de_de\/wp-json\/wp\/v2\/media?parent=27803"}],"wp:term":[{"taxonomy":"product_brand","embeddable":true,"href":"https:\/\/www.juescha.de\/de_de\/wp-json\/wp\/v2\/product_brand?post=27803"},{"taxonomy":"product_cat","embeddable":true,"href":"https:\/\/www.juescha.de\/de_de\/wp-json\/wp\/v2\/product_cat?post=27803"},{"taxonomy":"product_tag","embeddable":true,"href":"https:\/\/www.juescha.de\/de_de\/wp-json\/wp\/v2\/product_tag?post=27803"}],"curies":[{"name":"wp","href":"https:\/\/api.w.org\/{rel}","templated":true}]}}