{"id":27801,"date":"2025-04-28T19:54:17","date_gmt":"2025-04-28T17:54:17","guid":{"rendered":"https:\/\/www.juescha.de\/shop\/unkategorisiert\/damengeldboerse-4\/"},"modified":"2026-01-21T08:49:09","modified_gmt":"2026-01-21T07:49:09","slug":"damengeldboerse-4","status":"publish","type":"product","link":"https:\/\/www.juescha.de\/de_de\/shop\/mika\/damengeldboerse-4\/","title":{"rendered":"Damengeldb\u00f6rse"},"content":{"rendered":"<h1>Damengeldb\u00f6rse <\/h1>\n<p>Querformat ,zw\u00f6lf Kartenf\u00e4cher , Netzfach ,  drei Einschubf\u00e4cher, ein Rei\u00dfverschlussfach,zwei weitere gro\u00dfe F\u00e4cher mit vier weiteren Kartenf\u00e4chern und zwei Einschubf\u00e4chern, ein Scheinfach , doppeltes M\u00fcnzfach mit Rei\u00dfverschluss, Rei\u00dfverschlussfach auf der R\u00fcckseite<br \/>\nDie Damengeldb\u00f6rse in Gelb von Mika ist ein stilvolles und praktisches Accessoire, das speziell f\u00fcr Frauen entworfen wurde, die einen trendigen und modernen Look sch\u00e4tzen. Die Geldb\u00f6rse ist aus hochwertigem Leder gefertigt und besticht durch ihr elegantes Design. Die Mika Damengeldb\u00f6rse in Gelb verf\u00fcgt \u00fcber mehrere F\u00e4cher f\u00fcr Kreditkarten, Ausweise und andere wichtige Dokumente. Zus\u00e4tzlich gibt es ein gro\u00dfes Rei\u00dfverschlussfach f\u00fcr M\u00fcnzen und Scheine sowie ein weiteres Fach f\u00fcr Geldscheine. Die Geldb\u00f6rse bietet ausreichend Platz f\u00fcr all Ihre pers\u00f6nlichen Gegenst\u00e4nde und l\u00e4sst sich bequem in Ihrer Handtasche verstauen. Die Geldb\u00f6rse ist in einem leuchtenden Gelbton gehalten, der f\u00fcr gute Laune sorgt und sich ideal f\u00fcr den Sommer eignet. Das hochwertige Leder sorgt f\u00fcr eine lange Haltbarkeit und die sorgf\u00e4ltige Verarbeitung garantiert eine hohe Qualit\u00e4t.<\/p>\n","protected":false},"excerpt":{"rendered":"<ul>\n<li>Hochwertiges Leder in leuchtendem Gelb<\/li>\n<li>Viele F\u00e4cher f\u00fcr Karten, Scheine &#038; M\u00fcnzen<\/li>\n<li>Doppeltes Rei\u00dfverschluss-M\u00fcnzfach<\/li>\n<li>Modisches &#038; funktionales Design<\/li>\n<\/ul>\n","protected":false},"featured_media":11024,"template":"","meta":{"inline_featured_image":false},"product_brand":[],"product_cat":[1654],"product_tag":[],"class_list":{"0":"post-27801","1":"product","2":"type-product","3":"status-publish","4":"has-post-thumbnail","6":"product_cat-mika","8":"first","9":"instock","10":"shipping-taxable","11":"purchasable","12":"product-type-simple"},"_links":{"self":[{"href":"https:\/\/www.juescha.de\/de_de\/wp-json\/wp\/v2\/product\/27801","targetHints":{"allow":["GET"]}}],"collection":[{"href":"https:\/\/www.juescha.de\/de_de\/wp-json\/wp\/v2\/product"}],"about":[{"href":"https:\/\/www.juescha.de\/de_de\/wp-json\/wp\/v2\/types\/product"}],"version-history":[{"count":0,"href":"https:\/\/www.juescha.de\/de_de\/wp-json\/wp\/v2\/product\/27801\/revisions"}],"wp:featuredmedia":[{"embeddable":true,"href":"https:\/\/www.juescha.de\/de_de\/wp-json\/wp\/v2\/media\/11024"}],"wp:attachment":[{"href":"https:\/\/www.juescha.de\/de_de\/wp-json\/wp\/v2\/media?parent=27801"}],"wp:term":[{"taxonomy":"product_brand","embeddable":true,"href":"https:\/\/www.juescha.de\/de_de\/wp-json\/wp\/v2\/product_brand?post=27801"},{"taxonomy":"product_cat","embeddable":true,"href":"https:\/\/www.juescha.de\/de_de\/wp-json\/wp\/v2\/product_cat?post=27801"},{"taxonomy":"product_tag","embeddable":true,"href":"https:\/\/www.juescha.de\/de_de\/wp-json\/wp\/v2\/product_tag?post=27801"}],"curies":[{"name":"wp","href":"https:\/\/api.w.org\/{rel}","templated":true}]}}