{"id":27798,"date":"2025-04-28T19:54:16","date_gmt":"2025-04-28T17:54:16","guid":{"rendered":"https:\/\/www.juescha.de\/shop\/unkategorisiert\/damengeldboerse\/"},"modified":"2026-01-21T08:49:09","modified_gmt":"2026-01-21T07:49:09","slug":"damengeldboerse","status":"publish","type":"product","link":"https:\/\/www.juescha.de\/de_de\/shop\/mika\/damengeldboerse\/","title":{"rendered":"Damengeldb\u00f6rse"},"content":{"rendered":"<h1>Damengeldb\u00f6rse <\/h1>\n<p>Querformat ,zw\u00f6lf Kartenf\u00e4cher , Netzfach ,  drei Einschubf\u00e4cher, ein Rei\u00dfverschlussfach,zwei weitere gro\u00dfe F\u00e4cher mit vier weiteren Kartenf\u00e4chern und zwei Einschubf\u00e4chern, ein Scheinfach , doppeltes M\u00fcnzfach mit Rei\u00dfverschluss, Rei\u00dfverschlussfach auf der R\u00fcckseite<br \/>\nDie schwarze Damengeldb\u00f6rse von Mika ist eine stilvolle und praktische Wahl f\u00fcr Frauen, die ihre finanziellen Bed\u00fcrfnisse unterwegs sicher und organisiert halten m\u00f6chten. Die B\u00f6rse ist aus hochwertigem Leder gefertigt und verf\u00fcgt \u00fcber mehrere F\u00e4cher und Schlitze, um Geldscheine, M\u00fcnzen, Karten und Ausweise aufzubewahren. Das \u00c4u\u00dfere der Geldb\u00f6rse ist schlicht und elegant gestaltet und passt zu vielen verschiedenen Stilen. Das schwarze Leder ist strapazierf\u00e4hig und die feine Textur sowie das gl\u00e4nzende Finish verleiht der B\u00f6rse eine edle Note. Die B\u00f6rse verf\u00fcgt \u00fcber ein Rei\u00dfverschlussfach, das M\u00fcnzen und Geldscheine sicher aufbewahrt. Dar\u00fcber hinaus gibt es mehrere Kartenf\u00e4cher, in denen Ausweise, Kreditkarten und andere wichtige Dokumente untergebracht werden k\u00f6nnen. Sie bietet ausreichend Platz f\u00fcr alle wichtigen Gegenst\u00e4nde und ist dennoch kompakt genug, um in jeder Handtasche Platz zu finden. Mit dieser Geldb\u00f6rse sind Frauen bestens ausgestattet, um unterwegs alle finanziellen Angelegenheiten zu regeln.<\/p>\n","protected":false},"excerpt":{"rendered":"<ul>\n<li>Elegantes Design aus schwarzem Leder<\/li>\n<li>Zw\u00f6lf Kartenf\u00e4cher, Netzfach &#038; Scheinfach<\/li>\n<li>Doppeltes M\u00fcnzfach &#038; Rei\u00dfverschlussfach au\u00dfen<\/li>\n<li>Viel Stauraum \u2013 kompakt &#038; handtaschentauglich<\/li>\n<\/ul>\n","protected":false},"featured_media":11017,"template":"","meta":{"inline_featured_image":false},"product_brand":[],"product_cat":[1654],"product_tag":[],"class_list":{"0":"post-27798","1":"product","2":"type-product","3":"status-publish","4":"has-post-thumbnail","6":"product_cat-mika","8":"first","9":"instock","10":"shipping-taxable","11":"purchasable","12":"product-type-simple"},"_links":{"self":[{"href":"https:\/\/www.juescha.de\/de_de\/wp-json\/wp\/v2\/product\/27798","targetHints":{"allow":["GET"]}}],"collection":[{"href":"https:\/\/www.juescha.de\/de_de\/wp-json\/wp\/v2\/product"}],"about":[{"href":"https:\/\/www.juescha.de\/de_de\/wp-json\/wp\/v2\/types\/product"}],"version-history":[{"count":0,"href":"https:\/\/www.juescha.de\/de_de\/wp-json\/wp\/v2\/product\/27798\/revisions"}],"wp:featuredmedia":[{"embeddable":true,"href":"https:\/\/www.juescha.de\/de_de\/wp-json\/wp\/v2\/media\/11017"}],"wp:attachment":[{"href":"https:\/\/www.juescha.de\/de_de\/wp-json\/wp\/v2\/media?parent=27798"}],"wp:term":[{"taxonomy":"product_brand","embeddable":true,"href":"https:\/\/www.juescha.de\/de_de\/wp-json\/wp\/v2\/product_brand?post=27798"},{"taxonomy":"product_cat","embeddable":true,"href":"https:\/\/www.juescha.de\/de_de\/wp-json\/wp\/v2\/product_cat?post=27798"},{"taxonomy":"product_tag","embeddable":true,"href":"https:\/\/www.juescha.de\/de_de\/wp-json\/wp\/v2\/product_tag?post=27798"}],"curies":[{"name":"wp","href":"https:\/\/api.w.org\/{rel}","templated":true}]}}