{"id":27797,"date":"2025-04-28T19:54:16","date_gmt":"2025-04-28T17:54:16","guid":{"rendered":"https:\/\/www.juescha.de\/shop\/unkategorisiert\/geldboerse-querformat-mit-geldklammer-und-rfid\/"},"modified":"2026-01-21T08:49:05","modified_gmt":"2026-01-21T07:49:05","slug":"geldboerse-querformat-mit-geldklammer-und-rfid","status":"publish","type":"product","link":"https:\/\/www.juescha.de\/de_de\/shop\/mika\/geldboerse-querformat-mit-geldklammer-und-rfid\/","title":{"rendered":"Geldb\u00f6rse Querformat mit Geldklammer und RFID"},"content":{"rendered":"<h1>Geldb\u00f6rse Querformat mit Geldklammer und RFID <\/h1>\n<p>Eingearbeitete RFID Folie, Querformat, vier Kartenf\u00e4cher, drei Einschubf\u00e4cher, Geldklammer, M\u00fcnzfach.<br \/>\nDie Geldb\u00f6rse Querformat mit Geldklammer und RFID in braun von Mika ist ein stilvolles und praktisches Accessoire f\u00fcr den modernen Mann. Die Geldb\u00f6rse ist aus hochwertigem Leder gefertigt und hat ein zeitloses Design, das sich ideal f\u00fcr den t\u00e4glichen Gebrauch eignet. Das Leder hat eine braune Farbe und eine glatte Oberfl\u00e4che, die sich angenehm anf\u00fchlt. Die Geldb\u00f6rse ist mit einer Geldklammer ausgestattet, die das Bargeld sicher und geordnet h\u00e4lt. Dadurch ist es m\u00f6glich, das Geld schnell und einfach zu entnehmen oder zu verstauen. Zudem ist die Geldklammer sehr robust und langlebig, so dass sie auch bei h\u00e4ufigem Gebrauch nicht abgenutzt wird. Ein weiteres praktisches Feature der Geldb\u00f6rse ist die RFID-Blockierung. Dies bedeutet, dass Kreditkarten oder Ausweise, die mit einem RFID-Chip ausgestattet sind, vor unbefugtem Zugriff gesch\u00fctzt werden. So wird verhindert, dass Daten von der Karte gestohlen werden k\u00f6nnen. Die Geldb\u00f6rse hat eine Gr\u00f6\u00dfe von ca. 11 x 8 x 2,5 cm und bietet ausreichend Platz f\u00fcr alle wichtigen Karten und Ausweise. Insgesamt gibt es 4 F\u00e4cher f\u00fcr Karten, ein M\u00fcnzfach und drei Einschubf\u00e4cher. Durch das schlanke Design passt die Geldb\u00f6rse in jede Hosentasche und ist somit immer griffbereit. Die Geldb\u00f6rse Querformat mit Geldklammer und RFID in braun von Mika ist ein hochwertiges und praktisches Accessoire, das f\u00fcr jeden eine Bereicherung darstellt.<\/p>\n","protected":false},"excerpt":{"rendered":"<ul>\n<li>Elegantes Lederdesign mit RFID-Schutz<\/li>\n<li>Mit Geldklammer und M\u00fcnzfach<\/li>\n<li>Platz f\u00fcr Karten und Scheine<\/li>\n<li>Kompakt und hosentaschentauglich<\/li>\n<\/ul>\n","protected":false},"featured_media":11014,"template":"","meta":{"inline_featured_image":false},"product_brand":[],"product_cat":[1654],"product_tag":[],"class_list":{"0":"post-27797","1":"product","2":"type-product","3":"status-publish","4":"has-post-thumbnail","6":"product_cat-mika","8":"first","9":"instock","10":"shipping-taxable","11":"purchasable","12":"product-type-simple"},"_links":{"self":[{"href":"https:\/\/www.juescha.de\/de_de\/wp-json\/wp\/v2\/product\/27797","targetHints":{"allow":["GET"]}}],"collection":[{"href":"https:\/\/www.juescha.de\/de_de\/wp-json\/wp\/v2\/product"}],"about":[{"href":"https:\/\/www.juescha.de\/de_de\/wp-json\/wp\/v2\/types\/product"}],"version-history":[{"count":0,"href":"https:\/\/www.juescha.de\/de_de\/wp-json\/wp\/v2\/product\/27797\/revisions"}],"wp:featuredmedia":[{"embeddable":true,"href":"https:\/\/www.juescha.de\/de_de\/wp-json\/wp\/v2\/media\/11014"}],"wp:attachment":[{"href":"https:\/\/www.juescha.de\/de_de\/wp-json\/wp\/v2\/media?parent=27797"}],"wp:term":[{"taxonomy":"product_brand","embeddable":true,"href":"https:\/\/www.juescha.de\/de_de\/wp-json\/wp\/v2\/product_brand?post=27797"},{"taxonomy":"product_cat","embeddable":true,"href":"https:\/\/www.juescha.de\/de_de\/wp-json\/wp\/v2\/product_cat?post=27797"},{"taxonomy":"product_tag","embeddable":true,"href":"https:\/\/www.juescha.de\/de_de\/wp-json\/wp\/v2\/product_tag?post=27797"}],"curies":[{"name":"wp","href":"https:\/\/api.w.org\/{rel}","templated":true}]}}