{"id":27794,"date":"2025-04-28T19:54:15","date_gmt":"2025-04-28T17:54:15","guid":{"rendered":"https:\/\/www.juescha.de\/shop\/unkategorisiert\/schluesseletui-rfid-2\/"},"modified":"2026-01-21T08:49:06","modified_gmt":"2026-01-21T07:49:06","slug":"schluesseletui-rfid-2","status":"publish","type":"product","link":"https:\/\/www.juescha.de\/de_de\/shop\/mika\/schluesseletui-rfid-2\/","title":{"rendered":"Schl\u00fcsseletui RFID"},"content":{"rendered":"<h1>Schl\u00fcsseletui RFID <\/h1>\n<p>eingearbeitete RFID Folie, Rei\u00dfverschluss Hauptfach mit zwei Schl\u00fcsselringen,ein weiteres Rei\u00dfverschlussfach, zwei Einschubf\u00e4cher<br \/>\nDas Schl\u00fcsseletui RFID in Braun von Mika ist ein stilvolles und praktisches Accessoire, das speziell f\u00fcr den Schutz vor unbefugtem Zugriff auf pers\u00f6nliche Daten entwickelt wurde. Das Etui besteht aus hochwertigem Leder und ist mit einer RFID-Schutzfolie ausgestattet, die Ihre Karten vor unbefugtem Auslesen sch\u00fctzt. Das Etui ist besonders handlich und passt bequem in jede Tasche. Das Schl\u00fcsseletui verf\u00fcgt \u00fcber einen Rei\u00dfverschluss, der den Inhalt sicher aufbewahrt. Im Inneren des Etuis befindet sich ein Schl\u00fcsselring, an dem Sie Ihre Schl\u00fcssel befestigen k\u00f6nnen. Zus\u00e4tzlich gibt es im Etui noch Platz Karten. Das braune Leder verleiht dem Schl\u00fcsseletui ein elegantes Aussehen, das zu jedem Stil passt. Das Etui ist ein idealer Begleiter f\u00fcr den t\u00e4glichen Gebrauch und bietet gleichzeitig Schutz und Komfort. Es ist eine praktische und stilvolle Wahl f\u00fcr jeden, der seine Karten und Schl\u00fcssel sicher aufbewahren m\u00f6chte.<\/p>\n","protected":false},"excerpt":{"rendered":"<ul>\n<li>Hochwertiges Lederetui mit RFID-Schutz<\/li>\n<li>Hauptfach mit Rei\u00dfverschluss &#038; zwei Schl\u00fcsselringen<\/li>\n<li>Zus\u00e4tzliches Rei\u00dfverschlussfach &#038; zwei Einschubf\u00e4cher<\/li>\n<li>Elegantes Design in Braun, kompakt und alltagstauglich<\/li>\n<\/ul>\n","protected":false},"featured_media":11004,"template":"","meta":{"inline_featured_image":false},"product_brand":[],"product_cat":[1654],"product_tag":[],"class_list":{"0":"post-27794","1":"product","2":"type-product","3":"status-publish","4":"has-post-thumbnail","6":"product_cat-mika","8":"first","9":"instock","10":"shipping-taxable","11":"purchasable","12":"product-type-simple"},"_links":{"self":[{"href":"https:\/\/www.juescha.de\/de_de\/wp-json\/wp\/v2\/product\/27794","targetHints":{"allow":["GET"]}}],"collection":[{"href":"https:\/\/www.juescha.de\/de_de\/wp-json\/wp\/v2\/product"}],"about":[{"href":"https:\/\/www.juescha.de\/de_de\/wp-json\/wp\/v2\/types\/product"}],"version-history":[{"count":0,"href":"https:\/\/www.juescha.de\/de_de\/wp-json\/wp\/v2\/product\/27794\/revisions"}],"wp:featuredmedia":[{"embeddable":true,"href":"https:\/\/www.juescha.de\/de_de\/wp-json\/wp\/v2\/media\/11004"}],"wp:attachment":[{"href":"https:\/\/www.juescha.de\/de_de\/wp-json\/wp\/v2\/media?parent=27794"}],"wp:term":[{"taxonomy":"product_brand","embeddable":true,"href":"https:\/\/www.juescha.de\/de_de\/wp-json\/wp\/v2\/product_brand?post=27794"},{"taxonomy":"product_cat","embeddable":true,"href":"https:\/\/www.juescha.de\/de_de\/wp-json\/wp\/v2\/product_cat?post=27794"},{"taxonomy":"product_tag","embeddable":true,"href":"https:\/\/www.juescha.de\/de_de\/wp-json\/wp\/v2\/product_tag?post=27794"}],"curies":[{"name":"wp","href":"https:\/\/api.w.org\/{rel}","templated":true}]}}