{"id":27793,"date":"2025-04-28T19:54:15","date_gmt":"2025-04-28T17:54:15","guid":{"rendered":"https:\/\/www.juescha.de\/shop\/unkategorisiert\/damengeldboerse-hochformat-rfid\/"},"modified":"2026-01-21T08:49:06","modified_gmt":"2026-01-21T07:49:06","slug":"damengeldboerse-hochformat-rfid","status":"publish","type":"product","link":"https:\/\/www.juescha.de\/de_de\/shop\/mika\/damengeldboerse-hochformat-rfid\/","title":{"rendered":"Damengeldb\u00f6rse Hochformat RFID"},"content":{"rendered":"<h1>Damengeldb\u00f6rse Hochformat RFID <\/h1>\n<p>eingearbeitete RFID Folie, Hochformat , Verschlusslasche mit Druckknopf,neun Kartenf\u00e4cher, Netzfach , sechs Einschubf\u00e4cher, zwei Scheinf\u00e4cher, M\u00fcnzfach mit Rei\u00dfverschluss<br \/>\nDie Damengeldb\u00f6rse Hochformat RFID in braun von Mika ist ein stilvolles und praktisches Accessoire f\u00fcr jede moderne Frau. Mit ihrem zeitlosen Design und ihrer hochwertigen Verarbeitung bietet sie eine perfekte M\u00f6glichkeit, um Ihre wichtigen Dokumente, Karten und Bargeld sicher und ordentlich aufzubewahren. Das braune, genarbte Leder verleiht der Geldb\u00f6rse ein elegantes und ansprechendes Aussehen, das sich perfekt f\u00fcr den t\u00e4glichen Gebrauch eignet. Die Geldb\u00f6rse ist mit einem RFID-Schutz ausgestattet, der Ihre Karten vor unbefugtem Zugriff sch\u00fctzt. Die Geldb\u00f6rse verf\u00fcgt \u00fcber eine Vielzahl von F\u00e4chern, die f\u00fcr eine organisierte Aufbewahrung Ihrer Karten, Dokumente und Geldscheine sorgen. Im Inneren befinden sich 9 Kartenf\u00e4cher, 1 Netzfach, 2 Scheinf\u00e4cher und ein M\u00fcnzfach mit Rei\u00dfverschluss. Die Geldb\u00f6rse hat die perfekte Gr\u00f6\u00dfe f\u00fcr den t\u00e4glichen Gebrauch und passt problemlos in eine Handtasche oder Jackentasche. Mit ihrem praktischen, hochformatigen Design und ihrer robusten Verarbeitung ist sie die perfekte Wahl f\u00fcr eine stilvolle und funktionale Geldb\u00f6rse. Zusammenfassend ist die Damengeldb\u00f6rse Hochformat RFID in braun von Mika eine hervorragende Wahl f\u00fcr jede Frau, die eine stilvolle und praktische Geldb\u00f6rse sucht. Sie bietet eine sichere und organisierte Aufbewahrungsm\u00f6glichkeit f\u00fcr Karten, Dokumente und Bargeld und ist dank ihres zeitlosen Designs und ihrer hochwertigen Verarbeitung eine lohnende Investition.<\/p>\n","protected":false},"excerpt":{"rendered":"<ul>\n<li>Elegantes Design aus genarbtem, braunem Leder<\/li>\n<li>RFID-Schutz gegen unbefugten Zugriff<\/li>\n<li>9 Kartenf\u00e4cher, Netzfach, 6 Einsch\u00fcbe &#038; 2 Scheinf\u00e4cher<\/li>\n<li>M\u00fcnzfach mit Rei\u00dfverschluss &#038; Verschlusslasche mit Druckknopf<\/li>\n<\/ul>\n","protected":false},"featured_media":11001,"template":"","meta":{"inline_featured_image":false},"product_brand":[],"product_cat":[1654],"product_tag":[],"class_list":{"0":"post-27793","1":"product","2":"type-product","3":"status-publish","4":"has-post-thumbnail","6":"product_cat-mika","8":"first","9":"instock","10":"shipping-taxable","11":"purchasable","12":"product-type-simple"},"_links":{"self":[{"href":"https:\/\/www.juescha.de\/de_de\/wp-json\/wp\/v2\/product\/27793","targetHints":{"allow":["GET"]}}],"collection":[{"href":"https:\/\/www.juescha.de\/de_de\/wp-json\/wp\/v2\/product"}],"about":[{"href":"https:\/\/www.juescha.de\/de_de\/wp-json\/wp\/v2\/types\/product"}],"version-history":[{"count":0,"href":"https:\/\/www.juescha.de\/de_de\/wp-json\/wp\/v2\/product\/27793\/revisions"}],"wp:featuredmedia":[{"embeddable":true,"href":"https:\/\/www.juescha.de\/de_de\/wp-json\/wp\/v2\/media\/11001"}],"wp:attachment":[{"href":"https:\/\/www.juescha.de\/de_de\/wp-json\/wp\/v2\/media?parent=27793"}],"wp:term":[{"taxonomy":"product_brand","embeddable":true,"href":"https:\/\/www.juescha.de\/de_de\/wp-json\/wp\/v2\/product_brand?post=27793"},{"taxonomy":"product_cat","embeddable":true,"href":"https:\/\/www.juescha.de\/de_de\/wp-json\/wp\/v2\/product_cat?post=27793"},{"taxonomy":"product_tag","embeddable":true,"href":"https:\/\/www.juescha.de\/de_de\/wp-json\/wp\/v2\/product_tag?post=27793"}],"curies":[{"name":"wp","href":"https:\/\/api.w.org\/{rel}","templated":true}]}}