{"id":27792,"date":"2025-04-28T19:54:15","date_gmt":"2025-04-28T17:54:15","guid":{"rendered":"https:\/\/www.juescha.de\/shop\/unkategorisiert\/mini-geldboerse-querformat-rfid-2\/"},"modified":"2026-01-21T08:49:06","modified_gmt":"2026-01-21T07:49:06","slug":"mini-geldboerse-querformat-rfid-2","status":"publish","type":"product","link":"https:\/\/www.juescha.de\/de_de\/shop\/mika\/mini-geldboerse-querformat-rfid-2\/","title":{"rendered":"Mini Geldb\u00f6rse Querformat RFID"},"content":{"rendered":"<h1>Mini Geldb\u00f6rse Querformat RFID <\/h1>\n<p>eingearbeitete RFID Folie, Querformat, vier Kartenf\u00e4cher, Netzfach , zwei Einschubf\u00e4cher, zwei Scheinf\u00e4cher, M\u00fcnzfach mit Rei\u00dfverschluss<br \/>\nDie Mini Geldb\u00f6rse Querformat RFID in braun von Mika ist eine stilvolle und praktische Geldb\u00f6rse, die ideal f\u00fcr den t\u00e4glichen Gebrauch geeignet ist. Mit ihrem kompakten Design passt sie leicht in jede Tasche und bietet dennoch ausreichend Platz f\u00fcr all Ihre wichtigen Karten und Geldscheine. Das Material der Geldb\u00f6rse besteht aus hochwertigem Leder in brauner Farbe, das eine elegante Optik bietet und gleichzeitig strapazierf\u00e4hig und langlebig ist. Der RFID-Schutz der Geldb\u00f6rse sch\u00fctzt Ihre Karten vor unbefugtem Zugriff und bietet so zus\u00e4tzliche Sicherheit f\u00fcr Ihre pers\u00f6nlichen Daten. Die Mini Geldb\u00f6rse verf\u00fcgt \u00fcber ein Hauptfach sowie ein M\u00fcnzfach, in dem Sie Ihre M\u00fcnzen sicher verstauen k\u00f6nnen. Dar\u00fcber hinaus gibt es vier Kartenf\u00e4cher, in denen Sie Ihre Kreditkarten, Bankkarten und Ausweise aufbewahren k\u00f6nnen. Zus\u00e4tzlich gibt es zwei Scheinf\u00e4cher. Sie ist ein beliebtes Accessoire, das sowohl von Frauen als auch von M\u00e4nnern gerne genutzt wird. Mit ihrem zeitlosen Design und ihrer praktischen Gr\u00f6\u00dfe ist sie eine hervorragende Wahl f\u00fcr alle, die nach einer stilvollen und funktionalen Geldb\u00f6rse suchen.<\/p>\n","protected":false},"excerpt":{"rendered":"<ul>\n<li>Kompakt &#038; elegant \u2013 ideal f\u00fcr jede Tasche<\/li>\n<li>Hochwertiges braunes Leder mit RFID-Schutz<\/li>\n<li>4 Kartenf\u00e4cher, Netzfach &#038; 2 Scheinf\u00e4cher<\/li>\n<li>M\u00fcnzfach mit Rei\u00dfverschluss f\u00fcr Sicherheit<\/li>\n<\/ul>\n","protected":false},"featured_media":10998,"template":"","meta":{"inline_featured_image":false},"product_brand":[],"product_cat":[1654],"product_tag":[],"class_list":{"0":"post-27792","1":"product","2":"type-product","3":"status-publish","4":"has-post-thumbnail","6":"product_cat-mika","8":"first","9":"instock","10":"shipping-taxable","11":"purchasable","12":"product-type-simple"},"_links":{"self":[{"href":"https:\/\/www.juescha.de\/de_de\/wp-json\/wp\/v2\/product\/27792","targetHints":{"allow":["GET"]}}],"collection":[{"href":"https:\/\/www.juescha.de\/de_de\/wp-json\/wp\/v2\/product"}],"about":[{"href":"https:\/\/www.juescha.de\/de_de\/wp-json\/wp\/v2\/types\/product"}],"version-history":[{"count":0,"href":"https:\/\/www.juescha.de\/de_de\/wp-json\/wp\/v2\/product\/27792\/revisions"}],"wp:featuredmedia":[{"embeddable":true,"href":"https:\/\/www.juescha.de\/de_de\/wp-json\/wp\/v2\/media\/10998"}],"wp:attachment":[{"href":"https:\/\/www.juescha.de\/de_de\/wp-json\/wp\/v2\/media?parent=27792"}],"wp:term":[{"taxonomy":"product_brand","embeddable":true,"href":"https:\/\/www.juescha.de\/de_de\/wp-json\/wp\/v2\/product_brand?post=27792"},{"taxonomy":"product_cat","embeddable":true,"href":"https:\/\/www.juescha.de\/de_de\/wp-json\/wp\/v2\/product_cat?post=27792"},{"taxonomy":"product_tag","embeddable":true,"href":"https:\/\/www.juescha.de\/de_de\/wp-json\/wp\/v2\/product_tag?post=27792"}],"curies":[{"name":"wp","href":"https:\/\/api.w.org\/{rel}","templated":true}]}}