{"id":27789,"date":"2025-04-28T19:54:13","date_gmt":"2025-04-28T17:54:13","guid":{"rendered":"https:\/\/www.juescha.de\/shop\/unkategorisiert\/geldboerse-5\/"},"modified":"2026-01-21T08:49:29","modified_gmt":"2026-01-21T07:49:29","slug":"geldboerse-5","status":"publish","type":"product","link":"https:\/\/www.juescha.de\/de_de\/shop\/mika\/geldboerse-5\/","title":{"rendered":"Geldb\u00f6rse"},"content":{"rendered":"<h1>Geldb\u00f6rse <\/h1>\n<p>Hochformat, zw\u00f6lf Kreditkartenf\u00e4cher, vier Einschubf\u00e4cher,ein Netzfach,  zwei Scheinf\u00e4cher, M\u00fcnzfach, Verschlusslasche mit Druckknopf<br \/>\nDie Damengeldb\u00f6rse im Hochformat von Mika ist eine stilvolle und praktische Wahl f\u00fcr Frauen, die nach einer hochwertigen Geldb\u00f6rse suchen. Die Geldb\u00f6rse ist in einem eleganten Braunton gehalten und besteht aus hochwertigem Leder. Die Geldb\u00f6rse bietet Platz f\u00fcr viele Karten, Ausweise und Geldscheine, ohne dabei zu sperrig zu wirken. Sie verf\u00fcgt \u00fcber mehrere F\u00e4cher und Schlitze f\u00fcr Kreditkarten und Ausweise sowie ein separates Fach f\u00fcr M\u00fcnzen. Das Design ist modern und elegant und passt zu verschiedenen Stilen und Outfits. Die hohe Qualit\u00e4t und das sch\u00f6ne Design machen diese Geldb\u00f6rse zu einem wertvollen Accessoire, das Sie viele Jahre begleiten wird.<\/p>\n","protected":false},"excerpt":{"rendered":"<ul>\n<li>Hochformat mit edlem Design in Braun<\/li>\n<li>12 Kartenf\u00e4cher, 4 Einschubf\u00e4cher, Netzfach<\/li>\n<li>2 Scheinf\u00e4cher &#038; M\u00fcnzfach mit Druckknopf<\/li>\n<li>Hochwertiges Leder \u2013 stilvoll &#038; langlebig<\/li>\n<\/ul>\n","protected":false},"featured_media":10989,"template":"","meta":{"inline_featured_image":false},"product_brand":[],"product_cat":[1654],"product_tag":[],"class_list":{"0":"post-27789","1":"product","2":"type-product","3":"status-publish","4":"has-post-thumbnail","6":"product_cat-mika","8":"first","9":"instock","10":"shipping-taxable","11":"purchasable","12":"product-type-simple"},"_links":{"self":[{"href":"https:\/\/www.juescha.de\/de_de\/wp-json\/wp\/v2\/product\/27789","targetHints":{"allow":["GET"]}}],"collection":[{"href":"https:\/\/www.juescha.de\/de_de\/wp-json\/wp\/v2\/product"}],"about":[{"href":"https:\/\/www.juescha.de\/de_de\/wp-json\/wp\/v2\/types\/product"}],"version-history":[{"count":0,"href":"https:\/\/www.juescha.de\/de_de\/wp-json\/wp\/v2\/product\/27789\/revisions"}],"wp:featuredmedia":[{"embeddable":true,"href":"https:\/\/www.juescha.de\/de_de\/wp-json\/wp\/v2\/media\/10989"}],"wp:attachment":[{"href":"https:\/\/www.juescha.de\/de_de\/wp-json\/wp\/v2\/media?parent=27789"}],"wp:term":[{"taxonomy":"product_brand","embeddable":true,"href":"https:\/\/www.juescha.de\/de_de\/wp-json\/wp\/v2\/product_brand?post=27789"},{"taxonomy":"product_cat","embeddable":true,"href":"https:\/\/www.juescha.de\/de_de\/wp-json\/wp\/v2\/product_cat?post=27789"},{"taxonomy":"product_tag","embeddable":true,"href":"https:\/\/www.juescha.de\/de_de\/wp-json\/wp\/v2\/product_tag?post=27789"}],"curies":[{"name":"wp","href":"https:\/\/api.w.org\/{rel}","templated":true}]}}