{"id":27787,"date":"2025-04-28T19:54:13","date_gmt":"2025-04-28T17:54:13","guid":{"rendered":"https:\/\/www.juescha.de\/shop\/unkategorisiert\/guerteltasche-s-hochformat-3\/"},"modified":"2026-01-21T08:49:22","modified_gmt":"2026-01-21T07:49:22","slug":"guerteltasche-s-hochformat-3","status":"publish","type":"product","link":"https:\/\/www.juescha.de\/de_de\/shop\/mika\/guerteltasche-s-hochformat-3\/","title":{"rendered":"G\u00fcrteltasche S Hochformat"},"content":{"rendered":"<h1>G\u00fcrteltasche S <\/h1>\n<p>Hochformat, unterteiltes Hauptfach,  eine G\u00fcrtelschnalle, zwei G\u00fcrtelschlaufen<br \/>\nDie G\u00fcrteltasche S Hochformat in dunkelbraun matt von Mika ist ein stilvolles und praktisches Accessoire.<br \/>\nDas Design der Tasche ist schlank und hochformatig, was sie perfekt f\u00fcr den t\u00e4glichen Gebrauch macht. Sie ist aus hochwertigem Sattelleder gefertigt und hat eine dunkelbraune matte Oberfl\u00e4che, die ihr eine zeitlose Eleganz verleiht. Die Verarbeitung der N\u00e4hte und der Rei\u00dfverschl\u00fcsse ist exzellent, was eine lange Lebensdauer garantiert. Die Tasche hat ein ger\u00e4umiges Hauptfach mit ausreichend Platz f\u00fcr alle wichtigen Gegenst\u00e4nde wie Handy, Geldb\u00f6rse, Schl\u00fcssel und andere Kleinigkeiten. Die Tasche wird durch eine stabile G\u00fcrtelschnalle sicher geschlossen, so dass man sich keine Sorgen um Verluste machen muss. Die Tasche verf\u00fcgt \u00fcber zwei G\u00fcrtelschlaufen, sodass die G\u00fcrteltasche der an der Taille oder an der H\u00fcfte getragen werden kann und somit h\u00f6chsten Komfort und Flexibilit\u00e4t bietet. Insgesamt ist die G\u00fcrteltasche S Hochformat in dunkelbraun matt von Mika eine stilvolle und praktische Wahl f\u00fcr jeden, der nach einer langlebigen und vielseitigen G\u00fcrteltasche sucht.<\/p>\n","protected":false},"excerpt":{"rendered":"<ul>\n<li>Robustes Sattelleder in elegantem Dunkelbraun<\/li>\n<li>Hochformat mit unterteiltem Hauptfach<\/li>\n<li>Mit G\u00fcrtelschnalle und zwei Schlaufen tragbar<\/li>\n<li>Kompakt, ideal f\u00fcr Alltag &#038; Freizeit<\/li>\n<\/ul>\n","protected":false},"featured_media":10982,"template":"","meta":{"inline_featured_image":false},"product_brand":[],"product_cat":[1654],"product_tag":[],"class_list":{"0":"post-27787","1":"product","2":"type-product","3":"status-publish","4":"has-post-thumbnail","6":"product_cat-mika","8":"first","9":"instock","10":"shipping-taxable","11":"purchasable","12":"product-type-simple"},"_links":{"self":[{"href":"https:\/\/www.juescha.de\/de_de\/wp-json\/wp\/v2\/product\/27787","targetHints":{"allow":["GET"]}}],"collection":[{"href":"https:\/\/www.juescha.de\/de_de\/wp-json\/wp\/v2\/product"}],"about":[{"href":"https:\/\/www.juescha.de\/de_de\/wp-json\/wp\/v2\/types\/product"}],"version-history":[{"count":0,"href":"https:\/\/www.juescha.de\/de_de\/wp-json\/wp\/v2\/product\/27787\/revisions"}],"wp:featuredmedia":[{"embeddable":true,"href":"https:\/\/www.juescha.de\/de_de\/wp-json\/wp\/v2\/media\/10982"}],"wp:attachment":[{"href":"https:\/\/www.juescha.de\/de_de\/wp-json\/wp\/v2\/media?parent=27787"}],"wp:term":[{"taxonomy":"product_brand","embeddable":true,"href":"https:\/\/www.juescha.de\/de_de\/wp-json\/wp\/v2\/product_brand?post=27787"},{"taxonomy":"product_cat","embeddable":true,"href":"https:\/\/www.juescha.de\/de_de\/wp-json\/wp\/v2\/product_cat?post=27787"},{"taxonomy":"product_tag","embeddable":true,"href":"https:\/\/www.juescha.de\/de_de\/wp-json\/wp\/v2\/product_tag?post=27787"}],"curies":[{"name":"wp","href":"https:\/\/api.w.org\/{rel}","templated":true}]}}