{"id":27785,"date":"2025-04-28T19:54:13","date_gmt":"2025-04-28T17:54:13","guid":{"rendered":"https:\/\/www.juescha.de\/shop\/unkategorisiert\/guerteltasche-s-hochformat\/"},"modified":"2026-01-21T08:49:23","modified_gmt":"2026-01-21T07:49:23","slug":"guerteltasche-s-hochformat","status":"publish","type":"product","link":"https:\/\/www.juescha.de\/de_de\/shop\/mika\/guerteltasche-s-hochformat\/","title":{"rendered":"G\u00fcrteltasche S Hochformat"},"content":{"rendered":"<h1>G\u00fcrteltasche S <\/h1>\n<p>Hochformat, unterteiltes Hauptfach,  eine G\u00fcrtelschnalle, zwei G\u00fcrtelschlaufen<br \/>\nDie G\u00fcrteltasche S Hochformat in schwarz von Mika ist ein stilvolles und praktisches Accessoire, das speziell f\u00fcr den t\u00e4glichen Gebrauch konzipiert wurde. Die Tasche ist aus hochwertigem Sattelleder gefertigt, das langlebig und widerstandsf\u00e4hig gegen Verschlei\u00df und Abnutzung ist. Das Hauptfach der G\u00fcrteltasche bietet ausreichend Platz f\u00fcr Ihre wichtigen Gegenst\u00e4nde wie Smartphone, Geldb\u00f6rse, Schl\u00fcssel und andere kleine pers\u00f6nliche Gegenst\u00e4nde. Die G\u00fcrteltasche verf\u00fcgt \u00fcber zwei G\u00fcrtelschlaufen, mit der Sie die Tasche bequem um Ihre Taille oder H\u00fcfte tragen k\u00f6nnen. Die Tasche ist in einem zeitlosen Schwarz gehalten und passt perfekt zu jedem Outfit. Mit ihrem kompakten Design und ihrem modernen Look ist die G\u00fcrteltasche von Mika eine ideale Wahl f\u00fcr den t\u00e4glichen Gebrauch und ein perfektes Geschenk f\u00fcr Freunde und Familie.<\/p>\n","protected":false},"excerpt":{"rendered":"<ul>\n<li>Robustes Sattelleder in elegantem Schwarz<\/li>\n<li>Hochformat mit unterteiltem Hauptfach<\/li>\n<li>Mit G\u00fcrtelschnalle und zwei Schlaufen tragbar<\/li>\n<li>Kompakt, ideal f\u00fcr Alltag &#038; Freizeit<\/li>\n<\/ul>\n","protected":false},"featured_media":10982,"template":"","meta":{"inline_featured_image":false},"product_brand":[],"product_cat":[1654],"product_tag":[],"class_list":{"0":"post-27785","1":"product","2":"type-product","3":"status-publish","4":"has-post-thumbnail","6":"product_cat-mika","8":"first","9":"instock","10":"shipping-taxable","11":"purchasable","12":"product-type-simple"},"_links":{"self":[{"href":"https:\/\/www.juescha.de\/de_de\/wp-json\/wp\/v2\/product\/27785","targetHints":{"allow":["GET"]}}],"collection":[{"href":"https:\/\/www.juescha.de\/de_de\/wp-json\/wp\/v2\/product"}],"about":[{"href":"https:\/\/www.juescha.de\/de_de\/wp-json\/wp\/v2\/types\/product"}],"version-history":[{"count":0,"href":"https:\/\/www.juescha.de\/de_de\/wp-json\/wp\/v2\/product\/27785\/revisions"}],"wp:featuredmedia":[{"embeddable":true,"href":"https:\/\/www.juescha.de\/de_de\/wp-json\/wp\/v2\/media\/10982"}],"wp:attachment":[{"href":"https:\/\/www.juescha.de\/de_de\/wp-json\/wp\/v2\/media?parent=27785"}],"wp:term":[{"taxonomy":"product_brand","embeddable":true,"href":"https:\/\/www.juescha.de\/de_de\/wp-json\/wp\/v2\/product_brand?post=27785"},{"taxonomy":"product_cat","embeddable":true,"href":"https:\/\/www.juescha.de\/de_de\/wp-json\/wp\/v2\/product_cat?post=27785"},{"taxonomy":"product_tag","embeddable":true,"href":"https:\/\/www.juescha.de\/de_de\/wp-json\/wp\/v2\/product_tag?post=27785"}],"curies":[{"name":"wp","href":"https:\/\/api.w.org\/{rel}","templated":true}]}}