{"id":27784,"date":"2025-04-28T19:54:12","date_gmt":"2025-04-28T17:54:12","guid":{"rendered":"https:\/\/www.juescha.de\/shop\/unkategorisiert\/guerteltasche-m-hochformat-3\/"},"modified":"2026-01-21T08:49:23","modified_gmt":"2026-01-21T07:49:23","slug":"guerteltasche-m-hochformat-3","status":"publish","type":"product","link":"https:\/\/www.juescha.de\/de_de\/shop\/mika\/guerteltasche-m-hochformat-3\/","title":{"rendered":"G\u00fcrteltasche M Hochformat"},"content":{"rendered":"<h1>G\u00fcrteltasche M <\/h1>\n<p>Hochformat, unterteiltes Hauptfach,  eine G\u00fcrtelschnalle, zwei G\u00fcrtelschlaufen<br \/>\nDie G\u00fcrteltasche M Hochformat in dunkelbraun matt von Mika ist eine stilvolle und praktische Option f\u00fcr alle, die ihre wichtigsten Gegenst\u00e4nde sicher und griffbereit aufbewahren m\u00f6chten. Die Tasche ist aus hochwertigem und strapazierf\u00e4higem Sattelleder gefertigt und verf\u00fcgt \u00fcber ein gro\u00dfes Hauptfach, das gen\u00fcgend Platz f\u00fcr Mobiltelefon, Brieftasche, Schl\u00fcssel und andere wichtige Dinge bieten. Die G\u00fcrtelschnalle sorgt daf\u00fcr, dass die Gegenst\u00e4nde sicher verstaut sind und nicht herausfallen k\u00f6nnen. Die Tasche ist in einem dunkelbraunen matten Finish erh\u00e4ltlich, das eine stilvolle und elegante Optik bietet. Das hochwertige Material sorgt daf\u00fcr, dass die Tasche strapazierf\u00e4hig und langlebig ist und somit perfekt f\u00fcr den t\u00e4glichen Gebrauch geeignet ist. Die G\u00fcrteltasche M Hochformat von Mika kann mithilfe der zwei G\u00fcrtelschlaufen bequem um die Taille getragen werden und bietet so eine bequeme und sichere Aufbewahrungsm\u00f6glichkeit f\u00fcr wichtige Gegenst\u00e4nde. Die Tasche ist ein perfektes Accessoire f\u00fcr Reisen, Wandern oder auch f\u00fcr den Alltag. Insgesamt ist die G\u00fcrteltasche M Hochformat in dunkelbraun matt von Mika eine praktische und stilvolle Option f\u00fcr alle, die ihre wichtigen Gegenst\u00e4nde sicher und griffbereit aufbewahren m\u00f6chten.<\/p>\n","protected":false},"excerpt":{"rendered":"<ul>\n<li>Hochwertiges Sattelleder<\/li>\n<li>Hochformat mit Hauptfach<\/li>\n<li>G\u00fcrtelschlaufen &#038; Schnalle<\/li>\n<li>Kompakt f\u00fcr Alltag &#038; Reisen<\/li>\n<\/ul>\n","protected":false},"featured_media":10979,"template":"","meta":{"inline_featured_image":false},"product_brand":[],"product_cat":[1654],"product_tag":[],"class_list":{"0":"post-27784","1":"product","2":"type-product","3":"status-publish","4":"has-post-thumbnail","6":"product_cat-mika","8":"first","9":"instock","10":"shipping-taxable","11":"purchasable","12":"product-type-simple"},"_links":{"self":[{"href":"https:\/\/www.juescha.de\/de_de\/wp-json\/wp\/v2\/product\/27784","targetHints":{"allow":["GET"]}}],"collection":[{"href":"https:\/\/www.juescha.de\/de_de\/wp-json\/wp\/v2\/product"}],"about":[{"href":"https:\/\/www.juescha.de\/de_de\/wp-json\/wp\/v2\/types\/product"}],"version-history":[{"count":0,"href":"https:\/\/www.juescha.de\/de_de\/wp-json\/wp\/v2\/product\/27784\/revisions"}],"wp:featuredmedia":[{"embeddable":true,"href":"https:\/\/www.juescha.de\/de_de\/wp-json\/wp\/v2\/media\/10979"}],"wp:attachment":[{"href":"https:\/\/www.juescha.de\/de_de\/wp-json\/wp\/v2\/media?parent=27784"}],"wp:term":[{"taxonomy":"product_brand","embeddable":true,"href":"https:\/\/www.juescha.de\/de_de\/wp-json\/wp\/v2\/product_brand?post=27784"},{"taxonomy":"product_cat","embeddable":true,"href":"https:\/\/www.juescha.de\/de_de\/wp-json\/wp\/v2\/product_cat?post=27784"},{"taxonomy":"product_tag","embeddable":true,"href":"https:\/\/www.juescha.de\/de_de\/wp-json\/wp\/v2\/product_tag?post=27784"}],"curies":[{"name":"wp","href":"https:\/\/api.w.org\/{rel}","templated":true}]}}