{"id":27780,"date":"2025-04-28T19:54:11","date_gmt":"2025-04-28T17:54:11","guid":{"rendered":"https:\/\/www.juescha.de\/shop\/unkategorisiert\/guerteltasche-m-querformat-2\/"},"modified":"2026-01-21T08:49:24","modified_gmt":"2026-01-21T07:49:24","slug":"guerteltasche-m-querformat-2","status":"publish","type":"product","link":"https:\/\/www.juescha.de\/de_de\/shop\/mika\/guerteltasche-m-querformat-2\/","title":{"rendered":"G\u00fcrteltasche M Querformat"},"content":{"rendered":"<h1>G\u00fcrteltasche M <\/h1>\n<p>Querformat, durch Rei\u00dfverschlussfach unterteiltes Hauptfach ,  eine G\u00fcrtelschnalle, zwei G\u00fcrtelschlaufen<br \/>\nDie G\u00fcrteltasche M Querformat in braun von Mika ist eine hochwertige und stilvolle Tasche, die sich ideal f\u00fcr den t\u00e4glichen Gebrauch eignet. Sie bietet gen\u00fcgend Platz f\u00fcr Ihre pers\u00f6nlichen Gegenst\u00e4nde wie Smartphone, Geldb\u00f6rse, Schl\u00fcssel und andere wichtige Dinge. Die Tasche ist aus hochwertigem, robustem Sattelleder gefertigt und in einer attraktiven braunen Farbe gehalten. Sie verf\u00fcgt \u00fcber zwei G\u00fcrtelschlaufen, die es Ihnen erm\u00f6glicht, die Tasche bequem und sicher um die Taille zu tragen. Die Tasche verf\u00fcgt \u00fcber ein ger\u00e4umiges Hauptfach, das es Ihnen erm\u00f6glicht, schnell und einfach auf Ihre Gegenst\u00e4nde zuzugreifen. Die G\u00fcrteltasche M Querformat in braun von Mika ist eine elegante und praktische Tasche, die sich ideal f\u00fcr den t\u00e4glichen Gebrauch eignet.<\/p>\n","protected":false},"excerpt":{"rendered":"<ul>\n<li>Robustes Sattelleder in elegantem Braun<\/li>\n<li>Hauptfach mit Rei\u00dfverschlussfach unterteilt<\/li>\n<li>Zwei G\u00fcrtelschlaufen f\u00fcr sicheren Halt an der Taille<\/li>\n<li>Praktisches Format \u2013 ideal f\u00fcr Handy, Geldb\u00f6rse &#038; Schl\u00fcssel<\/li>\n<\/ul>\n","protected":false},"featured_media":10975,"template":"","meta":{"inline_featured_image":false},"product_brand":[],"product_cat":[1654],"product_tag":[],"class_list":{"0":"post-27780","1":"product","2":"type-product","3":"status-publish","4":"has-post-thumbnail","6":"product_cat-mika","8":"first","9":"instock","10":"shipping-taxable","11":"purchasable","12":"product-type-simple"},"_links":{"self":[{"href":"https:\/\/www.juescha.de\/de_de\/wp-json\/wp\/v2\/product\/27780","targetHints":{"allow":["GET"]}}],"collection":[{"href":"https:\/\/www.juescha.de\/de_de\/wp-json\/wp\/v2\/product"}],"about":[{"href":"https:\/\/www.juescha.de\/de_de\/wp-json\/wp\/v2\/types\/product"}],"version-history":[{"count":0,"href":"https:\/\/www.juescha.de\/de_de\/wp-json\/wp\/v2\/product\/27780\/revisions"}],"wp:featuredmedia":[{"embeddable":true,"href":"https:\/\/www.juescha.de\/de_de\/wp-json\/wp\/v2\/media\/10975"}],"wp:attachment":[{"href":"https:\/\/www.juescha.de\/de_de\/wp-json\/wp\/v2\/media?parent=27780"}],"wp:term":[{"taxonomy":"product_brand","embeddable":true,"href":"https:\/\/www.juescha.de\/de_de\/wp-json\/wp\/v2\/product_brand?post=27780"},{"taxonomy":"product_cat","embeddable":true,"href":"https:\/\/www.juescha.de\/de_de\/wp-json\/wp\/v2\/product_cat?post=27780"},{"taxonomy":"product_tag","embeddable":true,"href":"https:\/\/www.juescha.de\/de_de\/wp-json\/wp\/v2\/product_tag?post=27780"}],"curies":[{"name":"wp","href":"https:\/\/api.w.org\/{rel}","templated":true}]}}