{"id":27778,"date":"2025-04-28T19:54:11","date_gmt":"2025-04-28T17:54:11","guid":{"rendered":"https:\/\/www.juescha.de\/shop\/unkategorisiert\/guerteltasche-s-querformat-3\/"},"modified":"2026-01-21T08:49:23","modified_gmt":"2026-01-21T07:49:23","slug":"guerteltasche-s-querformat-3","status":"publish","type":"product","link":"https:\/\/www.juescha.de\/de_de\/shop\/mika\/guerteltasche-s-querformat-3\/","title":{"rendered":"G\u00fcrteltasche S Querformat"},"content":{"rendered":"<h1>G\u00fcrteltasche S <\/h1>\n<p>Querformat , unterteiltes Hauptfach, G\u00fcrtelschnalle, zwei G\u00fcrtelschlaufen<br \/>\nDie G\u00fcrteltasche S Querformat in dunkelbraun matt von Mika ist eine stilvolle und praktische Wahl f\u00fcr den t\u00e4glichen Gebrauch. Diese Tasche ist aus hochwertigem und strapazierf\u00e4higem Sattelleder gefertigt, das eine lange Lebensdauer gew\u00e4hrleistet. Die Tasche verf\u00fcgt \u00fcber ein ger\u00e4umiges Hauptfach, das gen\u00fcgend Platz f\u00fcr alle Ihre wichtigen Dinge bietet, wie z.B. Geldb\u00f6rse, Schl\u00fcssel, Handy, Brille und vieles mehr.<br \/>\nDie G\u00fcrteltasche kann bequem um die H\u00fcfte getragen werden. Das dunkelbraune matte Finish verleiht der Tasche einen eleganten Look, der zu jedem Outfit passt. Diese G\u00fcrteltasche ist ideal f\u00fcr den t\u00e4glichen Gebrauch, aber auch f\u00fcr Reisen und Outdoor-Aktivit\u00e4ten geeignet. Mit ihrer kompakten Gr\u00f6\u00dfe von ca. 12 x 4 x 9 cm und dem praktischen Design ist sie eine hervorragende Wahl f\u00fcr alle, die Wert auf Funktionalit\u00e4t und Stil legen.<\/p>\n","protected":false},"excerpt":{"rendered":"<ul>\n<li>Hochwertiges, mattes Sattelleder in Dunkelbraun<\/li>\n<li>Ger\u00e4umiges, unterteiltes Hauptfach f\u00fcr wichtige Utensilien<\/li>\n<li>Zwei G\u00fcrtelschlaufen f\u00fcr sicheren Sitz an der H\u00fcfte<\/li>\n<li>Kompakt, stilvoll und ideal f\u00fcr Alltag &#038; Reisen<\/li>\n<\/ul>\n","protected":false},"featured_media":10973,"template":"","meta":{"inline_featured_image":false},"product_brand":[],"product_cat":[1654],"product_tag":[],"class_list":{"0":"post-27778","1":"product","2":"type-product","3":"status-publish","4":"has-post-thumbnail","6":"product_cat-mika","8":"first","9":"instock","10":"shipping-taxable","11":"purchasable","12":"product-type-simple"},"_links":{"self":[{"href":"https:\/\/www.juescha.de\/de_de\/wp-json\/wp\/v2\/product\/27778","targetHints":{"allow":["GET"]}}],"collection":[{"href":"https:\/\/www.juescha.de\/de_de\/wp-json\/wp\/v2\/product"}],"about":[{"href":"https:\/\/www.juescha.de\/de_de\/wp-json\/wp\/v2\/types\/product"}],"version-history":[{"count":0,"href":"https:\/\/www.juescha.de\/de_de\/wp-json\/wp\/v2\/product\/27778\/revisions"}],"wp:featuredmedia":[{"embeddable":true,"href":"https:\/\/www.juescha.de\/de_de\/wp-json\/wp\/v2\/media\/10973"}],"wp:attachment":[{"href":"https:\/\/www.juescha.de\/de_de\/wp-json\/wp\/v2\/media?parent=27778"}],"wp:term":[{"taxonomy":"product_brand","embeddable":true,"href":"https:\/\/www.juescha.de\/de_de\/wp-json\/wp\/v2\/product_brand?post=27778"},{"taxonomy":"product_cat","embeddable":true,"href":"https:\/\/www.juescha.de\/de_de\/wp-json\/wp\/v2\/product_cat?post=27778"},{"taxonomy":"product_tag","embeddable":true,"href":"https:\/\/www.juescha.de\/de_de\/wp-json\/wp\/v2\/product_tag?post=27778"}],"curies":[{"name":"wp","href":"https:\/\/api.w.org\/{rel}","templated":true}]}}