{"id":27776,"date":"2025-04-28T19:54:11","date_gmt":"2025-04-28T17:54:11","guid":{"rendered":"https:\/\/www.juescha.de\/shop\/unkategorisiert\/guerteltasche-s-querformat\/"},"modified":"2026-01-21T08:49:23","modified_gmt":"2026-01-21T07:49:23","slug":"guerteltasche-s-querformat","status":"publish","type":"product","link":"https:\/\/www.juescha.de\/de_de\/shop\/mika\/guerteltasche-s-querformat\/","title":{"rendered":"G\u00fcrteltasche S Querformat"},"content":{"rendered":"<h1>G\u00fcrteltasche S <\/h1>\n<p>Querformat , unterteiltes Hauptfach, G\u00fcrtelschnalle, zwei G\u00fcrtelschlaufen<br \/>\nDie G\u00fcrteltasche S Querformat in schwarz von Mika ist eine stylische und praktische Tasche, die perfekt f\u00fcr den t\u00e4glichen Gebrauch geeignet ist. Sie ist aus hochwertigem Sattelleder gefertigt und hat ein zeitloses Design, das sich gut zu verschiedenen Outfits kombinieren l\u00e4sst. Die Tasche verf\u00fcgt \u00fcber ein Hauptfach, in dem Sie Ihre wichtigsten Gegenst\u00e4nde wie Smartphone, Geldb\u00f6rse und Schl\u00fcssel sicher aufbewahren k\u00f6nnen. Die G\u00fcrteltasche hat zwei G\u00fcrtelschlaufen, mit dem Sie die Tasche leicht befestigen k\u00f6nnen. Sie k\u00f6nnen ihn damit bequem um Ihre Taille. Das Material der G\u00fcrteltasche ist robust und langlebig, sodass er lange Zeit halten wird. Die G\u00fcrteltasche S Querformat von Mika ist in schwarz erh\u00e4ltlich und hat eine Gr\u00f6\u00dfe von ca. 12 x 4 x 9 cm.<\/p>\n","protected":false},"excerpt":{"rendered":"<ul>\n<li>Robustes Sattelleder in klassischem Schwarz<\/li>\n<li>Praktisches, unterteiltes Hauptfach f\u00fcr Schl\u00fcssel, Handy &#038; Co.<\/li>\n<li>Mit zwei G\u00fcrtelschlaufen sicher am G\u00fcrtel zu tragen<\/li>\n<li>Kompakte Gr\u00f6\u00dfe (ca. 12 x 4 x 9 cm) \u2013 ideal f\u00fcr unterwegs<\/li>\n<\/ul>\n","protected":false},"featured_media":10973,"template":"","meta":{"inline_featured_image":false},"product_brand":[],"product_cat":[1654],"product_tag":[],"class_list":{"0":"post-27776","1":"product","2":"type-product","3":"status-publish","4":"has-post-thumbnail","6":"product_cat-mika","8":"first","9":"instock","10":"shipping-taxable","11":"purchasable","12":"product-type-simple"},"_links":{"self":[{"href":"https:\/\/www.juescha.de\/de_de\/wp-json\/wp\/v2\/product\/27776","targetHints":{"allow":["GET"]}}],"collection":[{"href":"https:\/\/www.juescha.de\/de_de\/wp-json\/wp\/v2\/product"}],"about":[{"href":"https:\/\/www.juescha.de\/de_de\/wp-json\/wp\/v2\/types\/product"}],"version-history":[{"count":0,"href":"https:\/\/www.juescha.de\/de_de\/wp-json\/wp\/v2\/product\/27776\/revisions"}],"wp:featuredmedia":[{"embeddable":true,"href":"https:\/\/www.juescha.de\/de_de\/wp-json\/wp\/v2\/media\/10973"}],"wp:attachment":[{"href":"https:\/\/www.juescha.de\/de_de\/wp-json\/wp\/v2\/media?parent=27776"}],"wp:term":[{"taxonomy":"product_brand","embeddable":true,"href":"https:\/\/www.juescha.de\/de_de\/wp-json\/wp\/v2\/product_brand?post=27776"},{"taxonomy":"product_cat","embeddable":true,"href":"https:\/\/www.juescha.de\/de_de\/wp-json\/wp\/v2\/product_cat?post=27776"},{"taxonomy":"product_tag","embeddable":true,"href":"https:\/\/www.juescha.de\/de_de\/wp-json\/wp\/v2\/product_tag?post=27776"}],"curies":[{"name":"wp","href":"https:\/\/api.w.org\/{rel}","templated":true}]}}