{"id":27773,"date":"2025-04-28T19:54:10","date_gmt":"2025-04-28T17:54:10","guid":{"rendered":"https:\/\/www.juescha.de\/shop\/unkategorisiert\/damentasche-allison-2\/"},"modified":"2026-01-21T08:49:24","modified_gmt":"2026-01-21T07:49:24","slug":"damentasche-allison-2","status":"publish","type":"product","link":"https:\/\/www.juescha.de\/de_de\/shop\/mika\/damentasche-allison-2\/","title":{"rendered":"Damentasche ALLISON"},"content":{"rendered":"<h1>Damentasche ALLISON <\/h1>\n<p>verstellbarer Schultertrageriemen, Verschluss mit G\u00fcrtelschnalle, Hauptfach, Vortasche<br \/>\nDie Damentasche Allison in dunkelbraun matt von Mika ist eine elegante und praktische Wahl f\u00fcr den t\u00e4glichen Gebrauch. Das zeitlose Design der Tasche wird durch hochwertiges Sattelleder und sorgf\u00e4ltige Verarbeitung perfekt abgerundet. Die Tasche verf\u00fcgt \u00fcber einen ger\u00e4umigen Innenraum mit ausreichend Platz f\u00fcr alle Ihre wichtigen Dinge wie Geldb\u00f6rse, Handy, Schl\u00fcssel und Kosmetiktasche. Eine zus\u00e4tzliche Vortasche helfen Ihnen, Ihre Gegenst\u00e4nde organisiert zu halten. Die Damentasche Allison hat auch einen verstellbaren Schultergurt, so dass Sie sie bequem \u00fcber der Schulter. Die dunkelbraune Farbe verleiht der Tasche eine warme und klassische Note, die perfekt zu jedem Outfit passt.<\/p>\n","protected":false},"excerpt":{"rendered":"<ul>\n<li>Hochwertiges Sattelleder in Dunkelbraun<\/li>\n<li>Ger\u00e4umiges Hauptfach und praktische Vortasche<\/li>\n<li>Verstellbarer Schultergurt f\u00fcr optimalen Tragekomfort<\/li>\n<li>Elegantes, zeitloses Design f\u00fcr jeden Anlass<\/li>\n<\/ul>\n","protected":false},"featured_media":10967,"template":"","meta":{"inline_featured_image":false},"product_brand":[],"product_cat":[1654],"product_tag":[],"class_list":{"0":"post-27773","1":"product","2":"type-product","3":"status-publish","4":"has-post-thumbnail","6":"product_cat-mika","8":"first","9":"instock","10":"shipping-taxable","11":"purchasable","12":"product-type-simple"},"_links":{"self":[{"href":"https:\/\/www.juescha.de\/de_de\/wp-json\/wp\/v2\/product\/27773","targetHints":{"allow":["GET"]}}],"collection":[{"href":"https:\/\/www.juescha.de\/de_de\/wp-json\/wp\/v2\/product"}],"about":[{"href":"https:\/\/www.juescha.de\/de_de\/wp-json\/wp\/v2\/types\/product"}],"version-history":[{"count":0,"href":"https:\/\/www.juescha.de\/de_de\/wp-json\/wp\/v2\/product\/27773\/revisions"}],"wp:featuredmedia":[{"embeddable":true,"href":"https:\/\/www.juescha.de\/de_de\/wp-json\/wp\/v2\/media\/10967"}],"wp:attachment":[{"href":"https:\/\/www.juescha.de\/de_de\/wp-json\/wp\/v2\/media?parent=27773"}],"wp:term":[{"taxonomy":"product_brand","embeddable":true,"href":"https:\/\/www.juescha.de\/de_de\/wp-json\/wp\/v2\/product_brand?post=27773"},{"taxonomy":"product_cat","embeddable":true,"href":"https:\/\/www.juescha.de\/de_de\/wp-json\/wp\/v2\/product_cat?post=27773"},{"taxonomy":"product_tag","embeddable":true,"href":"https:\/\/www.juescha.de\/de_de\/wp-json\/wp\/v2\/product_tag?post=27773"}],"curies":[{"name":"wp","href":"https:\/\/api.w.org\/{rel}","templated":true}]}}