{"id":27772,"date":"2025-04-28T19:54:10","date_gmt":"2025-04-28T17:54:10","guid":{"rendered":"https:\/\/www.juescha.de\/shop\/unkategorisiert\/damentasche-allison\/"},"modified":"2026-01-21T08:49:24","modified_gmt":"2026-01-21T07:49:24","slug":"damentasche-allison","status":"publish","type":"product","link":"https:\/\/www.juescha.de\/de_de\/shop\/mika\/damentasche-allison\/","title":{"rendered":"Damentasche ALLISON"},"content":{"rendered":"<h1>Damentasche ALLISON <\/h1>\n<p>verstellbarer Schultertrageriemen, Verschluss mit G\u00fcrtelschnalle, Hauptfach, Vortasche<br \/>\nDie Damentasche Allison in Braun von Mika ist ein stilvolles und praktisches Accessoire f\u00fcr Frauen. Die Tasche ist aus hochwertigem Sattelleder gefertigt, das strapazierf\u00e4hig und langlebig ist. Das Hauptfach der Tasche bietet viel Platz f\u00fcr allt\u00e4gliche Dinge wie Geldb\u00f6rse, Smartphone, Schl\u00fcssel und Kosmetikartikel. Die Tasche hat auch eine Vordertasche mit Druckknopfverschluss, die zus\u00e4tzlichen Stauraum f\u00fcr kleinere Gegenst\u00e4nde bietet. Der verstellbare Schultergurt erm\u00f6glicht es Ihnen, die Tasche bequem an die K\u00f6rpergr\u00f6\u00dfe anzupassen. Das Design der Allison-Tasche ist zeitlos und vielseitig und passt perfekt zu verschiedenen Outfits und Anl\u00e4ssen. Es ist in einer eleganten braunen Farbe erh\u00e4ltlich und hat eine hochwertige Verarbeitung, die f\u00fcr eine lange Lebensdauer sorgt. Wenn Sie auf der Suche nach einer stilvollen und praktischen Damentasche sind, die perfekt f\u00fcr den t\u00e4glichen Gebrauch geeignet ist, ist die Allison-Tasche von Mika eine ausgezeichnete Wahl.<\/p>\n","protected":false},"excerpt":{"rendered":"<ul>\n<li>Strapazierf\u00e4higes Sattelleder<\/li>\n<li>Haupt- und Vordertasche<\/li>\n<li>Verstellbarer Schulterriemen<\/li>\n<li>Schlichtes Design in Braun<\/li>\n<\/ul>\n","protected":false},"featured_media":10967,"template":"","meta":{"inline_featured_image":false},"product_brand":[],"product_cat":[1654],"product_tag":[],"class_list":{"0":"post-27772","1":"product","2":"type-product","3":"status-publish","4":"has-post-thumbnail","6":"product_cat-mika","8":"first","9":"instock","10":"shipping-taxable","11":"purchasable","12":"product-type-simple"},"_links":{"self":[{"href":"https:\/\/www.juescha.de\/de_de\/wp-json\/wp\/v2\/product\/27772","targetHints":{"allow":["GET"]}}],"collection":[{"href":"https:\/\/www.juescha.de\/de_de\/wp-json\/wp\/v2\/product"}],"about":[{"href":"https:\/\/www.juescha.de\/de_de\/wp-json\/wp\/v2\/types\/product"}],"version-history":[{"count":0,"href":"https:\/\/www.juescha.de\/de_de\/wp-json\/wp\/v2\/product\/27772\/revisions"}],"wp:featuredmedia":[{"embeddable":true,"href":"https:\/\/www.juescha.de\/de_de\/wp-json\/wp\/v2\/media\/10967"}],"wp:attachment":[{"href":"https:\/\/www.juescha.de\/de_de\/wp-json\/wp\/v2\/media?parent=27772"}],"wp:term":[{"taxonomy":"product_brand","embeddable":true,"href":"https:\/\/www.juescha.de\/de_de\/wp-json\/wp\/v2\/product_brand?post=27772"},{"taxonomy":"product_cat","embeddable":true,"href":"https:\/\/www.juescha.de\/de_de\/wp-json\/wp\/v2\/product_cat?post=27772"},{"taxonomy":"product_tag","embeddable":true,"href":"https:\/\/www.juescha.de\/de_de\/wp-json\/wp\/v2\/product_tag?post=27772"}],"curies":[{"name":"wp","href":"https:\/\/api.w.org\/{rel}","templated":true}]}}