{"id":27771,"date":"2025-04-28T19:54:10","date_gmt":"2025-04-28T17:54:10","guid":{"rendered":"https:\/\/www.juescha.de\/shop\/unkategorisiert\/damentasche-bonny-2\/"},"modified":"2026-01-21T08:49:25","modified_gmt":"2026-01-21T07:49:25","slug":"damentasche-bonny-2","status":"publish","type":"product","link":"https:\/\/www.juescha.de\/de_de\/shop\/mika\/damentasche-bonny-2\/","title":{"rendered":"Damentasche BONNY"},"content":{"rendered":"<h1>Damentasche BONNY<\/h1>\n<p>verstellbarer Schultertrageriemen, Verschluss mit G\u00fcrtelschnalle, Hauptfach, Vortasche<br \/>\nDie Damentasche Bonny in dunkelbraun matt von Mika ist ein stilvolles Accessoire, das sowohl funktional als auch modisch ist. Die Tasche ist aus hochwertigem Sattelleder gefertigt und hat eine elegante, zeitlose Optik. Die Tasche verf\u00fcgt \u00fcber ein ger\u00e4umiges Hauptfach, in dem all Ihre t\u00e4glichen Gegenst\u00e4nde untergebracht werden k\u00f6nnen. Innen gibt es ein gro\u00dfes Hauptfach, das perfekt f\u00fcr die Organisation Ihrer pers\u00f6nlichen Gegenst\u00e4nde geeignet sind. Au\u00dfen befindet sich ein Vortasche f\u00fcr kleinere Gegenst\u00e4nde. Das Design der Tasche ist schlicht und klassisch, mit einer sch\u00f6nen dunkelbraunen Farbe, die zu vielen Outfits passt. Die Tasche hat einen verstellbaren Schulterriemen, der f\u00fcr optimalen Tragekomfort sorgt. Der Verschluss der Tasche besteht aus einer G\u00fcrtelschnalle, die Ihre Sachen sicher und gut gesch\u00fctzt h\u00e4lt. Die Tasche ist eine perfekte Wahl f\u00fcr Frauen, die eine stilvolle und praktische Tasche suchen, die zu vielen Gelegenheiten getragen werden kann.<\/p>\n","protected":false},"excerpt":{"rendered":"<ul>\n<li>Elegantes, mattes Sattelleder in Dunkelbraun<\/li>\n<li>Gro\u00dfes Hauptfach und praktische Vortasche<\/li>\n<li>Verstellbarer Schulterriemen f\u00fcr bequemen Tragekomfort<\/li>\n<li>Sicherer Verschluss mit stilvoller G\u00fcrtelschnalle<\/li>\n<\/ul>\n","protected":false},"featured_media":10964,"template":"","meta":{"inline_featured_image":false},"product_brand":[],"product_cat":[1654],"product_tag":[],"class_list":{"0":"post-27771","1":"product","2":"type-product","3":"status-publish","4":"has-post-thumbnail","6":"product_cat-mika","8":"first","9":"instock","10":"shipping-taxable","11":"purchasable","12":"product-type-simple"},"_links":{"self":[{"href":"https:\/\/www.juescha.de\/de_de\/wp-json\/wp\/v2\/product\/27771","targetHints":{"allow":["GET"]}}],"collection":[{"href":"https:\/\/www.juescha.de\/de_de\/wp-json\/wp\/v2\/product"}],"about":[{"href":"https:\/\/www.juescha.de\/de_de\/wp-json\/wp\/v2\/types\/product"}],"version-history":[{"count":0,"href":"https:\/\/www.juescha.de\/de_de\/wp-json\/wp\/v2\/product\/27771\/revisions"}],"wp:featuredmedia":[{"embeddable":true,"href":"https:\/\/www.juescha.de\/de_de\/wp-json\/wp\/v2\/media\/10964"}],"wp:attachment":[{"href":"https:\/\/www.juescha.de\/de_de\/wp-json\/wp\/v2\/media?parent=27771"}],"wp:term":[{"taxonomy":"product_brand","embeddable":true,"href":"https:\/\/www.juescha.de\/de_de\/wp-json\/wp\/v2\/product_brand?post=27771"},{"taxonomy":"product_cat","embeddable":true,"href":"https:\/\/www.juescha.de\/de_de\/wp-json\/wp\/v2\/product_cat?post=27771"},{"taxonomy":"product_tag","embeddable":true,"href":"https:\/\/www.juescha.de\/de_de\/wp-json\/wp\/v2\/product_tag?post=27771"}],"curies":[{"name":"wp","href":"https:\/\/api.w.org\/{rel}","templated":true}]}}