{"id":27769,"date":"2025-04-28T19:54:09","date_gmt":"2025-04-28T17:54:09","guid":{"rendered":"https:\/\/www.juescha.de\/shop\/unkategorisiert\/doktorentasche-heston-2\/"},"modified":"2026-01-21T08:49:19","modified_gmt":"2026-01-21T07:49:19","slug":"doktorentasche-heston-2","status":"publish","type":"product","link":"https:\/\/www.juescha.de\/de_de\/shop\/mika\/doktorentasche-heston-2\/","title":{"rendered":"Doktorentasche HESTON"},"content":{"rendered":"<h1>Doktorentasche HESTON <\/h1>\n<p>Tragegriff, Schloss, Hauptfach, ein Einsteckfach, Visitenkartenfach, verstellbare Schlaufen f\u00fcr Stifte usw.<br \/>\nDie Doktorentasche Heston in dunkelbraun matt von Mika ist eine stilvolle und funktionale Tasche, die perfekt f\u00fcr den Einsatz im medizinischen Bereich geeignet ist. Diese Tasche ist aus hochwertigem Sattelleder gefertigt und hat eine elegante matte Oberfl\u00e4che in einem warmen Dunkelbraun-Ton. Die Heston Doktorentasche bietet viel Platz und Funktionalit\u00e4t. Sie verf\u00fcgt \u00fcber ein ger\u00e4umiges Hauptfach, das Platz f\u00fcr alle wichtigen medizinischen Instrumente und Unterlagen bietet. Es gibt auch mehrere Innentaschen f\u00fcr die Organisation von kleineren Gegenst\u00e4nden wie Stiften, Notizbl\u00f6cken und Mobiltelefonen. Die Tasche wird mit einem Schloss verschlossen, der die Inhalte sicher und gesch\u00fctzt h\u00e4lt. Die Doktorentasche Heston von Mika ist auch sehr bequem zu tragen. Es verf\u00fcgt \u00fcber einen robusten Tragegriff, der eine bequeme Handhabung erm\u00f6glich. Dar\u00fcber hinaus sorgt das hochwertige Sattelleder f\u00fcr ein angenehmes Tragegef\u00fchl und bietet gleichzeitig einen klassischen und zeitlosen Look. Insgesamt ist die Doktorentasche Heston in dunkelbraun matt von Mika eine hervorragende Wahl f\u00fcr jeden Arzt oder medizinischen Fachmann, der eine stilvolle und funktionale Tasche ben\u00f6tigt, um seine Arbeit zu erledigen.<\/p>\n","protected":false},"excerpt":{"rendered":"<ul>\n<li>Elegantes, mattes Sattelleder in Dunkelbraun<\/li>\n<li>Ger\u00e4umiges Hauptfach mit Schloss f\u00fcr sicheren Transport<\/li>\n<li>Innenf\u00e4cher f\u00fcr Stifte, Visitenkarten &#038; Zubeh\u00f6r<\/li>\n<li>Robuster Tragegriff \u2013 ideal f\u00fcr den medizinischen Alltag<\/li>\n<\/ul>\n","protected":false},"featured_media":10961,"template":"","meta":{"inline_featured_image":false},"product_brand":[],"product_cat":[1654],"product_tag":[],"class_list":{"0":"post-27769","1":"product","2":"type-product","3":"status-publish","4":"has-post-thumbnail","6":"product_cat-mika","8":"first","9":"instock","10":"shipping-taxable","11":"purchasable","12":"product-type-simple"},"_links":{"self":[{"href":"https:\/\/www.juescha.de\/de_de\/wp-json\/wp\/v2\/product\/27769","targetHints":{"allow":["GET"]}}],"collection":[{"href":"https:\/\/www.juescha.de\/de_de\/wp-json\/wp\/v2\/product"}],"about":[{"href":"https:\/\/www.juescha.de\/de_de\/wp-json\/wp\/v2\/types\/product"}],"version-history":[{"count":0,"href":"https:\/\/www.juescha.de\/de_de\/wp-json\/wp\/v2\/product\/27769\/revisions"}],"wp:featuredmedia":[{"embeddable":true,"href":"https:\/\/www.juescha.de\/de_de\/wp-json\/wp\/v2\/media\/10961"}],"wp:attachment":[{"href":"https:\/\/www.juescha.de\/de_de\/wp-json\/wp\/v2\/media?parent=27769"}],"wp:term":[{"taxonomy":"product_brand","embeddable":true,"href":"https:\/\/www.juescha.de\/de_de\/wp-json\/wp\/v2\/product_brand?post=27769"},{"taxonomy":"product_cat","embeddable":true,"href":"https:\/\/www.juescha.de\/de_de\/wp-json\/wp\/v2\/product_cat?post=27769"},{"taxonomy":"product_tag","embeddable":true,"href":"https:\/\/www.juescha.de\/de_de\/wp-json\/wp\/v2\/product_tag?post=27769"}],"curies":[{"name":"wp","href":"https:\/\/api.w.org\/{rel}","templated":true}]}}