{"id":27768,"date":"2025-04-28T19:54:09","date_gmt":"2025-04-28T17:54:09","guid":{"rendered":"https:\/\/www.juescha.de\/shop\/unkategorisiert\/doktorentasche-heston\/"},"modified":"2026-01-21T08:49:19","modified_gmt":"2026-01-21T07:49:19","slug":"doktorentasche-heston","status":"publish","type":"product","link":"https:\/\/www.juescha.de\/de_de\/shop\/mika\/doktorentasche-heston\/","title":{"rendered":"Doktorentasche HESTON"},"content":{"rendered":"<h1>Doktorentasche HESTON <\/h1>\n<p>Tragegriff, Schloss, Hauptfach, ein Einsteckfach, Visitenkartenfach, verstellbare Schlaufen f\u00fcr Stifte usw.<br \/>\nDie Doktorentasche &#8220;Heston&#8221; in Braun von Mika ist eine stilvolle und praktische Tasche f\u00fcr den t\u00e4glichen Gebrauch. Die Tasche besteht aus hochwertigem Sattelleder und verf\u00fcgt \u00fcber eine klassische Form mit einem stabilen Boden, der f\u00fcr zus\u00e4tzliche Stabilit\u00e4t sorgt. Das Hauptfach der Tasche ist ger\u00e4umig und bietet Platz f\u00fcr alle wichtigen Dokumente und Utensilien, die ein Doktor ben\u00f6tigt. Es ist mit einem Schloss verschlie\u00dfbar, um Ihre Sachen sicher zu halten. Im Inneren befinden sich mehrere F\u00e4cher und Taschen, um Ihre Gegenst\u00e4nde organisiert zu halten.<br \/>\n Die Tasche wird durch den praktischen Tragegriff getragen. Die Heston Doktorentasche ist in Braun erh\u00e4ltlich und hat ein zeitloses Design, das zu jedem Stil passt. Sie ist ideal f\u00fcr den t\u00e4glichen Gebrauch oder f\u00fcr Gesch\u00e4ftsreisen. Insgesamt ist die Heston Doktorentasche eine elegante und praktische Wahl f\u00fcr jeden Doktor oder Gesch\u00e4ftsmann, der stilvolle und funktionale Taschen sch\u00e4tzt.<\/p>\n","protected":false},"excerpt":{"rendered":"<ul>\n<li>Gefertigt aus hochwertigem braunem Sattelleder<\/li>\n<li>Ger\u00e4umiges Hauptfach mit Schloss<\/li>\n<li>Innen mit Einsteckfach, Visitenkartenfach &#038; Stiftschlaufen<\/li>\n<li>Stabiler Boden &#038; Tragegriff \u2013 ideal f\u00fcr Beruf &#038; Reisen<\/li>\n<\/ul>\n","protected":false},"featured_media":10961,"template":"","meta":{"inline_featured_image":false},"product_brand":[],"product_cat":[1654],"product_tag":[],"class_list":{"0":"post-27768","1":"product","2":"type-product","3":"status-publish","4":"has-post-thumbnail","6":"product_cat-mika","8":"first","9":"instock","10":"shipping-taxable","11":"purchasable","12":"product-type-simple"},"_links":{"self":[{"href":"https:\/\/www.juescha.de\/de_de\/wp-json\/wp\/v2\/product\/27768","targetHints":{"allow":["GET"]}}],"collection":[{"href":"https:\/\/www.juescha.de\/de_de\/wp-json\/wp\/v2\/product"}],"about":[{"href":"https:\/\/www.juescha.de\/de_de\/wp-json\/wp\/v2\/types\/product"}],"version-history":[{"count":0,"href":"https:\/\/www.juescha.de\/de_de\/wp-json\/wp\/v2\/product\/27768\/revisions"}],"wp:featuredmedia":[{"embeddable":true,"href":"https:\/\/www.juescha.de\/de_de\/wp-json\/wp\/v2\/media\/10961"}],"wp:attachment":[{"href":"https:\/\/www.juescha.de\/de_de\/wp-json\/wp\/v2\/media?parent=27768"}],"wp:term":[{"taxonomy":"product_brand","embeddable":true,"href":"https:\/\/www.juescha.de\/de_de\/wp-json\/wp\/v2\/product_brand?post=27768"},{"taxonomy":"product_cat","embeddable":true,"href":"https:\/\/www.juescha.de\/de_de\/wp-json\/wp\/v2\/product_cat?post=27768"},{"taxonomy":"product_tag","embeddable":true,"href":"https:\/\/www.juescha.de\/de_de\/wp-json\/wp\/v2\/product_tag?post=27768"}],"curies":[{"name":"wp","href":"https:\/\/api.w.org\/{rel}","templated":true}]}}