{"id":27764,"date":"2025-04-28T19:54:08","date_gmt":"2025-04-28T17:54:08","guid":{"rendered":"https:\/\/www.juescha.de\/shop\/unkategorisiert\/schluesselanhaenger-gross-4\/"},"modified":"2026-01-21T08:49:21","modified_gmt":"2026-01-21T07:49:21","slug":"schluesselanhaenger-gross-4","status":"publish","type":"product","link":"https:\/\/www.juescha.de\/de_de\/shop\/mika\/schluesselanhaenger-gross-4\/","title":{"rendered":"Schl\u00fcsselanh\u00e4nger gro\u00df"},"content":{"rendered":"<h1>Schl\u00fcsselanh\u00e4nger gro\u00df mit M\u00fcnzfach und Druckknopf<\/h1>\n<p>Der Schl\u00fcsselanh\u00e4nger gro\u00df in gr\u00fcn von Mika ist ein stilvolles und praktisches Accessoire, das sowohl f\u00fcr den pers\u00f6nlichen Gebrauch als auch als Geschenk geeignet ist. Dieser Schl\u00fcsselanh\u00e4nger ist aus hochwertigem Sattelleder gefertigt und hat eine attraktive gr\u00fcne Farbe, die auff\u00e4llig und dennoch subtil ist. Der Schl\u00fcsselanh\u00e4nger hat einen Durchmesser von 9 cm. Das Design ist einfach, aber elegant, mit einem kleinen Karabiner an einem Ende, an dem ein Schl\u00fcssel befestigt werden kann. Der Schl\u00fcsselanh\u00e4nger ist leicht und passt bequem in jede Tasche. Er ist ein echter Hingucker und das perfekte Accessoire f\u00fcr jeden, der seine Schl\u00fcssel gerne stilvoll und praktisch aufbewahren m\u00f6chte. Insgesamt ist der Schl\u00fcsselanh\u00e4nger gro\u00df in gr\u00fcn von Mika ein stilvolles und n\u00fctzliches Accessoire, das jedem gefallen wird, der auf der Suche nach einem hochwertigen Schl\u00fcsselanh\u00e4nger ist.<\/p>\n","protected":false},"excerpt":{"rendered":"<ul>\n<li>Gro\u00dfer Schl\u00fcsselanh\u00e4nger aus gr\u00fcnem Sattelleder<\/li>\n<li>Mit M\u00fcnzfach und sicherem Druckknopf<\/li>\n<li>9 cm Durchmesser, ideal f\u00fcr mehrere Schl\u00fcssel<\/li>\n<li>Stilvoll, leicht und ideal als Geschenk<\/li>\n<\/ul>\n","protected":false},"featured_media":10955,"template":"","meta":{"inline_featured_image":false},"product_brand":[],"product_cat":[1654],"product_tag":[],"class_list":{"0":"post-27764","1":"product","2":"type-product","3":"status-publish","4":"has-post-thumbnail","6":"product_cat-mika","8":"first","9":"instock","10":"shipping-taxable","11":"purchasable","12":"product-type-simple"},"_links":{"self":[{"href":"https:\/\/www.juescha.de\/de_de\/wp-json\/wp\/v2\/product\/27764","targetHints":{"allow":["GET"]}}],"collection":[{"href":"https:\/\/www.juescha.de\/de_de\/wp-json\/wp\/v2\/product"}],"about":[{"href":"https:\/\/www.juescha.de\/de_de\/wp-json\/wp\/v2\/types\/product"}],"version-history":[{"count":0,"href":"https:\/\/www.juescha.de\/de_de\/wp-json\/wp\/v2\/product\/27764\/revisions"}],"wp:featuredmedia":[{"embeddable":true,"href":"https:\/\/www.juescha.de\/de_de\/wp-json\/wp\/v2\/media\/10955"}],"wp:attachment":[{"href":"https:\/\/www.juescha.de\/de_de\/wp-json\/wp\/v2\/media?parent=27764"}],"wp:term":[{"taxonomy":"product_brand","embeddable":true,"href":"https:\/\/www.juescha.de\/de_de\/wp-json\/wp\/v2\/product_brand?post=27764"},{"taxonomy":"product_cat","embeddable":true,"href":"https:\/\/www.juescha.de\/de_de\/wp-json\/wp\/v2\/product_cat?post=27764"},{"taxonomy":"product_tag","embeddable":true,"href":"https:\/\/www.juescha.de\/de_de\/wp-json\/wp\/v2\/product_tag?post=27764"}],"curies":[{"name":"wp","href":"https:\/\/api.w.org\/{rel}","templated":true}]}}