{"id":27763,"date":"2025-04-28T19:54:08","date_gmt":"2025-04-28T17:54:08","guid":{"rendered":"https:\/\/www.juescha.de\/shop\/unkategorisiert\/schluesselanhaenger-gross-3\/"},"modified":"2026-01-21T08:49:21","modified_gmt":"2026-01-21T07:49:21","slug":"schluesselanhaenger-gross-3","status":"publish","type":"product","link":"https:\/\/www.juescha.de\/de_de\/shop\/mika\/schluesselanhaenger-gross-3\/","title":{"rendered":"Schl\u00fcsselanh\u00e4nger gro\u00df"},"content":{"rendered":"<h1>Schl\u00fcsselanh\u00e4nger gro\u00df mit M\u00fcnzfach und Druckknopf<\/h1>\n<p>Der Schl\u00fcsselanh\u00e4nger gro\u00df in Rot von Mika ist ein stilvolles Accessoire, das Ihren Schl\u00fcsselbund nicht nur schm\u00fcckt, sondern auch vor Verlust von Kleingeld sch\u00fctzt. Der Anh\u00e4nger besteht aus hochwertigem Sattelleder und ist in kr\u00e4ftigem Rot gehalten, was ihm eine auff\u00e4llige und ansprechende Optik verleiht. Der Anh\u00e4nger hat einen Durchmesser von ca. 9 cm und verf\u00fcgt \u00fcber einen praktischen Karabiner, an dem Sie Ihre Schl\u00fcssel befestigen k\u00f6nnen. Dank des gro\u00dfz\u00fcgigen Durchmessers des Rings k\u00f6nnen Sie problemlos mehrere Schl\u00fcssel und auch kleine Anh\u00e4nger oder Accessoires daran befestigen. Der Schl\u00fcsselanh\u00e4nger ist robust und langlebig und eignet sich hervorragend f\u00fcr den t\u00e4glichen Gebrauch. Er ist auch ein ideales Geschenk f\u00fcr Freunde oder Familie, die einen stilvollen Schl\u00fcsselanh\u00e4nger suchen.<\/p>\n","protected":false},"excerpt":{"rendered":"<ul>\n<li>Gro\u00dfer Schl\u00fcsselanh\u00e4nger aus rotem Sattelleder<\/li>\n<li>Mit M\u00fcnzfach und Druckknopf<\/li>\n<li>Stabiler Karabiner f\u00fcr Schl\u00fcssel<\/li>\n<li>Robust und alltagstauglich<\/li>\n<\/ul>\n","protected":false},"featured_media":10955,"template":"","meta":{"inline_featured_image":false},"product_brand":[],"product_cat":[1654],"product_tag":[],"class_list":{"0":"post-27763","1":"product","2":"type-product","3":"status-publish","4":"has-post-thumbnail","6":"product_cat-mika","8":"first","9":"instock","10":"shipping-taxable","11":"purchasable","12":"product-type-simple"},"_links":{"self":[{"href":"https:\/\/www.juescha.de\/de_de\/wp-json\/wp\/v2\/product\/27763","targetHints":{"allow":["GET"]}}],"collection":[{"href":"https:\/\/www.juescha.de\/de_de\/wp-json\/wp\/v2\/product"}],"about":[{"href":"https:\/\/www.juescha.de\/de_de\/wp-json\/wp\/v2\/types\/product"}],"version-history":[{"count":0,"href":"https:\/\/www.juescha.de\/de_de\/wp-json\/wp\/v2\/product\/27763\/revisions"}],"wp:featuredmedia":[{"embeddable":true,"href":"https:\/\/www.juescha.de\/de_de\/wp-json\/wp\/v2\/media\/10955"}],"wp:attachment":[{"href":"https:\/\/www.juescha.de\/de_de\/wp-json\/wp\/v2\/media?parent=27763"}],"wp:term":[{"taxonomy":"product_brand","embeddable":true,"href":"https:\/\/www.juescha.de\/de_de\/wp-json\/wp\/v2\/product_brand?post=27763"},{"taxonomy":"product_cat","embeddable":true,"href":"https:\/\/www.juescha.de\/de_de\/wp-json\/wp\/v2\/product_cat?post=27763"},{"taxonomy":"product_tag","embeddable":true,"href":"https:\/\/www.juescha.de\/de_de\/wp-json\/wp\/v2\/product_tag?post=27763"}],"curies":[{"name":"wp","href":"https:\/\/api.w.org\/{rel}","templated":true}]}}