{"id":27762,"date":"2025-04-28T19:54:07","date_gmt":"2025-04-28T17:54:07","guid":{"rendered":"https:\/\/www.juescha.de\/shop\/unkategorisiert\/schluesselanhaenger-gross-2\/"},"modified":"2026-01-21T08:49:22","modified_gmt":"2026-01-21T07:49:22","slug":"schluesselanhaenger-gross-2","status":"publish","type":"product","link":"https:\/\/www.juescha.de\/de_de\/shop\/mika\/schluesselanhaenger-gross-2\/","title":{"rendered":"Schl\u00fcsselanh\u00e4nger gro\u00df"},"content":{"rendered":"<h1>Schl\u00fcsselanh\u00e4nger gro\u00df mit M\u00fcnzfach und Druckknopf<\/h1>\n<p>Der Schl\u00fcsselanh\u00e4nger gro\u00df in braun von Mika ist ein stilvolles Accessoire, das nicht nur Ihre Schl\u00fcssel sicher aufbewahrt, sondern auch einen Hauch von Eleganz und Klasse in Ihren Alltag bringt. Das Design des Schl\u00fcsselanh\u00e4ngers ist schlicht und zeitlos. Duch das hochwertige Sattelleder ist der Anh\u00e4nger robust und langlebig und h\u00e4lt den t\u00e4glichen Gebrauch stand. Ein praktisches Merkmal des Schl\u00fcsselanh\u00e4ngers ist der robuste Karabiner, an dem Ihre Schl\u00fcssel sicher befestigt sind. Der Karabiner ist gro\u00df genug, um mehrere Schl\u00fcssel gleichzeitig aufzunehmen, so dass Sie alle wichtigen Schl\u00fcssel an einem Ort haben.<br \/>\nDer Anh\u00e4nger ist sorgf\u00e4ltig verarbeitet und bis ins kleinste Detail perfektioniert. Er ist ein Qualit\u00e4tsprodukt, das Ihnen jahrelang Freude bereiten wird. Mit seinem klassischen Design und seiner hochwertigen Verarbeitung ist dieser Schl\u00fcsselanh\u00e4nger eine tolle Geschenkidee f\u00fcr Freunde und Familie oder eine gro\u00dfartige M\u00f6glichkeit, sich selbst zu verw\u00f6hnen.<\/p>\n","protected":false},"excerpt":{"rendered":"<ul>\n<li>Robustes Sattelleder in Braun<\/li>\n<li>M\u00fcnzfach mit Druckknopf<\/li>\n<li>Stabiler Karabiner<\/li>\n<li>Klassisches, zeitloses Design<\/li>\n<\/ul>\n","protected":false},"featured_media":10955,"template":"","meta":{"inline_featured_image":false},"product_brand":[],"product_cat":[1654],"product_tag":[],"class_list":{"0":"post-27762","1":"product","2":"type-product","3":"status-publish","4":"has-post-thumbnail","6":"product_cat-mika","8":"first","9":"instock","10":"shipping-taxable","11":"purchasable","12":"product-type-simple"},"_links":{"self":[{"href":"https:\/\/www.juescha.de\/de_de\/wp-json\/wp\/v2\/product\/27762","targetHints":{"allow":["GET"]}}],"collection":[{"href":"https:\/\/www.juescha.de\/de_de\/wp-json\/wp\/v2\/product"}],"about":[{"href":"https:\/\/www.juescha.de\/de_de\/wp-json\/wp\/v2\/types\/product"}],"version-history":[{"count":0,"href":"https:\/\/www.juescha.de\/de_de\/wp-json\/wp\/v2\/product\/27762\/revisions"}],"wp:featuredmedia":[{"embeddable":true,"href":"https:\/\/www.juescha.de\/de_de\/wp-json\/wp\/v2\/media\/10955"}],"wp:attachment":[{"href":"https:\/\/www.juescha.de\/de_de\/wp-json\/wp\/v2\/media?parent=27762"}],"wp:term":[{"taxonomy":"product_brand","embeddable":true,"href":"https:\/\/www.juescha.de\/de_de\/wp-json\/wp\/v2\/product_brand?post=27762"},{"taxonomy":"product_cat","embeddable":true,"href":"https:\/\/www.juescha.de\/de_de\/wp-json\/wp\/v2\/product_cat?post=27762"},{"taxonomy":"product_tag","embeddable":true,"href":"https:\/\/www.juescha.de\/de_de\/wp-json\/wp\/v2\/product_tag?post=27762"}],"curies":[{"name":"wp","href":"https:\/\/api.w.org\/{rel}","templated":true}]}}