{"id":27761,"date":"2025-04-28T19:54:07","date_gmt":"2025-04-28T17:54:07","guid":{"rendered":"https:\/\/www.juescha.de\/shop\/unkategorisiert\/schluesselanhaenger-gross\/"},"modified":"2026-01-21T08:49:22","modified_gmt":"2026-01-21T07:49:22","slug":"schluesselanhaenger-gross","status":"publish","type":"product","link":"https:\/\/www.juescha.de\/de_de\/shop\/mika\/schluesselanhaenger-gross\/","title":{"rendered":"Schl\u00fcsselanh\u00e4nger gro\u00df"},"content":{"rendered":"<h1>Schl\u00fcsselanh\u00e4nger gro\u00df mit M\u00fcnzfach und Druckknopf <\/h1>\n<p>Der Schl\u00fcsselanh\u00e4nger gro\u00df in schwarz von Mika ist ein praktisches Accessoire f\u00fcr den t\u00e4glichen Gebrauch. Der Anh\u00e4nger ist aus hochwertigem Sattelleder gefertigt und hat eine angenehme Haptik. Das schlichte, elegante Design ist in der Farbe Schwarz gehalten und passt perfekt zu jedem Look. Der Schl\u00fcsselanh\u00e4nger ist mit einem robusten Karabiner ausgestattet, an dem mehrere Schl\u00fcssel befestigt werden k\u00f6nnen. Der Karabiner ist sicher und l\u00e4sst sich einfach \u00f6ffnen und schlie\u00dfen. Dank der Gr\u00f6\u00dfe des Anh\u00e4ngers ist er leicht zu finden und zu greifen, wenn man nach den Schl\u00fcsseln sucht. Insgesamt ist der Mika Schl\u00fcsselanh\u00e4nger gro\u00df in schwarz eine praktische und stilvolle Wahl f\u00fcr alle, die ihr Kleingeld sicher und griffbereit aufbewahren m\u00f6chten.<\/p>\n","protected":false},"excerpt":{"rendered":"<ul>\n<li>Hochwertiges schwarzes Sattelleder<\/li>\n<li>Gro\u00dfes M\u00fcnzfach mit Druckknopf<\/li>\n<li>Stabiler Karabiner f\u00fcr mehrere Schl\u00fcssel<\/li>\n<li>Stilvoll, praktisch und gut greifbar<\/li>\n<\/ul>\n","protected":false},"featured_media":10955,"template":"","meta":{"inline_featured_image":false},"product_brand":[],"product_cat":[1654],"product_tag":[],"class_list":{"0":"post-27761","1":"product","2":"type-product","3":"status-publish","4":"has-post-thumbnail","6":"product_cat-mika","8":"first","9":"instock","10":"shipping-taxable","11":"purchasable","12":"product-type-simple"},"_links":{"self":[{"href":"https:\/\/www.juescha.de\/de_de\/wp-json\/wp\/v2\/product\/27761","targetHints":{"allow":["GET"]}}],"collection":[{"href":"https:\/\/www.juescha.de\/de_de\/wp-json\/wp\/v2\/product"}],"about":[{"href":"https:\/\/www.juescha.de\/de_de\/wp-json\/wp\/v2\/types\/product"}],"version-history":[{"count":0,"href":"https:\/\/www.juescha.de\/de_de\/wp-json\/wp\/v2\/product\/27761\/revisions"}],"wp:featuredmedia":[{"embeddable":true,"href":"https:\/\/www.juescha.de\/de_de\/wp-json\/wp\/v2\/media\/10955"}],"wp:attachment":[{"href":"https:\/\/www.juescha.de\/de_de\/wp-json\/wp\/v2\/media?parent=27761"}],"wp:term":[{"taxonomy":"product_brand","embeddable":true,"href":"https:\/\/www.juescha.de\/de_de\/wp-json\/wp\/v2\/product_brand?post=27761"},{"taxonomy":"product_cat","embeddable":true,"href":"https:\/\/www.juescha.de\/de_de\/wp-json\/wp\/v2\/product_cat?post=27761"},{"taxonomy":"product_tag","embeddable":true,"href":"https:\/\/www.juescha.de\/de_de\/wp-json\/wp\/v2\/product_tag?post=27761"}],"curies":[{"name":"wp","href":"https:\/\/api.w.org\/{rel}","templated":true}]}}