{"id":27760,"date":"2025-04-28T19:54:06","date_gmt":"2025-04-28T17:54:06","guid":{"rendered":"https:\/\/www.juescha.de\/shop\/unkategorisiert\/schluesselanhaenger-klein-5\/"},"modified":"2026-01-21T08:49:22","modified_gmt":"2026-01-21T07:49:22","slug":"schluesselanhaenger-klein-5","status":"publish","type":"product","link":"https:\/\/www.juescha.de\/de_de\/shop\/mika\/schluesselanhaenger-klein-5\/","title":{"rendered":"Schl\u00fcsselanh\u00e4nger klein"},"content":{"rendered":"<h1>Schl\u00fcsselanh\u00e4nger klein mit M\u00fcnzfach und Druckknopf<\/h1>\n<p>Der kleine Schl\u00fcsselanh\u00e4nger in Blau von Mika ist ein praktisches Accessoire, das Ihnen hilft, Ihre Schl\u00fcssel immer griffbereit zu halten. Der Anh\u00e4nger ist in einem attraktiven Blauton gehalten, der ihm eine stilvolle Optik verleiht und ihn zu einem echten Hingucker macht. Der Anh\u00e4nger besteht aus robustem und langlebigem Sattelleder und ist daher besonders widerstandsf\u00e4hig gegen\u00fcber allt\u00e4glichen Belastungen. Der Schl\u00fcsselanh\u00e4nger ist leicht und handlich, so dass er bequem in der Tasche oder am G\u00fcrtel getragen werden kann. Er eignet sich auch ideal als Geschenk f\u00fcr Freunde, Familie oder Kollegen, die einen praktischen Schl\u00fcsselanh\u00e4nger ben\u00f6tigen.<\/p>\n","protected":false},"excerpt":{"rendered":"<ul>\n<li>Robuster Schl\u00fcsselanh\u00e4nger aus Sattelleder<\/li>\n<li>Mit M\u00fcnzfach und Druckknopf<\/li>\n<li>Stilvolles Design in Blau<\/li>\n<li>Leicht, kompakt, ideal f\u00fcr unterwegs<\/li>\n<\/ul>\n","protected":false},"featured_media":10952,"template":"","meta":{"inline_featured_image":false},"product_brand":[],"product_cat":[1654],"product_tag":[],"class_list":{"0":"post-27760","1":"product","2":"type-product","3":"status-publish","4":"has-post-thumbnail","6":"product_cat-mika","8":"first","9":"instock","10":"shipping-taxable","11":"purchasable","12":"product-type-simple"},"_links":{"self":[{"href":"https:\/\/www.juescha.de\/de_de\/wp-json\/wp\/v2\/product\/27760","targetHints":{"allow":["GET"]}}],"collection":[{"href":"https:\/\/www.juescha.de\/de_de\/wp-json\/wp\/v2\/product"}],"about":[{"href":"https:\/\/www.juescha.de\/de_de\/wp-json\/wp\/v2\/types\/product"}],"version-history":[{"count":0,"href":"https:\/\/www.juescha.de\/de_de\/wp-json\/wp\/v2\/product\/27760\/revisions"}],"wp:featuredmedia":[{"embeddable":true,"href":"https:\/\/www.juescha.de\/de_de\/wp-json\/wp\/v2\/media\/10952"}],"wp:attachment":[{"href":"https:\/\/www.juescha.de\/de_de\/wp-json\/wp\/v2\/media?parent=27760"}],"wp:term":[{"taxonomy":"product_brand","embeddable":true,"href":"https:\/\/www.juescha.de\/de_de\/wp-json\/wp\/v2\/product_brand?post=27760"},{"taxonomy":"product_cat","embeddable":true,"href":"https:\/\/www.juescha.de\/de_de\/wp-json\/wp\/v2\/product_cat?post=27760"},{"taxonomy":"product_tag","embeddable":true,"href":"https:\/\/www.juescha.de\/de_de\/wp-json\/wp\/v2\/product_tag?post=27760"}],"curies":[{"name":"wp","href":"https:\/\/api.w.org\/{rel}","templated":true}]}}