{"id":27759,"date":"2025-04-28T19:54:06","date_gmt":"2025-04-28T17:54:06","guid":{"rendered":"https:\/\/www.juescha.de\/shop\/unkategorisiert\/schluesselanhaenger-klein-4\/"},"modified":"2026-01-21T08:49:22","modified_gmt":"2026-01-21T07:49:22","slug":"schluesselanhaenger-klein-4","status":"publish","type":"product","link":"https:\/\/www.juescha.de\/de_de\/shop\/mika\/schluesselanhaenger-klein-4\/","title":{"rendered":"Schl\u00fcsselanh\u00e4nger klein"},"content":{"rendered":"<h1>Schl\u00fcsselanh\u00e4nger klein mit M\u00fcnzfach und Druckknopf<\/h1>\n<p>Der Schl\u00fcsselanh\u00e4nger ist ein kleiner, gr\u00fcner Anh\u00e4nger, der mit einem Karabiner versehen ist. Das Design ist schlicht und modern und mit einem Durchmesser von ca. 7 cm ist der Anh\u00e4nger leicht und handlich. Damit eignet er sich perfekt zum verstauen von Kleingeld. Durch das hochwertige Sattelleder wird der Anh\u00e4nger zu einem langlebigen Produkt f\u00fcr den allt\u00e4glichen Gebrauch. Insgesamt ist der Schl\u00fcsselanh\u00e4nger klein in gr\u00fcn von Mika ein stilvolles und praktisches Accessoire<\/p>\n","protected":false},"excerpt":{"rendered":"<ul>\n<li>Kleiner Schl\u00fcsselanh\u00e4nger aus gr\u00fcnem Sattelleder<\/li>\n<li>\u00d8 ca. 7 cm, leicht und handlich<\/li>\n<li>Mit M\u00fcnzfach und stabilem Karabiner<\/li>\n<li>Praktisch, langlebig und ideal f\u00fcr den Alltag<\/li>\n<\/ul>\n","protected":false},"featured_media":10952,"template":"","meta":{"inline_featured_image":false},"product_brand":[],"product_cat":[1654],"product_tag":[],"class_list":{"0":"post-27759","1":"product","2":"type-product","3":"status-publish","4":"has-post-thumbnail","6":"product_cat-mika","8":"first","9":"instock","10":"shipping-taxable","11":"purchasable","12":"product-type-simple"},"_links":{"self":[{"href":"https:\/\/www.juescha.de\/de_de\/wp-json\/wp\/v2\/product\/27759","targetHints":{"allow":["GET"]}}],"collection":[{"href":"https:\/\/www.juescha.de\/de_de\/wp-json\/wp\/v2\/product"}],"about":[{"href":"https:\/\/www.juescha.de\/de_de\/wp-json\/wp\/v2\/types\/product"}],"version-history":[{"count":0,"href":"https:\/\/www.juescha.de\/de_de\/wp-json\/wp\/v2\/product\/27759\/revisions"}],"wp:featuredmedia":[{"embeddable":true,"href":"https:\/\/www.juescha.de\/de_de\/wp-json\/wp\/v2\/media\/10952"}],"wp:attachment":[{"href":"https:\/\/www.juescha.de\/de_de\/wp-json\/wp\/v2\/media?parent=27759"}],"wp:term":[{"taxonomy":"product_brand","embeddable":true,"href":"https:\/\/www.juescha.de\/de_de\/wp-json\/wp\/v2\/product_brand?post=27759"},{"taxonomy":"product_cat","embeddable":true,"href":"https:\/\/www.juescha.de\/de_de\/wp-json\/wp\/v2\/product_cat?post=27759"},{"taxonomy":"product_tag","embeddable":true,"href":"https:\/\/www.juescha.de\/de_de\/wp-json\/wp\/v2\/product_tag?post=27759"}],"curies":[{"name":"wp","href":"https:\/\/api.w.org\/{rel}","templated":true}]}}