{"id":27754,"date":"2025-04-28T19:54:04","date_gmt":"2025-04-28T17:54:04","guid":{"rendered":"https:\/\/www.juescha.de\/shop\/unkategorisiert\/mini-schluesselanhaenger-4\/"},"modified":"2026-01-21T08:49:19","modified_gmt":"2026-01-21T07:49:19","slug":"mini-schluesselanhaenger-4","status":"publish","type":"product","link":"https:\/\/www.juescha.de\/de_de\/shop\/mika\/mini-schluesselanhaenger-4\/","title":{"rendered":"Mini Schl\u00fcsselanh\u00e4nger"},"content":{"rendered":"<h1>Mini Schl\u00fcsselanh\u00e4nger mit M\u00fcnzfach und Druckknopf<\/h1>\n<p>Der Mini Schl\u00fcsselanh\u00e4nger in Gr\u00fcn von Mika ist ein praktisches und stilvolles Accessoire, das Ihnen hilft, Ihre M\u00fcnzen organisiert zu halten. Der Anh\u00e4nger ist aus hochwertigem Material gefertigt und hat eine gr\u00fcne Farbe, die ihm einen frischen und modernen Look verleiht. Mit einem Durchmesser von ca. 5 cm passt der Mini Schl\u00fcsselanh\u00e4nger problemlos in Ihre Tasche oder Ihren Geldbeutel und ist daher ideal f\u00fcr unterwegs. Er ist leicht und handlich und kann dank des stabilen Karabiners einfach an Ihrem Schl\u00fcsselbund befestigt werden. Der Mini Schl\u00fcsselanh\u00e4nger von Mika ist ein qualitativ hochwertiges Produkt, dass f\u00fcr den t\u00e4glichen Gebrauch verwendbar ist. Wenn Sie auf der Suche nach einem funktionalen und stilvollen Schl\u00fcsselanh\u00e4nger sind, der Ihr Kleingeld sicher und organisiert h\u00e4lt, dann ist der Mini Schl\u00fcsselanh\u00e4nger in Gr\u00fcn von Mika definitiv eine hervorragende Wahl.<\/p>\n","protected":false},"excerpt":{"rendered":"<ul>\n<li>Aus hochwertigem, robustem Material<\/li>\n<li>Mit Druckknopf-M\u00fcnzfach f\u00fcr Kleingeld<\/li>\n<li>Kompakt: ca. 5 cm Durchmesser<\/li>\n<li>Frischer Look in Gr\u00fcn, ideal f\u00fcr unterwegs<\/li>\n<\/ul>\n","protected":false},"featured_media":10949,"template":"","meta":{"inline_featured_image":false},"product_brand":[],"product_cat":[1654],"product_tag":[],"class_list":{"0":"post-27754","1":"product","2":"type-product","3":"status-publish","4":"has-post-thumbnail","6":"product_cat-mika","8":"first","9":"instock","10":"shipping-taxable","11":"purchasable","12":"product-type-simple"},"_links":{"self":[{"href":"https:\/\/www.juescha.de\/de_de\/wp-json\/wp\/v2\/product\/27754","targetHints":{"allow":["GET"]}}],"collection":[{"href":"https:\/\/www.juescha.de\/de_de\/wp-json\/wp\/v2\/product"}],"about":[{"href":"https:\/\/www.juescha.de\/de_de\/wp-json\/wp\/v2\/types\/product"}],"version-history":[{"count":0,"href":"https:\/\/www.juescha.de\/de_de\/wp-json\/wp\/v2\/product\/27754\/revisions"}],"wp:featuredmedia":[{"embeddable":true,"href":"https:\/\/www.juescha.de\/de_de\/wp-json\/wp\/v2\/media\/10949"}],"wp:attachment":[{"href":"https:\/\/www.juescha.de\/de_de\/wp-json\/wp\/v2\/media?parent=27754"}],"wp:term":[{"taxonomy":"product_brand","embeddable":true,"href":"https:\/\/www.juescha.de\/de_de\/wp-json\/wp\/v2\/product_brand?post=27754"},{"taxonomy":"product_cat","embeddable":true,"href":"https:\/\/www.juescha.de\/de_de\/wp-json\/wp\/v2\/product_cat?post=27754"},{"taxonomy":"product_tag","embeddable":true,"href":"https:\/\/www.juescha.de\/de_de\/wp-json\/wp\/v2\/product_tag?post=27754"}],"curies":[{"name":"wp","href":"https:\/\/api.w.org\/{rel}","templated":true}]}}