{"id":27750,"date":"2025-04-28T19:54:02","date_gmt":"2025-04-28T17:54:02","guid":{"rendered":"https:\/\/www.juescha.de\/shop\/unkategorisiert\/brillenetui-klein-5\/"},"modified":"2026-01-21T08:49:20","modified_gmt":"2026-01-21T07:49:20","slug":"brillenetui-klein-5","status":"publish","type":"product","link":"https:\/\/www.juescha.de\/de_de\/shop\/mika\/brillenetui-klein-5\/","title":{"rendered":"Brillenetui klein"},"content":{"rendered":"<h1>Brillenetui klein <\/h1>\n<p>Das Brillenetui &#8220;klein in blau&#8221; von Mika ist eine stilvolle und praktische L\u00f6sung f\u00fcr die sichere Aufbewahrung Ihrer Brille. Mit seinem kompakten Design und der hellblauen Farbe ist es nicht nur funktional, sondern auch ein modisches Accessoire. Das Etui besteht aus robustem Sattelleder und bietet einen hervorragenden Schutz f\u00fcr Ihre Brille vor Kratzern und Besch\u00e4digungen. Das Innere des Etuis ist mit weichem Stoff ausgekleidet, der zus\u00e4tzlichen Schutz und Polsterung bietet.Das Brillenetui von Mika ist ideal f\u00fcr unterwegs geeignet, da es aufgrund seiner kompakten Gr\u00f6\u00dfe leicht in Taschen oder Handtaschen verstaut werden kann. Es ist auch mit einem praktischen Druckknopfverschluss ausgestattet, der sicherstellt, dass Ihre Brille sicher im Etui bleibt. Es ist eine gro\u00dfartige Wahl f\u00fcr jeden, der nach einem funktionalen und stilvollen Brillenetui sucht.<\/p>\n","protected":false},"excerpt":{"rendered":"<ul>\n<li>Hergestellt aus robustem, hellblauem Sattelleder<\/li>\n<li>Kompakte Gr\u00f6\u00dfe \u2013 ideal f\u00fcr unterwegs<\/li>\n<li>Weiches Innenfutter sch\u00fctzt vor Kratzern<\/li>\n<li>Sicherer Druckknopfverschluss<\/li>\n<\/ul>\n","protected":false},"featured_media":10946,"template":"","meta":{"inline_featured_image":false},"product_brand":[],"product_cat":[1654],"product_tag":[],"class_list":{"0":"post-27750","1":"product","2":"type-product","3":"status-publish","4":"has-post-thumbnail","6":"product_cat-mika","8":"first","9":"instock","10":"shipping-taxable","11":"purchasable","12":"product-type-simple"},"_links":{"self":[{"href":"https:\/\/www.juescha.de\/de_de\/wp-json\/wp\/v2\/product\/27750","targetHints":{"allow":["GET"]}}],"collection":[{"href":"https:\/\/www.juescha.de\/de_de\/wp-json\/wp\/v2\/product"}],"about":[{"href":"https:\/\/www.juescha.de\/de_de\/wp-json\/wp\/v2\/types\/product"}],"version-history":[{"count":0,"href":"https:\/\/www.juescha.de\/de_de\/wp-json\/wp\/v2\/product\/27750\/revisions"}],"wp:featuredmedia":[{"embeddable":true,"href":"https:\/\/www.juescha.de\/de_de\/wp-json\/wp\/v2\/media\/10946"}],"wp:attachment":[{"href":"https:\/\/www.juescha.de\/de_de\/wp-json\/wp\/v2\/media?parent=27750"}],"wp:term":[{"taxonomy":"product_brand","embeddable":true,"href":"https:\/\/www.juescha.de\/de_de\/wp-json\/wp\/v2\/product_brand?post=27750"},{"taxonomy":"product_cat","embeddable":true,"href":"https:\/\/www.juescha.de\/de_de\/wp-json\/wp\/v2\/product_cat?post=27750"},{"taxonomy":"product_tag","embeddable":true,"href":"https:\/\/www.juescha.de\/de_de\/wp-json\/wp\/v2\/product_tag?post=27750"}],"curies":[{"name":"wp","href":"https:\/\/api.w.org\/{rel}","templated":true}]}}