{"id":27749,"date":"2025-04-28T19:54:02","date_gmt":"2025-04-28T17:54:02","guid":{"rendered":"https:\/\/www.juescha.de\/shop\/unkategorisiert\/brillenetui-klein-4\/"},"modified":"2026-01-21T08:49:21","modified_gmt":"2026-01-21T07:49:21","slug":"brillenetui-klein-4","status":"publish","type":"product","link":"https:\/\/www.juescha.de\/de_de\/shop\/mika\/brillenetui-klein-4\/","title":{"rendered":"Brillenetui klein"},"content":{"rendered":"<h1>Brillenetui klein <\/h1>\n<p>Das Brillenetui klein in gr\u00fcn von Mika ist ein stilvolles und praktisches Accessoire f\u00fcr alle Brillentr\u00e4ger. Es besteht aus hochwertigem Sattelleder und bietet einen optimalen Schutz f\u00fcr die Brille vor Kratzern, St\u00f6\u00dfen und Schmutz. Das Etui hat eine kompakte Gr\u00f6\u00dfe, die es leicht macht, es in der Handtasche oder im Rucksack zu verstauen. Es hat eine glatte Oberfl\u00e4che und ein attraktives gr\u00fcnes Farbdesign, das f\u00fcr einen modernen und frischen Look sorgt. Das Etui verf\u00fcgt \u00fcber einen Druckknopfverschluss, der ein versehentliches \u00d6ffnen des Etuis verhindert. Es hat auch eine weiche Innenpolsterung, die die Brille vor Kratzern und Besch\u00e4digungen sch\u00fctzt. Das Mika Brillenetui ist eine perfekte Geschenkidee f\u00fcr alle, die ihre Brille stilvoll und sicher aufbewahren m\u00f6chten.<\/p>\n","protected":false},"excerpt":{"rendered":"<ul>\n<li>Aus robustem, gr\u00fcnem Sattelleder<\/li>\n<li>Kompakt und ideal f\u00fcr unterwegs<\/li>\n<li>Weiches Innenfutter sch\u00fctzt vor Kratzern<\/li>\n<li>Sicherer Druckknopfverschluss<\/li>\n<\/ul>\n","protected":false},"featured_media":10946,"template":"","meta":{"inline_featured_image":false},"product_brand":[],"product_cat":[1654],"product_tag":[],"class_list":{"0":"post-27749","1":"product","2":"type-product","3":"status-publish","4":"has-post-thumbnail","6":"product_cat-mika","8":"first","9":"instock","10":"shipping-taxable","11":"purchasable","12":"product-type-simple"},"_links":{"self":[{"href":"https:\/\/www.juescha.de\/de_de\/wp-json\/wp\/v2\/product\/27749","targetHints":{"allow":["GET"]}}],"collection":[{"href":"https:\/\/www.juescha.de\/de_de\/wp-json\/wp\/v2\/product"}],"about":[{"href":"https:\/\/www.juescha.de\/de_de\/wp-json\/wp\/v2\/types\/product"}],"version-history":[{"count":0,"href":"https:\/\/www.juescha.de\/de_de\/wp-json\/wp\/v2\/product\/27749\/revisions"}],"wp:featuredmedia":[{"embeddable":true,"href":"https:\/\/www.juescha.de\/de_de\/wp-json\/wp\/v2\/media\/10946"}],"wp:attachment":[{"href":"https:\/\/www.juescha.de\/de_de\/wp-json\/wp\/v2\/media?parent=27749"}],"wp:term":[{"taxonomy":"product_brand","embeddable":true,"href":"https:\/\/www.juescha.de\/de_de\/wp-json\/wp\/v2\/product_brand?post=27749"},{"taxonomy":"product_cat","embeddable":true,"href":"https:\/\/www.juescha.de\/de_de\/wp-json\/wp\/v2\/product_cat?post=27749"},{"taxonomy":"product_tag","embeddable":true,"href":"https:\/\/www.juescha.de\/de_de\/wp-json\/wp\/v2\/product_tag?post=27749"}],"curies":[{"name":"wp","href":"https:\/\/api.w.org\/{rel}","templated":true}]}}