{"id":27748,"date":"2025-04-28T19:54:02","date_gmt":"2025-04-28T17:54:02","guid":{"rendered":"https:\/\/www.juescha.de\/shop\/unkategorisiert\/brillenetui-klein-3\/"},"modified":"2026-01-21T08:49:21","modified_gmt":"2026-01-21T07:49:21","slug":"brillenetui-klein-3","status":"publish","type":"product","link":"https:\/\/www.juescha.de\/de_de\/shop\/mika\/brillenetui-klein-3\/","title":{"rendered":"Brillenetui klein"},"content":{"rendered":"<h1>Brillenetui klein <\/h1>\n<p>Das Brillenetui klein in rot von Mika ist ein praktisches Accessoire f\u00fcr alle Brillentr\u00e4ger, die ihre Brille sicher und stilvoll aufbewahren m\u00f6chten. Das Etui ist aus hochwertigem, robustem Sattelleder gefertigt und in einem leuchtenden Rot gehalten, das sofort ins Auge f\u00e4llt. Das Etui ist perfekt f\u00fcr kleinere Brillen geeignet und bietet ausreichend Platz, um Ihre Brille sicher aufzubewahren und vor Kratzern und anderen Besch\u00e4digungen zu sch\u00fctzen. Dank seiner kompakten Gr\u00f6\u00dfe passt es problemlos in jede Handtasche oder Hosentasche und kann so immer und \u00fcberall mitgenommen werden. Das Brillenetui ist mit einem praktischen Druckknopfverschluss ausgestattet, der das \u00d6ffnen und Schlie\u00dfen des Etuis einfach und bequem macht. Das Innenfutter des Etuis ist weich und sch\u00fctzend und verhindert, dass Ihre Brille besch\u00e4digt wird. Das Brillenetui von Mika ist ein hochwertiges und stilvolles Accessoire, dass die Brille stilvoll und sicher sch\u00fctzt.<\/p>\n","protected":false},"excerpt":{"rendered":"<ul>\n<li>Kompakt und aus robustem, rotem Leder<\/li>\n<li>Weiches Futter sch\u00fctzt vor Kratzern<\/li>\n<li>Sicherer Druckknopfverschluss<\/li>\n<li>Ideal f\u00fcr kleine Brillen<\/li>\n<\/ul>\n","protected":false},"featured_media":10946,"template":"","meta":{"inline_featured_image":false},"product_brand":[],"product_cat":[1654],"product_tag":[],"class_list":{"0":"post-27748","1":"product","2":"type-product","3":"status-publish","4":"has-post-thumbnail","6":"product_cat-mika","8":"first","9":"instock","10":"shipping-taxable","11":"purchasable","12":"product-type-simple"},"_links":{"self":[{"href":"https:\/\/www.juescha.de\/de_de\/wp-json\/wp\/v2\/product\/27748","targetHints":{"allow":["GET"]}}],"collection":[{"href":"https:\/\/www.juescha.de\/de_de\/wp-json\/wp\/v2\/product"}],"about":[{"href":"https:\/\/www.juescha.de\/de_de\/wp-json\/wp\/v2\/types\/product"}],"version-history":[{"count":0,"href":"https:\/\/www.juescha.de\/de_de\/wp-json\/wp\/v2\/product\/27748\/revisions"}],"wp:featuredmedia":[{"embeddable":true,"href":"https:\/\/www.juescha.de\/de_de\/wp-json\/wp\/v2\/media\/10946"}],"wp:attachment":[{"href":"https:\/\/www.juescha.de\/de_de\/wp-json\/wp\/v2\/media?parent=27748"}],"wp:term":[{"taxonomy":"product_brand","embeddable":true,"href":"https:\/\/www.juescha.de\/de_de\/wp-json\/wp\/v2\/product_brand?post=27748"},{"taxonomy":"product_cat","embeddable":true,"href":"https:\/\/www.juescha.de\/de_de\/wp-json\/wp\/v2\/product_cat?post=27748"},{"taxonomy":"product_tag","embeddable":true,"href":"https:\/\/www.juescha.de\/de_de\/wp-json\/wp\/v2\/product_tag?post=27748"}],"curies":[{"name":"wp","href":"https:\/\/api.w.org\/{rel}","templated":true}]}}