{"id":27747,"date":"2025-04-28T19:54:01","date_gmt":"2025-04-28T17:54:01","guid":{"rendered":"https:\/\/www.juescha.de\/shop\/unkategorisiert\/brillenetui-klein-2\/"},"modified":"2026-01-21T08:49:21","modified_gmt":"2026-01-21T07:49:21","slug":"brillenetui-klein-2","status":"publish","type":"product","link":"https:\/\/www.juescha.de\/de_de\/shop\/mika\/brillenetui-klein-2\/","title":{"rendered":"Brillenetui klein"},"content":{"rendered":"<h1>Brillenetui klein <\/h1>\n<p>Das Brillenetui klein in braun von Mika ist ein stilvolles Accessoire, das Ihre Brille optimal sch\u00fctzt und gleichzeitig gut aussieht. Die kompakte Gr\u00f6\u00dfe passt perfekt in jede Tasche, so dass Sie Ihre Brille immer griffbereit haben. Das Etui besteht aus hochwertigem Sattelleder und ist handgefertigt. Das Material ist robust und widerstandsf\u00e4hig gegen\u00fcber St\u00f6\u00dfen und Kratzern. Es bietet Ihrer Brille einen sicheren Schutz vor Besch\u00e4digungen und Staub. Das Innere des Etuis ist mit einem weichen Stoff ausgekleidet, der Ihre Brille vor Kratzern und Schmutz sch\u00fctzt. Der praktische Druckknopfverschluss sorgt daf\u00fcr, dass Sie Ihre Brille schnell und einfach einlegen und entnehmen k\u00f6nnen. Das Mika Brillenetui in braun ist ein stilvolles und praktisches Accessoire, das sowohl M\u00e4nner als auch Frauen begeistert.<\/p>\n","protected":false},"excerpt":{"rendered":"<ul>\n<li>Kompaktes Brillenetui aus braunem Sattelleder<\/li>\n<li>Weiches Innenfutter sch\u00fctzt vor Kratzern<\/li>\n<li>Robust, handgefertigt und ideal f\u00fcr unterwegs<\/li>\n<li>Mit praktischem Druckknopfverschluss<\/li>\n<\/ul>\n","protected":false},"featured_media":10946,"template":"","meta":{"inline_featured_image":false},"product_brand":[],"product_cat":[1654],"product_tag":[],"class_list":{"0":"post-27747","1":"product","2":"type-product","3":"status-publish","4":"has-post-thumbnail","6":"product_cat-mika","8":"first","9":"instock","10":"shipping-taxable","11":"purchasable","12":"product-type-simple"},"_links":{"self":[{"href":"https:\/\/www.juescha.de\/de_de\/wp-json\/wp\/v2\/product\/27747","targetHints":{"allow":["GET"]}}],"collection":[{"href":"https:\/\/www.juescha.de\/de_de\/wp-json\/wp\/v2\/product"}],"about":[{"href":"https:\/\/www.juescha.de\/de_de\/wp-json\/wp\/v2\/types\/product"}],"version-history":[{"count":0,"href":"https:\/\/www.juescha.de\/de_de\/wp-json\/wp\/v2\/product\/27747\/revisions"}],"wp:featuredmedia":[{"embeddable":true,"href":"https:\/\/www.juescha.de\/de_de\/wp-json\/wp\/v2\/media\/10946"}],"wp:attachment":[{"href":"https:\/\/www.juescha.de\/de_de\/wp-json\/wp\/v2\/media?parent=27747"}],"wp:term":[{"taxonomy":"product_brand","embeddable":true,"href":"https:\/\/www.juescha.de\/de_de\/wp-json\/wp\/v2\/product_brand?post=27747"},{"taxonomy":"product_cat","embeddable":true,"href":"https:\/\/www.juescha.de\/de_de\/wp-json\/wp\/v2\/product_cat?post=27747"},{"taxonomy":"product_tag","embeddable":true,"href":"https:\/\/www.juescha.de\/de_de\/wp-json\/wp\/v2\/product_tag?post=27747"}],"curies":[{"name":"wp","href":"https:\/\/api.w.org\/{rel}","templated":true}]}}