{"id":27746,"date":"2025-04-28T19:54:01","date_gmt":"2025-04-28T17:54:01","guid":{"rendered":"https:\/\/www.juescha.de\/shop\/unkategorisiert\/brillenetui-gross-5\/"},"modified":"2026-01-21T08:49:22","modified_gmt":"2026-01-21T07:49:22","slug":"brillenetui-gross-5","status":"publish","type":"product","link":"https:\/\/www.juescha.de\/de_de\/shop\/mika\/brillenetui-gross-5\/","title":{"rendered":"Brillenetui gro\u00df"},"content":{"rendered":"<h1>Brillenetui gro\u00df <\/h1>\n<p>Das Brillenetui gro\u00df in Blau von Mika ist ein hochwertiges und stilvolles Accessoire, das Ihre Brille optimal sch\u00fctzt. Das Etui ist aus strapazierf\u00e4higem Sattelleder gefertigt und in einem kr\u00e4ftigen Blauton gehalten, der Ihrem Look eine frische Note verleiht. Das Etui ist gro\u00df genug, um die meisten Brillenmodelle aufzunehmen und bietet einen sicheren Aufbewahrungsort f\u00fcr Ihre Brille, um Kratzer oder andere Besch\u00e4digungen zu vermeiden. Der robuste Druckknopverschluss sorgt daf\u00fcr, dass das Etui fest verschlossen bleibt und Ihre Brille sicher gesch\u00fctzt ist. Das Design des Brillenetuis ist minimalistisch und dennoch ansprechend. Es ist ein perfektes Accessoire f\u00fcr jeden, der eine stilvolle und funktionale M\u00f6glichkeit sucht, seine Brille aufzubewahren und zu transportieren. Es ist eine ideale Wahl f\u00fcr jeden, der nach einem langlebigen und hochwertigen Brillenetui sucht, das zugleich modisch und funktional ist.<\/p>\n","protected":false},"excerpt":{"rendered":"<ul>\n<li>Gro\u00dfes Brillenetui aus robustem, blauem Sattelleder<\/li>\n<li>Sch\u00fctzt zuverl\u00e4ssig vor Kratzern und St\u00f6\u00dfen<\/li>\n<li>Sicherer Druckknopfverschluss<\/li>\n<li>Stilvolles, minimalistisches Design<\/li>\n<\/ul>\n","protected":false},"featured_media":10943,"template":"","meta":{"inline_featured_image":false},"product_brand":[],"product_cat":[1654],"product_tag":[],"class_list":{"0":"post-27746","1":"product","2":"type-product","3":"status-publish","4":"has-post-thumbnail","6":"product_cat-mika","8":"first","9":"instock","10":"shipping-taxable","11":"purchasable","12":"product-type-simple"},"_links":{"self":[{"href":"https:\/\/www.juescha.de\/de_de\/wp-json\/wp\/v2\/product\/27746","targetHints":{"allow":["GET"]}}],"collection":[{"href":"https:\/\/www.juescha.de\/de_de\/wp-json\/wp\/v2\/product"}],"about":[{"href":"https:\/\/www.juescha.de\/de_de\/wp-json\/wp\/v2\/types\/product"}],"version-history":[{"count":0,"href":"https:\/\/www.juescha.de\/de_de\/wp-json\/wp\/v2\/product\/27746\/revisions"}],"wp:featuredmedia":[{"embeddable":true,"href":"https:\/\/www.juescha.de\/de_de\/wp-json\/wp\/v2\/media\/10943"}],"wp:attachment":[{"href":"https:\/\/www.juescha.de\/de_de\/wp-json\/wp\/v2\/media?parent=27746"}],"wp:term":[{"taxonomy":"product_brand","embeddable":true,"href":"https:\/\/www.juescha.de\/de_de\/wp-json\/wp\/v2\/product_brand?post=27746"},{"taxonomy":"product_cat","embeddable":true,"href":"https:\/\/www.juescha.de\/de_de\/wp-json\/wp\/v2\/product_cat?post=27746"},{"taxonomy":"product_tag","embeddable":true,"href":"https:\/\/www.juescha.de\/de_de\/wp-json\/wp\/v2\/product_tag?post=27746"}],"curies":[{"name":"wp","href":"https:\/\/api.w.org\/{rel}","templated":true}]}}