{"id":27744,"date":"2025-04-28T19:54:01","date_gmt":"2025-04-28T17:54:01","guid":{"rendered":"https:\/\/www.juescha.de\/shop\/unkategorisiert\/brillenetui-gross-3\/"},"modified":"2026-01-21T08:49:22","modified_gmt":"2026-01-21T07:49:22","slug":"brillenetui-gross-3","status":"publish","type":"product","link":"https:\/\/www.juescha.de\/de_de\/shop\/mika\/brillenetui-gross-3\/","title":{"rendered":"Brillenetui gro\u00df"},"content":{"rendered":"<h1>Brillenetui gro\u00df <\/h1>\n<p>Das Brillenetui &#8220;Mika&#8221; in der Farbe Rot ist ein stilvolles Accessoire f\u00fcr Brillentr\u00e4ger. Es bietet ausreichend Platz f\u00fcr eine gro\u00dfe Brille und sch\u00fctzt diese vor Kratzern, St\u00f6\u00dfen und Staub. Das Etui ist aus hochwertigem Sattelleder gefertigt und verf\u00fcgt \u00fcber eine weiche Innenpolsterung, die eine schonende Aufbewahrung der Brille gew\u00e4hrleistet. Das Design des Etuis ist schlicht und elegant. Die Oberfl\u00e4che des Sattelleders hat eine dezente Maserung und ist in einem kr\u00e4ftigen Rotton gehalten. Das Etui wird mit einem Druckknopverschluss ge\u00f6ffnet und geschlossen, der eine sichere Aufbewahrung garantiert. Das Brillenetui ist sehr robust und langlebig und eignet sich perfekt f\u00fcr den t\u00e4glichen Gebrauch. Es kann auch als Reiseetui verwendet werden, da es durch seine Gr\u00f6\u00dfe und die robuste Au\u00dfenh\u00fclle einen optimalen Schutz f\u00fcr die Brille bietet.<\/p>\n","protected":false},"excerpt":{"rendered":"<ul>\n<li>Elegantes Etui aus rotem Sattelleder<\/li>\n<li>Geeignet f\u00fcr gro\u00dfe Brillen<\/li>\n<li>Weiche Innenpolsterung sch\u00fctzt vor Kratzern<\/li>\n<li>Robust mit sicherem Druckknopfverschluss<\/li>\n<\/ul>\n","protected":false},"featured_media":10943,"template":"","meta":{"inline_featured_image":false},"product_brand":[],"product_cat":[1654],"product_tag":[],"class_list":{"0":"post-27744","1":"product","2":"type-product","3":"status-publish","4":"has-post-thumbnail","6":"product_cat-mika","8":"first","9":"instock","10":"shipping-taxable","11":"purchasable","12":"product-type-simple"},"_links":{"self":[{"href":"https:\/\/www.juescha.de\/de_de\/wp-json\/wp\/v2\/product\/27744","targetHints":{"allow":["GET"]}}],"collection":[{"href":"https:\/\/www.juescha.de\/de_de\/wp-json\/wp\/v2\/product"}],"about":[{"href":"https:\/\/www.juescha.de\/de_de\/wp-json\/wp\/v2\/types\/product"}],"version-history":[{"count":0,"href":"https:\/\/www.juescha.de\/de_de\/wp-json\/wp\/v2\/product\/27744\/revisions"}],"wp:featuredmedia":[{"embeddable":true,"href":"https:\/\/www.juescha.de\/de_de\/wp-json\/wp\/v2\/media\/10943"}],"wp:attachment":[{"href":"https:\/\/www.juescha.de\/de_de\/wp-json\/wp\/v2\/media?parent=27744"}],"wp:term":[{"taxonomy":"product_brand","embeddable":true,"href":"https:\/\/www.juescha.de\/de_de\/wp-json\/wp\/v2\/product_brand?post=27744"},{"taxonomy":"product_cat","embeddable":true,"href":"https:\/\/www.juescha.de\/de_de\/wp-json\/wp\/v2\/product_cat?post=27744"},{"taxonomy":"product_tag","embeddable":true,"href":"https:\/\/www.juescha.de\/de_de\/wp-json\/wp\/v2\/product_tag?post=27744"}],"curies":[{"name":"wp","href":"https:\/\/api.w.org\/{rel}","templated":true}]}}