{"id":27743,"date":"2025-04-28T19:54:01","date_gmt":"2025-04-28T17:54:01","guid":{"rendered":"https:\/\/www.juescha.de\/shop\/unkategorisiert\/brillenetui-gross-2\/"},"modified":"2026-01-21T08:49:22","modified_gmt":"2026-01-21T07:49:22","slug":"brillenetui-gross-2","status":"publish","type":"product","link":"https:\/\/www.juescha.de\/de_de\/shop\/mika\/brillenetui-gross-2\/","title":{"rendered":"Brillenetui gro\u00df"},"content":{"rendered":"<h1>Brillenetui gro\u00df <\/h1>\n<p>Das Brillenetui von Mika ist ein stilvolles Accessoire zum Aufbewahren Ihrer Brille. Es ist aus hochwertigem Sattelleder gefertigt und hat eine braune Farbe, die dem Etui ein elegantes Aussehen verleiht. Das Etui ist ger\u00e4umig genug, um die meisten Brillenmodelle aufzunehmen und sch\u00fctzt diese zuverl\u00e4ssig vor Kratzern und Besch\u00e4digungen. Die Innenseite des Etuis bietet zus\u00e4tzlichen Schutz und bewahrt die Brille vor Schmutz und Staub. Das Brillenetui von Mika verf\u00fcgt \u00fcber einen praktischen Druckknopfverschluss, der einfach zu \u00f6ffnen und zu schlie\u00dfen ist. Dar\u00fcber hinaus ist das Etui leicht und handlich, so dass Sie es problemlos in Ihrer Tasche oder Ihrem Rucksack transportieren k\u00f6nnen. Insgesamt ist das Brillenetui gro\u00df in braun von Mika eine stilvolle und praktische L\u00f6sung f\u00fcr die sichere Aufbewahrung Ihrer Brille.<\/p>\n","protected":false},"excerpt":{"rendered":"<ul>\n<li>Gro\u00dfes Etui aus Sattelleder<\/li>\n<li>F\u00fcr breite Brillen geeignet<\/li>\n<li>Sch\u00fctzt vor Kratzern &#038; Staub<\/li>\n<li>Mit praktischem Druckknopf<\/li>\n<\/ul>\n","protected":false},"featured_media":10943,"template":"","meta":{"inline_featured_image":false},"product_brand":[],"product_cat":[1654],"product_tag":[],"class_list":{"0":"post-27743","1":"product","2":"type-product","3":"status-publish","4":"has-post-thumbnail","6":"product_cat-mika","8":"first","9":"instock","10":"shipping-taxable","11":"purchasable","12":"product-type-simple"},"_links":{"self":[{"href":"https:\/\/www.juescha.de\/de_de\/wp-json\/wp\/v2\/product\/27743","targetHints":{"allow":["GET"]}}],"collection":[{"href":"https:\/\/www.juescha.de\/de_de\/wp-json\/wp\/v2\/product"}],"about":[{"href":"https:\/\/www.juescha.de\/de_de\/wp-json\/wp\/v2\/types\/product"}],"version-history":[{"count":0,"href":"https:\/\/www.juescha.de\/de_de\/wp-json\/wp\/v2\/product\/27743\/revisions"}],"wp:featuredmedia":[{"embeddable":true,"href":"https:\/\/www.juescha.de\/de_de\/wp-json\/wp\/v2\/media\/10943"}],"wp:attachment":[{"href":"https:\/\/www.juescha.de\/de_de\/wp-json\/wp\/v2\/media?parent=27743"}],"wp:term":[{"taxonomy":"product_brand","embeddable":true,"href":"https:\/\/www.juescha.de\/de_de\/wp-json\/wp\/v2\/product_brand?post=27743"},{"taxonomy":"product_cat","embeddable":true,"href":"https:\/\/www.juescha.de\/de_de\/wp-json\/wp\/v2\/product_cat?post=27743"},{"taxonomy":"product_tag","embeddable":true,"href":"https:\/\/www.juescha.de\/de_de\/wp-json\/wp\/v2\/product_tag?post=27743"}],"curies":[{"name":"wp","href":"https:\/\/api.w.org\/{rel}","templated":true}]}}