{"id":27742,"date":"2025-04-28T19:54:00","date_gmt":"2025-04-28T17:54:00","guid":{"rendered":"https:\/\/www.juescha.de\/shop\/unkategorisiert\/brillenetui-klein\/"},"modified":"2026-01-21T08:49:22","modified_gmt":"2026-01-21T07:49:22","slug":"brillenetui-klein","status":"publish","type":"product","link":"https:\/\/www.juescha.de\/de_de\/shop\/mika\/brillenetui-klein\/","title":{"rendered":"Brillenetui klein"},"content":{"rendered":"<h1>Brillenetui klein<\/h1>\n<p>Das Brillenetui klein von Mika ist ein praktisches Accessoire f\u00fcr Ihre Brille. Mit der praktischen Gr\u00f6\u00dfe von ca. 16 x 3 x 8 cm bietet es gen\u00fcgend Platz f\u00fcr Ihre Brille jedoch ist diese kompakte Gr\u00f6\u00dfe ideal um das Brillenetui sicher und platzsparend zu verstauen. Das Brillenetui ist aus hochwertigem Sattelleder gefertigt, was dem Brillenetui eine luxuri\u00f6se Optik verleiht. Es eignet sich sowohl f\u00fcr den gesch\u00e4ftlichen als auch privaten Gebrauch.<\/p>\n","protected":false},"excerpt":{"rendered":"<ul>\n<li>Kompaktes Brillenetui aus edlem Sattelleder<\/li>\n<li>Ideal f\u00fcr schmale Brillenmodelle<\/li>\n<li>Ma\u00dfe: ca. 16 x 3 x 8 cm \u2013 passt in jede Tasche<\/li>\n<li>Praktisch f\u00fcr Alltag, B\u00fcro oder Reisen<\/li>\n<\/ul>\n","protected":false},"featured_media":10940,"template":"","meta":{"inline_featured_image":false},"product_brand":[],"product_cat":[1654],"product_tag":[],"class_list":{"0":"post-27742","1":"product","2":"type-product","3":"status-publish","4":"has-post-thumbnail","6":"product_cat-mika","8":"first","9":"instock","10":"shipping-taxable","11":"purchasable","12":"product-type-simple"},"_links":{"self":[{"href":"https:\/\/www.juescha.de\/de_de\/wp-json\/wp\/v2\/product\/27742","targetHints":{"allow":["GET"]}}],"collection":[{"href":"https:\/\/www.juescha.de\/de_de\/wp-json\/wp\/v2\/product"}],"about":[{"href":"https:\/\/www.juescha.de\/de_de\/wp-json\/wp\/v2\/types\/product"}],"version-history":[{"count":0,"href":"https:\/\/www.juescha.de\/de_de\/wp-json\/wp\/v2\/product\/27742\/revisions"}],"wp:featuredmedia":[{"embeddable":true,"href":"https:\/\/www.juescha.de\/de_de\/wp-json\/wp\/v2\/media\/10940"}],"wp:attachment":[{"href":"https:\/\/www.juescha.de\/de_de\/wp-json\/wp\/v2\/media?parent=27742"}],"wp:term":[{"taxonomy":"product_brand","embeddable":true,"href":"https:\/\/www.juescha.de\/de_de\/wp-json\/wp\/v2\/product_brand?post=27742"},{"taxonomy":"product_cat","embeddable":true,"href":"https:\/\/www.juescha.de\/de_de\/wp-json\/wp\/v2\/product_cat?post=27742"},{"taxonomy":"product_tag","embeddable":true,"href":"https:\/\/www.juescha.de\/de_de\/wp-json\/wp\/v2\/product_tag?post=27742"}],"curies":[{"name":"wp","href":"https:\/\/api.w.org\/{rel}","templated":true}]}}