{"id":27741,"date":"2025-04-28T19:54:00","date_gmt":"2025-04-28T17:54:00","guid":{"rendered":"https:\/\/www.juescha.de\/shop\/unkategorisiert\/brillenetui-gross\/"},"modified":"2026-01-21T08:49:19","modified_gmt":"2026-01-21T07:49:19","slug":"brillenetui-gross","status":"publish","type":"product","link":"https:\/\/www.juescha.de\/de_de\/shop\/mika\/brillenetui-gross\/","title":{"rendered":"Brillenetui gro\u00df"},"content":{"rendered":"<h1>Brillenetui gro\u00df <\/h1>\n<p>Das Brillenetui von Mika ist ein elegantes und praktisches Accessoire f\u00fcr Ihre Brille. Es besteht aus hochwertigem, braunem Sattelleder, das eine luxuri\u00f6se Optik bietet. Das Etui hat eine Gr\u00f6\u00dfe von ca. 18 x 4 x 8 cm und ist somit  gro\u00df genug, um verschiedene Arten von Brillen aufzunehmen, wie z.B. Lesebrillen, Sonnenbrillen oder Sportbrillen. Das Brillenetui von Mika ist ein stilvolles Accessoire, das nicht nur Ihre Brille sch\u00fctzt, sondern auch ein modisches Statement setzt. Es eignet sich ideal als Geschenk f\u00fcr Freunde und Familie, die Brillentr\u00e4ger sind.<\/p>\n","protected":false},"excerpt":{"rendered":"<ul>\n<li>Gro\u00dfes Brillenetui aus hochwertigem Sattelleder<\/li>\n<li>Geeignet f\u00fcr Lese-, Sonnen- und Sportbrillen<\/li>\n<li>Gr\u00f6\u00dfe ca. 18 x 4 x 8 cm<\/li>\n<li>Edles Design \u2013 sch\u00fctzt und sieht gut aus<\/li>\n<\/ul>\n","protected":false},"featured_media":10937,"template":"","meta":{"inline_featured_image":false},"product_brand":[],"product_cat":[1654],"product_tag":[],"class_list":{"0":"post-27741","1":"product","2":"type-product","3":"status-publish","4":"has-post-thumbnail","6":"product_cat-mika","8":"first","9":"instock","10":"shipping-taxable","11":"purchasable","12":"product-type-simple"},"_links":{"self":[{"href":"https:\/\/www.juescha.de\/de_de\/wp-json\/wp\/v2\/product\/27741","targetHints":{"allow":["GET"]}}],"collection":[{"href":"https:\/\/www.juescha.de\/de_de\/wp-json\/wp\/v2\/product"}],"about":[{"href":"https:\/\/www.juescha.de\/de_de\/wp-json\/wp\/v2\/types\/product"}],"version-history":[{"count":0,"href":"https:\/\/www.juescha.de\/de_de\/wp-json\/wp\/v2\/product\/27741\/revisions"}],"wp:featuredmedia":[{"embeddable":true,"href":"https:\/\/www.juescha.de\/de_de\/wp-json\/wp\/v2\/media\/10937"}],"wp:attachment":[{"href":"https:\/\/www.juescha.de\/de_de\/wp-json\/wp\/v2\/media?parent=27741"}],"wp:term":[{"taxonomy":"product_brand","embeddable":true,"href":"https:\/\/www.juescha.de\/de_de\/wp-json\/wp\/v2\/product_brand?post=27741"},{"taxonomy":"product_cat","embeddable":true,"href":"https:\/\/www.juescha.de\/de_de\/wp-json\/wp\/v2\/product_cat?post=27741"},{"taxonomy":"product_tag","embeddable":true,"href":"https:\/\/www.juescha.de\/de_de\/wp-json\/wp\/v2\/product_tag?post=27741"}],"curies":[{"name":"wp","href":"https:\/\/api.w.org\/{rel}","templated":true}]}}