{"id":27740,"date":"2025-04-28T19:54:00","date_gmt":"2025-04-28T17:54:00","guid":{"rendered":"https:\/\/www.juescha.de\/shop\/unkategorisiert\/mini-geldboerse-3\/"},"modified":"2026-01-21T08:49:25","modified_gmt":"2026-01-21T07:49:25","slug":"mini-geldboerse-3","status":"publish","type":"product","link":"https:\/\/www.juescha.de\/de_de\/shop\/mika\/mini-geldboerse-3\/","title":{"rendered":"Mini Geldb\u00f6rse"},"content":{"rendered":"<h1>Mini Geldb\u00f6rse <\/h1>\n<p> Querformat, sechs Einsteckf\u00e4cher, eine G\u00fcrtelschlaufe<br \/>\nEine Mini Geldb\u00f6rse im Querformat ist eine kleine, kompakte Brieftasche, die in eine Hosentasche oder eine Handtasche passt. Die Farbe Braun ist eine h\u00e4ufig gew\u00e4hlte Farbe f\u00fcr Geldb\u00f6rsen, da sie vielseitig und zeitlos ist. Die Geldb\u00f6rse verf\u00fcgt \u00fcber sechs Einsteckf\u00e4cher f\u00fcr Geldscheine und Ausweise. Die B\u00f6rse wird mit einer G\u00fcrtelschalufe geschlossen und verhindert ein Herausfallen des Inhalts. Die Mini Geldb\u00f6rse von Mika ist aus Sattelleder gefertigt sein und  weist eine dezente Pr\u00e4gung auf der Vorderseite auf. Insgesamt ist die B\u00f6rse durch ihr Material langlebig und kann somit \u00fcber einen langen Zeitraum verwendet werden.<\/p>\n","protected":false},"excerpt":{"rendered":"<ul>\n<li>Kompakte Mini-Geldb\u00f6rse im Querformat aus Sattelleder<\/li>\n<li>Sechs Einsteckf\u00e4cher f\u00fcr Scheine und Ausweise<\/li>\n<li>Sichere G\u00fcrtelschlaufe als Verschluss<\/li>\n<li>Zeitloses Design in Braun mit dezenter Pr\u00e4gung<\/li>\n<\/ul>\n","protected":false},"featured_media":10934,"template":"","meta":{"inline_featured_image":false},"product_brand":[],"product_cat":[1654],"product_tag":[],"class_list":{"0":"post-27740","1":"product","2":"type-product","3":"status-publish","4":"has-post-thumbnail","6":"product_cat-mika","8":"first","9":"instock","10":"shipping-taxable","11":"purchasable","12":"product-type-simple"},"_links":{"self":[{"href":"https:\/\/www.juescha.de\/de_de\/wp-json\/wp\/v2\/product\/27740","targetHints":{"allow":["GET"]}}],"collection":[{"href":"https:\/\/www.juescha.de\/de_de\/wp-json\/wp\/v2\/product"}],"about":[{"href":"https:\/\/www.juescha.de\/de_de\/wp-json\/wp\/v2\/types\/product"}],"version-history":[{"count":0,"href":"https:\/\/www.juescha.de\/de_de\/wp-json\/wp\/v2\/product\/27740\/revisions"}],"wp:featuredmedia":[{"embeddable":true,"href":"https:\/\/www.juescha.de\/de_de\/wp-json\/wp\/v2\/media\/10934"}],"wp:attachment":[{"href":"https:\/\/www.juescha.de\/de_de\/wp-json\/wp\/v2\/media?parent=27740"}],"wp:term":[{"taxonomy":"product_brand","embeddable":true,"href":"https:\/\/www.juescha.de\/de_de\/wp-json\/wp\/v2\/product_brand?post=27740"},{"taxonomy":"product_cat","embeddable":true,"href":"https:\/\/www.juescha.de\/de_de\/wp-json\/wp\/v2\/product_cat?post=27740"},{"taxonomy":"product_tag","embeddable":true,"href":"https:\/\/www.juescha.de\/de_de\/wp-json\/wp\/v2\/product_tag?post=27740"}],"curies":[{"name":"wp","href":"https:\/\/api.w.org\/{rel}","templated":true}]}}